{"id":36697,"date":"2022-03-28T16:20:38","date_gmt":"2022-03-28T14:20:38","guid":{"rendered":"https:\/\/www.lovatoelectric.com\/contacts\/addresses\/"},"modified":"2022-10-03T09:33:46","modified_gmt":"2022-10-03T07:33:46","slug":"adresler","status":"publish","type":"page","link":"https:\/\/www.lovatoelectric.com\/tr_tr\/kisiler\/adresler\/","title":{"rendered":"Adresler"},"content":{"rendered":"<div class=\"fusion-fullwidth fullwidth-box fusion-builder-row-1 fusion-flex-container nonhundred-percent-fullwidth non-hundred-percent-height-scrolling\" style=\"--awb-border-radius-top-left:0px;--awb-border-radius-top-right:0px;--awb-border-radius-bottom-right:0px;--awb-border-radius-bottom-left:0px;--awb-padding-top:0px;--awb-padding-bottom:0px;--awb-margin-top:0px;--awb-margin-bottom:0px;--awb-flex-wrap:wrap;\" ><div class=\"fusion-builder-row fusion-row fusion-flex-align-items-flex-start fusion-flex-content-wrap\" style=\"max-width:1320.8px;margin-left: calc(-4% \/ 2 );margin-right: calc(-4% \/ 2 );\"><div class=\"fusion-layout-column fusion_builder_column fusion-builder-column-0 fusion_builder_column_1_1 1_1 fusion-flex-column\" style=\"--awb-padding-top:0px;--awb-padding-bottom:0px;--awb-bg-size:cover;--awb-width-large:100%;--awb-margin-top-large:0px;--awb-spacing-right-large:1.92%;--awb-margin-bottom-large:0px;--awb-spacing-left-large:1.92%;--awb-width-medium:100%;--awb-order-medium:0;--awb-spacing-right-medium:1.92%;--awb-spacing-left-medium:1.92%;--awb-width-small:100%;--awb-order-small:0;--awb-spacing-right-small:1.92%;--awb-spacing-left-small:1.92%;\"><div class=\"fusion-column-wrapper fusion-column-has-shadow fusion-flex-justify-content-flex-start fusion-content-layout-column\"><div class=\"fusion-title title fusion-title-1 fusion-sep-none fusion-title-text fusion-title-size-two\" style=\"--awb-margin-top:0px;--awb-margin-bottom:20px;\"><h2 class=\"fusion-title-heading title-heading-left fusion-responsive-typography-calculated\" style=\"margin:0;--fontSize:44;line-height:1.26;\">Adresler<\/h2><\/div><\/div><\/div><div class=\"fusion-layout-column fusion_builder_column fusion-builder-column-1 fusion_builder_column_1_2 1_2 fusion-flex-column\" style=\"--awb-padding-top:0px;--awb-padding-bottom:0px;--awb-bg-size:cover;--awb-width-large:50%;--awb-margin-top-large:0px;--awb-spacing-right-large:3.84%;--awb-margin-bottom-large:0px;--awb-spacing-left-large:3.84%;--awb-width-medium:100%;--awb-order-medium:0;--awb-spacing-right-medium:1.92%;--awb-spacing-left-medium:1.92%;--awb-width-small:100%;--awb-order-small:0;--awb-spacing-right-small:1.92%;--awb-spacing-left-small:1.92%;\"><div class=\"fusion-column-wrapper fusion-column-has-shadow fusion-flex-justify-content-flex-start fusion-content-layout-column\"><iframe frameborder=\"0\" height=\"400\" scrolling=\"no\" src=\"https:\/\/www.google.com\/maps\/embed?pb=!1m18!1m12!1m3!1d3015.402666184285!2d29.385881980697835!3d40.90691617941249!2m3!1f0!2f0!3f0!3m2!1i1024!2i768!4f13.1!3m3!1m2!1s0x14cad83bddeddddd%3A0x205814ed4ba8e893!2sLovato%20Electric!5e0!3m2!1sit!2sit!4v1653557226685!5m2!1sit!2sitd\" width=\"100%\"><\/iframe><br>\n\t\t\t\t<a href=\"https:\/\/goo.gl\/maps\/gwwA8wPG5Yv917SQA\" style=\"color:#0000FF;text-align:left\" target=\"_blank\">Zoom<\/a>\n\n<\/div><\/div><div class=\"fusion-layout-column fusion_builder_column fusion-builder-column-2 fusion_builder_column_1_2 1_2 fusion-flex-column\" style=\"--awb-bg-blend:overlay;--awb-bg-size:cover;--awb-width-large:50%;--awb-margin-top-large:0px;--awb-spacing-right-large:3.84%;--awb-margin-bottom-large:0px;--awb-spacing-left-large:3.84%;--awb-width-medium:100%;--awb-spacing-right-medium:1.92%;--awb-spacing-left-medium:1.92%;--awb-width-small:100%;--awb-spacing-right-small:1.92%;--awb-spacing-left-small:1.92%;\"><div class=\"fusion-column-wrapper fusion-flex-justify-content-flex-start fusion-content-layout-column\"><div class=\"fusion-text fusion-text-1\" style=\"--awb-text-transform:none;\"><p><strong>Lovato Elektrik San. ve Tic. Ltd. Sti.<\/strong><\/p>\n<\/div><div class=\"fusion-text fusion-text-2\" style=\"--awb-text-transform:none;\"><p>Araylar Sanayi Sitesi No:9A\/36 \u00d6zvatan Caddesi<br \/>\nTepe\u00f6ren Mahallesi 34959, Tuzla, \u0130stanbul T\u00fcrkiye<br \/>\n<a href=\"Tel:+90\">Tel: +90<\/a> 216 499 86 86<br \/>\nFax: +90 216 540 22 84<br \/>\n<a href=\"mailto:info@LovatoElectric.com\">info@LovatoElectric.com.fr<\/a><\/p>\n<\/div><div class=\"fusion-separator\" style=\"align-self: center;margin-left: auto;margin-right: auto;margin-top:40px;margin-bottom:40px;width:100%;max-width:80%;\"><div class=\"fusion-separator-border sep-single sep-solid\" style=\"--awb-height:20px;--awb-amount:20px;border-color:rgba(40,45,51,0.1);border-top-width:1px;\"><\/div><\/div><\/div><\/div><\/div><\/div>\n","protected":false},"excerpt":{"rendered":"","protected":false},"author":16,"featured_media":0,"parent":36568,"menu_order":4,"comment_status":"closed","ping_status":"closed","template":"100-width.php","meta":{"footnotes":""},"aioseo_notices":[],"_links":{"self":[{"href":"https:\/\/www.lovatoelectric.com\/tr_tr\/wp-json\/wp\/v2\/pages\/36697"}],"collection":[{"href":"https:\/\/www.lovatoelectric.com\/tr_tr\/wp-json\/wp\/v2\/pages"}],"about":[{"href":"https:\/\/www.lovatoelectric.com\/tr_tr\/wp-json\/wp\/v2\/types\/page"}],"author":[{"embeddable":true,"href":"https:\/\/www.lovatoelectric.com\/tr_tr\/wp-json\/wp\/v2\/users\/16"}],"replies":[{"embeddable":true,"href":"https:\/\/www.lovatoelectric.com\/tr_tr\/wp-json\/wp\/v2\/comments?post=36697"}],"version-history":[{"count":1,"href":"https:\/\/www.lovatoelectric.com\/tr_tr\/wp-json\/wp\/v2\/pages\/36697\/revisions"}],"predecessor-version":[{"id":58811,"href":"https:\/\/www.lovatoelectric.com\/tr_tr\/wp-json\/wp\/v2\/pages\/36697\/revisions\/58811"}],"up":[{"embeddable":true,"href":"https:\/\/www.lovatoelectric.com\/tr_tr\/wp-json\/wp\/v2\/pages\/36568"}],"wp:attachment":[{"href":"https:\/\/www.lovatoelectric.com\/tr_tr\/wp-json\/wp\/v2\/media?parent=36697"}],"curies":[{"name":"wp","href":"https:\/\/api.w.org\/{rel}","templated":true}]}}