{"id":47524,"date":"2020-01-06T15:46:13","date_gmt":"2020-01-06T14:46:13","guid":{"rendered":"https:\/\/www.lovatoelectric.com\/disclaimer\/"},"modified":"2022-11-09T09:41:46","modified_gmt":"2022-11-09T08:41:46","slug":"zastrzezenia","status":"publish","type":"page","link":"https:\/\/www.lovatoelectric.com\/pl_pl\/zastrzezenia\/","title":{"rendered":"Zastrze\u017cenia"},"content":{"rendered":"<div class=\"fusion-fullwidth fullwidth-box fusion-builder-row-1 fusion-flex-container nonhundred-percent-fullwidth non-hundred-percent-height-scrolling\" style=\"--awb-border-radius-top-left:0px;--awb-border-radius-top-right:0px;--awb-border-radius-bottom-right:0px;--awb-border-radius-bottom-left:0px;--awb-padding-top:0px;--awb-padding-bottom:0px;--awb-margin-top:0px;--awb-margin-bottom:0px;--awb-flex-wrap:wrap;\" ><div class=\"fusion-builder-row fusion-row fusion-flex-align-items-flex-start fusion-flex-content-wrap\" style=\"max-width:1320.8px;margin-left: calc(-4% \/ 2 );margin-right: calc(-4% \/ 2 );\"><div class=\"fusion-layout-column fusion_builder_column fusion-builder-column-0 fusion_builder_column_1_1 1_1 fusion-flex-column\" style=\"--awb-padding-top:0px;--awb-padding-bottom:0px;--awb-bg-size:cover;--awb-width-large:100%;--awb-margin-top-large:0px;--awb-spacing-right-large:1.92%;--awb-margin-bottom-large:0px;--awb-spacing-left-large:1.92%;--awb-width-medium:100%;--awb-order-medium:0;--awb-spacing-right-medium:1.92%;--awb-spacing-left-medium:1.92%;--awb-width-small:100%;--awb-order-small:0;--awb-spacing-right-small:1.92%;--awb-spacing-left-small:1.92%;\"><div class=\"fusion-column-wrapper fusion-column-has-shadow fusion-flex-justify-content-flex-start fusion-content-layout-column\"><div class=\"fusion-title title fusion-title-1 fusion-sep-none fusion-title-text fusion-title-size-two\" style=\"--awb-margin-top:0px;--awb-margin-bottom:20px;\"><h2 class=\"fusion-title-heading title-heading-left fusion-responsive-typography-calculated\" style=\"margin:0;--fontSize:44;line-height:1.26;\">Zastrze\u017cenia<\/h2><\/div><\/div><\/div><div class=\"fusion-layout-column fusion_builder_column fusion-builder-column-1 fusion_builder_column_1_1 1_1 fusion-flex-column\" style=\"--awb-bg-size:cover;--awb-width-large:100%;--awb-margin-top-large:0px;--awb-spacing-right-large:1.92%;--awb-margin-bottom-large:0px;--awb-spacing-left-large:1.92%;--awb-width-medium:100%;--awb-spacing-right-medium:1.92%;--awb-spacing-left-medium:1.92%;--awb-width-small:100%;--awb-spacing-right-small:1.92%;--awb-spacing-left-small:1.92%;\"><div class=\"fusion-column-wrapper fusion-flex-justify-content-flex-start fusion-content-layout-column\"><div class=\"fusion-text fusion-text-1\" style=\"--awb-text-transform:none;\"><p>Zawarte na tej stronie opisy produkt\u00f3w mog\u0105 zosta\u0107 zmienione i ulepszone w dowolnej chwili. Opisy katalogowe oraz szczeg\u00f3\u0142y, tj. dane techniczne i dzia\u0142ania, schematy i rysunki oraz instrukcje, nie maj\u0105 warto\u015bci kontraktowej. Ponadto, w celu unikni\u0119cia szk\u00f3d oraz zagro\u017ce\u0144 zdrowia i \u017cycia, produkty powinny by\u0107 instalowane i u\u017cywane przez wykwalifikowany personel zgodnie ze standardami eksploatacji system\u00f3w elektrycznych.<\/p>\n<\/div><\/div><\/div><\/div><\/div>\n","protected":false},"excerpt":{"rendered":"","protected":false},"author":16,"featured_media":0,"parent":0,"menu_order":0,"comment_status":"closed","ping_status":"closed","template":"100-width.php","meta":{"footnotes":""},"aioseo_notices":[],"_links":{"self":[{"href":"https:\/\/www.lovatoelectric.com\/pl_pl\/wp-json\/wp\/v2\/pages\/47524"}],"collection":[{"href":"https:\/\/www.lovatoelectric.com\/pl_pl\/wp-json\/wp\/v2\/pages"}],"about":[{"href":"https:\/\/www.lovatoelectric.com\/pl_pl\/wp-json\/wp\/v2\/types\/page"}],"author":[{"embeddable":true,"href":"https:\/\/www.lovatoelectric.com\/pl_pl\/wp-json\/wp\/v2\/users\/16"}],"replies":[{"embeddable":true,"href":"https:\/\/www.lovatoelectric.com\/pl_pl\/wp-json\/wp\/v2\/comments?post=47524"}],"version-history":[{"count":3,"href":"https:\/\/www.lovatoelectric.com\/pl_pl\/wp-json\/wp\/v2\/pages\/47524\/revisions"}],"predecessor-version":[{"id":67850,"href":"https:\/\/www.lovatoelectric.com\/pl_pl\/wp-json\/wp\/v2\/pages\/47524\/revisions\/67850"}],"wp:attachment":[{"href":"https:\/\/www.lovatoelectric.com\/pl_pl\/wp-json\/wp\/v2\/media?parent=47524"}],"curies":[{"name":"wp","href":"https:\/\/api.w.org\/{rel}","templated":true}]}}