{"id":36693,"date":"2022-03-28T16:20:38","date_gmt":"2022-03-28T14:20:38","guid":{"rendered":"https:\/\/www.lovatoelectric.com\/contacts\/addresses\/"},"modified":"2024-10-22T15:03:40","modified_gmt":"2024-10-22T13:03:40","slug":"lovato-electric-polska-i-biura-regionalne","status":"publish","type":"page","link":"https:\/\/www.lovatoelectric.com\/pl_pl\/kontakty\/lovato-electric-polska-i-biura-regionalne\/","title":{"rendered":"Lovato Electric Polska i biura regionalne"},"content":{"rendered":"<div class=\"fusion-fullwidth fullwidth-box fusion-builder-row-1 fusion-flex-container nonhundred-percent-fullwidth non-hundred-percent-height-scrolling\" style=\"--awb-border-radius-top-left:0px;--awb-border-radius-top-right:0px;--awb-border-radius-bottom-right:0px;--awb-border-radius-bottom-left:0px;--awb-padding-top:0px;--awb-padding-bottom:0px;--awb-margin-top:0px;--awb-margin-bottom:0px;--awb-flex-wrap:wrap;\" ><div class=\"fusion-builder-row fusion-row fusion-flex-align-items-flex-start fusion-flex-content-wrap\" style=\"max-width:1320.8px;margin-left: calc(-4% \/ 2 );margin-right: calc(-4% \/ 2 );\"><div class=\"fusion-layout-column fusion_builder_column fusion-builder-column-0 fusion_builder_column_1_1 1_1 fusion-flex-column\" style=\"--awb-padding-top:0px;--awb-padding-bottom:0px;--awb-bg-size:cover;--awb-width-large:100%;--awb-margin-top-large:0px;--awb-spacing-right-large:1.92%;--awb-margin-bottom-large:0px;--awb-spacing-left-large:1.92%;--awb-width-medium:100%;--awb-order-medium:0;--awb-spacing-right-medium:1.92%;--awb-spacing-left-medium:1.92%;--awb-width-small:100%;--awb-order-small:0;--awb-spacing-right-small:1.92%;--awb-spacing-left-small:1.92%;\"><div class=\"fusion-column-wrapper fusion-column-has-shadow fusion-flex-justify-content-flex-start fusion-content-layout-column\"><div class=\"fusion-title title fusion-title-1 fusion-sep-none fusion-title-text fusion-title-size-two\" style=\"--awb-margin-top:0px;--awb-margin-bottom:20px;\"><h2 class=\"fusion-title-heading title-heading-left fusion-responsive-typography-calculated\" style=\"margin:0;--fontSize:44;line-height:1.26;\">Adresy<\/h2><\/div><\/div><\/div><div class=\"fusion-layout-column fusion_builder_column fusion-builder-column-1 fusion_builder_column_1_2 1_2 fusion-flex-column\" style=\"--awb-padding-top:0px;--awb-padding-bottom:0px;--awb-bg-size:cover;--awb-width-large:50%;--awb-margin-top-large:0px;--awb-spacing-right-large:3.84%;--awb-margin-bottom-large:0px;--awb-spacing-left-large:3.84%;--awb-width-medium:100%;--awb-order-medium:0;--awb-spacing-right-medium:1.92%;--awb-spacing-left-medium:1.92%;--awb-width-small:100%;--awb-order-small:0;--awb-spacing-right-small:1.92%;--awb-spacing-left-small:1.92%;\"><div class=\"fusion-column-wrapper fusion-column-has-shadow fusion-flex-justify-content-flex-start fusion-content-layout-column\"><iframe frameborder=\"0\" height=\"400\" scrolling=\"no\" src=\"https:\/\/www.google.com\/maps\/embed?pb=!1m14!1m8!1m3!1d5004.030918247666!2d16.7449453!3d51.1635044!3m2!1i1024!2i768!4f13.1!3m3!1m2!1s0x0%3A0x929ecad5252620fa!2sLovato%20Electric%20Sp.%20z%20o.o.!5e0!3m2!1sit!2sit!4v1653548019053!5m2!1sit!2sit\" width=\"100%\"><\/iframe><br>\n\t\t\t\t<a href=\"https:\/\/goo.gl\/maps\/hzYr4JYq15AMW6Tv6\" style=\"color:#0000FF;text-align:left\" target=\"_blank\">Zoom<\/a>\n\n<\/div><\/div><div class=\"fusion-layout-column fusion_builder_column fusion-builder-column-2 fusion_builder_column_1_4 1_4 fusion-flex-column\" style=\"--awb-bg-blend:overlay;--awb-bg-size:cover;--awb-width-large:25%;--awb-margin-top-large:0px;--awb-spacing-right-large:7.68%;--awb-margin-bottom-large:0px;--awb-spacing-left-large:7.68%;--awb-width-medium:100%;--awb-spacing-right-medium:1.92%;--awb-spacing-left-medium:1.92%;--awb-width-small:100%;--awb-spacing-right-small:1.92%;--awb-spacing-left-small:1.92%;\"><div class=\"fusion-column-wrapper fusion-flex-justify-content-flex-start fusion-content-layout-column\"><div class=\"fusion-text fusion-text-1\" style=\"--awb-text-transform:none;\"><p><strong>LOVATO ELECTRIC Sp. z o.o.<\/strong><\/p>\n<\/div><div class=\"fusion-text fusion-text-2\" style=\"--awb-text-transform:none;\"><p>ul. Zachodnia 3<br \/>\n55-330 B\u0142onie k\/Wroc\u0142awia<br \/>\ntel. +48 71 79 79 010<br \/>\nfaks +48 71 79 79 020<br \/>\n<a href=\"mailto:info@LovatoElectric.pl\">info@LovatoElectric.pl<\/a><\/p>\n<p>KRS 0000223099<br \/>\nS\u0105d Rejonowy dla m.<br \/>\nWroc\u0142aw-Fabryczna<br \/>\nVI Wydzia\u0142 Gospodarczy Krajowego Rejestru S\u0105dowego<br \/>\nNIP 8951825431<br \/>\nREGON 933041904<br \/>\nKapita\u0142 zak\u0142adowy 7\u00a0800\u00a0000 z\u0142<\/p>\n<\/div><div class=\"fusion-separator\" style=\"align-self: center;margin-left: auto;margin-right: auto;margin-top:40px;margin-bottom:40px;width:100%;max-width:80%;\"><div class=\"fusion-separator-border sep-single sep-solid\" style=\"--awb-height:20px;--awb-amount:20px;border-color:rgba(40,45,51,0.1);border-top-width:1px;\"><\/div><\/div><\/div><\/div><div class=\"fusion-layout-column fusion_builder_column fusion-builder-column-3 fusion_builder_column_1_4 1_4 fusion-flex-column\" style=\"--awb-bg-blend:overlay;--awb-bg-size:cover;--awb-width-large:25%;--awb-margin-top-large:0px;--awb-spacing-right-large:7.68%;--awb-margin-bottom-large:0px;--awb-spacing-left-large:7.68%;--awb-width-medium:100%;--awb-spacing-right-medium:1.92%;--awb-spacing-left-medium:1.92%;--awb-width-small:100%;--awb-spacing-right-small:1.92%;--awb-spacing-left-small:1.92%;\"><div class=\"fusion-column-wrapper fusion-flex-justify-content-flex-start fusion-content-layout-column\"><div class=\"fusion-text fusion-text-3\" style=\"--awb-text-transform:none;\"><p><b>Biura regionalne:<\/b><\/p>\n<\/div><div class=\"fusion-text fusion-text-4\" style=\"--awb-text-transform:none;\"><p>Biuro Regionalne w Poznaniu<br \/>\nul. \u015aw. Micha\u0142a 100, 61-005 Pozna\u0144<br \/>\ntel. +48 501 464 191<br \/>\n<a href=\"mailto:Poznan@LovatoElectric.pl\">Poznan@LovatoElectric.pl<\/a><\/p>\n<p>Biuro Regionalne w Katowicach<br \/>\nul. D\u0105br\u00f3wki 16 40-081 Katowice tel.\/faks: +48 32 781 08 00<br \/>\n<a href=\"mailto:Katowice@LovatoElectric.pl\">Katowice@LovatoElectric.pl<\/a><\/p>\n<\/div><div class=\"fusion-separator\" style=\"align-self: center;margin-left: auto;margin-right: auto;margin-top:40px;margin-bottom:40px;width:100%;max-width:80%;\"><div class=\"fusion-separator-border sep-single sep-solid\" style=\"--awb-height:20px;--awb-amount:20px;border-color:rgba(40,45,51,0.1);border-top-width:1px;\"><\/div><\/div><\/div><\/div><\/div><\/div>\n","protected":false},"excerpt":{"rendered":"","protected":false},"author":1,"featured_media":0,"parent":36561,"menu_order":4,"comment_status":"closed","ping_status":"closed","template":"100-width.php","meta":{"footnotes":""},"aioseo_notices":[],"_links":{"self":[{"href":"https:\/\/www.lovatoelectric.com\/pl_pl\/wp-json\/wp\/v2\/pages\/36693"}],"collection":[{"href":"https:\/\/www.lovatoelectric.com\/pl_pl\/wp-json\/wp\/v2\/pages"}],"about":[{"href":"https:\/\/www.lovatoelectric.com\/pl_pl\/wp-json\/wp\/v2\/types\/page"}],"author":[{"embeddable":true,"href":"https:\/\/www.lovatoelectric.com\/pl_pl\/wp-json\/wp\/v2\/users\/1"}],"replies":[{"embeddable":true,"href":"https:\/\/www.lovatoelectric.com\/pl_pl\/wp-json\/wp\/v2\/comments?post=36693"}],"version-history":[{"count":5,"href":"https:\/\/www.lovatoelectric.com\/pl_pl\/wp-json\/wp\/v2\/pages\/36693\/revisions"}],"predecessor-version":[{"id":136407,"href":"https:\/\/www.lovatoelectric.com\/pl_pl\/wp-json\/wp\/v2\/pages\/36693\/revisions\/136407"}],"up":[{"embeddable":true,"href":"https:\/\/www.lovatoelectric.com\/pl_pl\/wp-json\/wp\/v2\/pages\/36561"}],"wp:attachment":[{"href":"https:\/\/www.lovatoelectric.com\/pl_pl\/wp-json\/wp\/v2\/media?parent=36693"}],"curies":[{"name":"wp","href":"https:\/\/api.w.org\/{rel}","templated":true}]}}