{"id":52237,"date":"2022-08-30T13:37:07","date_gmt":"2022-08-30T11:37:07","guid":{"rendered":"https:\/\/www.lovatoelectric.com\/?page_id=52237"},"modified":"2023-10-06T15:46:11","modified_gmt":"2023-10-06T13:46:11","slug":"condizioni-generali-di-vendita","status":"publish","type":"page","link":"https:\/\/www.lovatoelectric.com\/it_it\/condizioni-generali-di-vendita\/","title":{"rendered":"Condizioni generali di vendita"},"content":{"rendered":"<p><div class=\"fusion-fullwidth fullwidth-box fusion-builder-row-1 fusion-flex-container nonhundred-percent-fullwidth non-hundred-percent-height-scrolling\" style=\"--awb-border-radius-top-left:0px;--awb-border-radius-top-right:0px;--awb-border-radius-bottom-right:0px;--awb-border-radius-bottom-left:0px;--awb-padding-top:0px;--awb-padding-bottom:0px;--awb-margin-top:0px;--awb-margin-bottom:0px;--awb-flex-wrap:wrap;\" ><div class=\"fusion-builder-row fusion-row fusion-flex-align-items-flex-start fusion-flex-content-wrap\" style=\"max-width:1320.8px;margin-left: calc(-4% \/ 2 );margin-right: calc(-4% \/ 2 );\"><div class=\"fusion-layout-column fusion_builder_column fusion-builder-column-0 fusion_builder_column_1_1 1_1 fusion-flex-column\" style=\"--awb-padding-top:0px;--awb-padding-bottom:0px;--awb-bg-size:cover;--awb-width-large:100%;--awb-margin-top-large:0px;--awb-spacing-right-large:1.92%;--awb-margin-bottom-large:0px;--awb-spacing-left-large:1.92%;--awb-width-medium:100%;--awb-order-medium:0;--awb-spacing-right-medium:1.92%;--awb-spacing-left-medium:1.92%;--awb-width-small:100%;--awb-order-small:0;--awb-spacing-right-small:1.92%;--awb-spacing-left-small:1.92%;\"><div class=\"fusion-column-wrapper fusion-column-has-shadow fusion-flex-justify-content-flex-start fusion-content-layout-column\"><div class=\"fusion-title title fusion-title-1 fusion-sep-none fusion-title-text fusion-title-size-two\" style=\"--awb-margin-top:0px;--awb-margin-bottom:20px;\"><h2 class=\"fusion-title-heading title-heading-left fusion-responsive-typography-calculated\" style=\"margin:0;--fontSize:44;line-height:1.26;\">Condizioni generali di vendita<\/h2><\/div><\/div><\/div><div class=\"fusion-layout-column fusion_builder_column fusion-builder-column-1 fusion_builder_column_1_1 1_1 fusion-flex-column\" style=\"--awb-bg-size:cover;--awb-width-large:100%;--awb-margin-top-large:0px;--awb-spacing-right-large:1.92%;--awb-margin-bottom-large:0px;--awb-spacing-left-large:1.92%;--awb-width-medium:100%;--awb-spacing-right-medium:1.92%;--awb-spacing-left-medium:1.92%;--awb-width-small:100%;--awb-spacing-right-small:1.92%;--awb-spacing-left-small:1.92%;\"><div class=\"fusion-column-wrapper fusion-flex-justify-content-flex-start fusion-content-layout-column\"><div class=\"fusion-text fusion-text-1\" style=\"--awb-text-transform:none;\"><p>(Rev.04)<\/p>\n<p><strong>Art. 1 Vendita<\/strong><br \/>\nLa Vendita comprende solo quanto chiaramente e specificatamente descritto nelle offerte o conferme d\u2019ordine di Lovato Electric S.p.A. ed \u00e8 regolata dalle presenti Condizioni Generali con rinuncia da parte dell\u2019Acquirente alle proprie. E\u00adventuali deroghe saranno valide solo se concordate per iscritto.<\/p>\n<p><strong>Art. 2 Offerte<\/strong><br \/>\nLe offerte di Lovato Electric S.p.A. hanno una validit\u00e0 massima di 30 (trenta) giorni, dopodich\u00e9 decadono automaticamente.<\/p>\n<p><strong>Art. 3 Prezzi<\/strong><br \/>\nI prezzi sono quelli specificatamente dichiarati nel listino in vigore alla conclusione del Contratto, al netto di i.v.a., eventuali imposte o tasse, nonch\u00e9 tributi, oneri e diritti qualsiasi e sono comprensivi dell\u2019imballaggio, salvo necessit\u00e0 di imballi particolari.<br \/>\nSono esclusi il trasporto, il montaggio, la messa in funzione, l\u2019istruzione del personale dell\u2019Acquirente, nonch\u00e9 qualsiasi altra prestazione o costo accessorio.<br \/>\nI prezzi non sono comunque impegnativi: eventuali variazioni in aumento che dovessero verificarsi sul costo delle materie prime potranno dar luogo a modifiche.<\/p>\n<p><strong>Art. 4 Ordini<\/strong><br \/>\nL\u2019importo minimo d\u2019ordine e il contributo spese per ordini inferiori al valore minimo concordato sono definiti in sede di offerta o conferma d\u2019ordine o altri accordi contrattuali.<br \/>\nPer ogni ordine \u00e8 previsto l\u2019invio di una conferma d\u2019ordine riportante, tra i vari dettagli, i prezzi e le date di consegna intese come disponibilit\u00e0 della merce presso il magazzino sito in GXO LOGISTICS SRL, Viale Lombardia 38, Trezzo sull&#8217;Adda.<br \/>\nPrevia verifica della fattibilit\u00e0 da parte di Lovato Electric S.p.A., \u00e8 possibile richiedere aggiunte o modifiche all\u2019ordine in corso entro le ore 24:00 (CET) del giorno precedente la data di consegna indicata nella conferma d\u2019ordine.<br \/>\nIn caso di spedizioni affidate a corrieri convenzionati con l\u2019Acquirente, aggiunte o modifiche dovranno essere comunicate entro le ore 12:00 (CET) del giorno precedente la data di consegna indicata nella conferma d\u2019ordine.<\/p>\n<p><strong>Art. 5 Quantit\u00e0 multipla di ordinazione<\/strong><br \/>\nAlcuni Prodotti sono forniti in quantit\u00e0 multiple di ordinazione. Tale informazione \u00e8 riportata sul listino in vigore pubblicato sul sito www.LovatoElectric.com.<br \/>\n\u00c8 previsto un addebito pari a 1 euro per ogni riga d\u2019ordine con quantit\u00e0 non arrotondata al multiplo di ordinazione.<br \/>\nLovato Electric S.p.A. si riserva il diritto di non accettare ordini con quantit\u00e0 inferiori al multiplo di ordinazione per articoli speciali prodotti su ordine cliente.<\/p>\n<p><strong>Art. 6 Modalit\u00e0 di pagamento e interessi di mora<\/strong><br \/>\nIl pagamento della Fornitura deve essere puntualmente effettuato con le modalit\u00e0 specificate nelle offerte e conferme d\u2019ordine di Lovato Electric S.p.A. ed \u00e8 a rischio dell\u2019Acquirente la trasmissione delle somme, qualunque sia il mezzo prescelto. In caso di ritardo anche soltanto parziale nei pagamenti, l\u2019Acquirente \u00e8 tenuto &#8211; senza alcuna preventiva comunicazione &#8211; a versare gli interessi di mora di cui al D.Lgs. 231\/2002.<br \/>\nEventuali contestazioni di carattere tecnico o commerciale non danno diritto ad alcuna sospensione dei pagamenti.<br \/>\nEventuali inadempienze delle condizioni di pagamento da parte dell\u2019Acquirente daranno a Lovato Electric S.p.A. il diritto di sospendere le forniture in corso o richiedere per esse il pagamento anticipato.<\/p>\n<p><strong>Art. 7 Riserva di propriet\u00e0<\/strong><br \/>\nI Prodotti consegnati restano di propriet\u00e0 di Lovato Electric S.p.A. fino a quando non sia pervenuto a quest\u2019ultima il completo pagamento.<br \/>\nNell\u2019ipotesi di risoluzione del Contratto le rate pagate resteranno acquisite a Lovato Electric S.p.A. a titolo di indennit\u00e0, salvo il risarcimento del danno.<br \/>\nLa riserva di propriet\u00e0 si estende ai Prodotti venduti dall\u2019Acquirente a terzi e al prezzo di tali vendite, entro i limiti massimi previsti dalla legge del Paese dell\u2019Acquirente che regola la presente clausola.<\/p>\n<p><strong>Art. 8 Consegna<\/strong><br \/>\nI termini di consegna riportati nell\u2019offerta o conferma d\u2019ordine decorrono dalla data di conclusione della Vendita, hanno un valore indicativo e sono condizionati alla disponibilit\u00e0 a magazzino dei Prodotti. Eventuali ritardi non potranno, di conseguenza, comportare responsabilit\u00e0 in capo a Lovato Electric S.p.A.<br \/>\nTali termini si intendono di diritto adeguatamente prorogati per cause non dipendenti dalla volont\u00e0 e diligenza di Lovato Electric S.p.A., ivi compresi danni ai macchinari o agli impianti, nonch\u00e9 ritardi dei fornitori, ovvero qualora l\u2019Acquirente non adempia esattamente gli obblighi contrattuali ed in particolare:<br \/>\n\u2013 qualora sia inadempiente nei pagamenti;<br \/>\n\u2013 qualora non fornisca in tempo utile ogni dato necessario per l\u2019esecuzione dell\u2019ordine;<br \/>\n\u2013 qualora abbia richiesto, e Lovato Electric S.p.A. accettato per iscritto, varianti durante l\u2019esecuzione dell\u2019ordine.<br \/>\nLa Vendita si intende convenuta a GXO LOGISTICS SRL, Viale Lombardia 38, Trezzo sull&#8217;Adda, e ci\u00f2 anche quando sia convenuto che la spedizione o parte di essa sia curata da Lovato Electric S.p.A. In ogni modo i rischi passano al compratore al momento della consegna della merce al vettore presso lo stabilimento di Lovato Electric S.p.A.<br \/>\nIn caso di inadempimento e\/o mutamento delle condizioni patrimoniali e\/o elevata esposizione complessiva dell\u2019Acquirente, anche se dipendente da altre vendite, Lovato Electric S.p.A. potr\u00e0 sospendere ogni e qualsiasi Fornitura.<\/p>\n<p><strong>Art. 9 Ritardi di consegna<\/strong><br \/>\nQualora Lovato Electric S.p.A. preveda di non consegnare i Prodotti alla data pattuita per la consegna dovr\u00e0 avvisare l\u2019Acquirente per iscritto, indicando, ove possibile, la data prevista.<br \/>\nNon si considera imputabile a Lovato Electric S.p.A. l\u2019eventuale ritardo dovuto a cause di forza maggiore (come definite all\u2019art. 13) o ad atti od omissioni dell\u2019Acquirente (ad es. mancata comunicazione di indicazioni necessarie per la Fornitura del Prodotti).<br \/>\nE\u00adventuali ritardi di consegna imputabili a Lovato Electric S.p.A. entro 90 (novanta) giorni dal termine convenuto non danno diritto a risoluzione par\u00adziale o totale del Contratto, n\u00e9 ad alcun risarcimento dei danni, salvo che regolarmente concordato a Contratto.<br \/>\nOve il ritardo imputabile a Lovato Electric S.p.A. superi i 90 (novanta) giorni dal termine convenuto, l\u2019Acquirente potr\u00e0 risolvere il Contratto relativamente ai Prodotti di cui la consegna \u00e8 ritardata con un preavviso di 30 (trenta) giorni, da comunicarsi per iscritto a Lovato Electric S.p.A., e richiedere, previa messa in mora per iscritto, il risarcimento del danno effettivo dimostrato, entro il limite massimo del 5% del prezzo dei Prodotti consegnati in ritardo.<br \/>\nSalvo il caso di dolo o colpa grave di Lovato Electric S.p.A., il pagamento del predetto importo esclude qualsiasi ulteriore risarcimento del danno per mancata o ritardata consegna dei Prodotti.<br \/>\nIn ogni caso l\u2019Acquirente non potr\u00e0 chiedere risarcimento di danni:<br \/>\n&#8211; se il materiale \u00e8 stato sostituito con altro consegnato in prestito;<br \/>\n&#8211; se non \u00e8 provato che il ritardo di consegna ha cagionato danno all\u2019Acquirente;<br \/>\n&#8211; se l\u2019Acquirente non \u00e8 pronto a ricevere il materiale.<\/p>\n<p><strong>Art. 10 Garanzia<\/strong><br \/>\nLovato Electric S.p.A. garantisce che il materiale fornito \u00e8 privo di vizi nei componenti e nella fabbricazione nei termini e alle condizioni indicate nelle specifiche tecniche dichiarate, per una durata di 12 (dodici) mesi a partire dalla data di consegna del prodotto.<br \/>\nLovato Electric S.p.A. non garantisce la rispondenza dei Prodotti a particolari specifiche o caratteristiche tecniche o la loro idoneit\u00e0 ad usi particolari se non nella misura in cui tali caratteristiche siano state espressamente convenute nel Contratto o in documenti richiamati a tal fine dal Contratto stesso.<br \/>\nLovato Electric S.p.A. si impegna a porre rimedio a qualsiasi vizio, mancanza di qualit\u00e0 o difetto di conformit\u00e0 dei Prodotti a lei imputabili, purch\u00e9 gli stessi siano segnalati per iscritto nel periodo di validit\u00e0 della garanzia e, a pena di decadenza, entro 8 (otto) giorni dalla scoperta.<br \/>\nOgni parte riparata o sostituita \u00e8 garantita per un periodo uguale a quello di cui godeva inizialmente.<br \/>\nLa Garanzia non comprende:<br \/>\n&#8211; le parti soggette a naturale usura,<br \/>\n&#8211; le parti danneggiate per uso improprio,<br \/>\n&#8211; le parti danneggiate per imperizia e negligenza,<br \/>\n&#8211; le parti danneggiate per imperfetto montaggio,<br \/>\n&#8211; le parti danneggiate da condizioni ambientali, elettriche, climatiche, chimiche o fisiche oltre i limiti prescritti o prevedibili,<br \/>\n&#8211; le parti danneggiate per negligenza nelle operazioni di manutenzione,<br \/>\n&#8211; le parti manomesse o riparate da terzi,<br \/>\n&#8211; le parti danneggiate per circostanze non soggette al controllo di Lovato Electric S.p.A.<br \/>\nLa Garanzia \u00e8 soggetta al rispetto degli obblighi convenuti, con particolare riguardo ai termini di pagamento.<br \/>\nL\u2019Acquirente deve recapitare il Prodotto in garanzia presso la sede di Lovato Electric S.p.A. la quale, dopo le opportune verifiche, provveder\u00e0 a rispedire il pezzo riparato o sostituito. Tutti i trasporti derivanti dalla clausola di garanzia hanno luogo a spese, rischio e pericolo dell\u2019Acquirente.<br \/>\nSalvo il caso di dolo o colpa grave, Lovato Electric S.p.A. sar\u00e0 tenuta, in caso di vizi, mancanza di qualit\u00e0 o difetto di conformit\u00e0 dei Prodotti, unicamente alla riparazione degli stessi o alla Fornitura di Prodotti in sostituzione di quelli difettosi. La suddetta garanzia \u00e8 assorbente e sostitutiva delle garanzie o responsabilit\u00e0 previste per legge, ed esclude ogni altra responsabilit\u00e0 del Venditore (sia contrattuale che extracontrattuale) comunque originata dai Prodotti forniti. In nessun caso Lovato Electric S.p.A. potr\u00e0 essere ritenuta responsabile per danni indiretti e immateriali, nonch\u00e9 essere tenuta a risarcire un danno superiore all\u2019importo complessivo della singola Fornitura.<\/p>\n<p><strong>Art. 11 Resi<\/strong><br \/>\nNon sono accettate e quindi saranno respinte le restituzioni di materiale non preventivamente concordate e autorizzate in forma scritta.<br \/>\nLovato Electric S.p.A., a suo insindacabile giudizio, accetter\u00e0 un reso per errata ordinazione o per cause alla medesima non imputabili solo se sussistono le condizioni di seguito elencate:<br \/>\n\u2013 materiale di serie normalmente a magazzino,<br \/>\n\u2013 imballo originale,<br \/>\n\u2013 materiale non manomesso,<br \/>\n\u2013 presenza sui documenti di reso della data d\u2019acquisto del materiale,<br \/>\n\u2013 validit\u00e0 della garanzia sul prodotto,<br \/>\n\u2013 accredito all\u201980% del prezzo di fattura, IVA esclusa,<br \/>\n\u2013 spese di gestione pratica per importo pari a Euro 20,00 a totale carico dell\u2019Acquirente,<br \/>\n\u2013 spese di trasporto (andata e ritorno) a totale carico dell\u2019Acquirente.<\/p>\n<p><strong>Art. 12 Modifiche sul prodotto<\/strong><br \/>\nLovato Electric S.p.A. si riserva la facolt\u00e0 e il diritto di apportare, in qualsiasi momento e senza preavviso, qualsiasi modifica ai Prodotti, inclusa la cessazione della loro fabbricazione e, per quelli in corso di Fornitura, modifiche anche costruttive al fine di un loro miglioramento.<\/p>\n<p><strong>Art. 13 Forza maggiore<\/strong><br \/>\nCiascuna parte potr\u00e0 sospendere l\u2019esecuzione dei suoi obblighi contrattuali quando tale esecuzione sia resa impossibile o irragionevolmente onerosa da un impedimento imprevedibile indipendente dalla sua volont\u00e0 quale ad es. sciopero, boicottaggio, serrata, incendio, guerra (dichiarata e non), guerra civile, sommosse e rivoluzioni, calamit\u00e0 naturali, requisizioni, embargo, interruzioni di energia, ritardi nella consegna di componenti o materie prime.<br \/>\nLa parte che desidera avvalersi della presente clausola dovr\u00e0 comunicare immediatamente per iscritto all\u2019altra parte il verificarsi e la cessazione delle circostanze di forza maggiore.<br \/>\nQualora la sospensione dovuta a forza maggiore duri pi\u00f9 di 90 (novanta) giorni, ciascuna parte avr\u00e0 il diritto di risolvere il Contratto, previo un preavviso di 30 (trenta) giorni, da comunicarsi alla controparte per iscritto.<\/p>\n<p><strong>Art. 14 Segretezza<\/strong><br \/>\nLovato Electric S.p.A. \u00e8 piena ed esclusiva proprietaria dei progetti, dei disegni, della documentazione tecnica e dei software messi a disposizione che, in nessun caso, possono ritenersi trasferiti all\u2019\u2019Acquirente.<br \/>\nL\u2019Acquirente potr\u00e0 servirsene esclusivamente per scopi strettamente necessari per l\u2019esecuzione del Contratto, non potr\u00e0 riprodurli, trasmetterli o comunicarli a terzi.<\/p>\n<p><strong>Art. 15 Legge applicabile e Foro competente<\/strong><br \/>\nLa Vendita, anche se conclusa con societ\u00e0 estere, \u00e8 regolata dalla legge italiana. Per qualsiasi controversia che dovesse insorgere in relazione all\u2019esistenza, validit\u00e0, interpretazione ed esecuzione della Vendita sar\u00e0 esclusivamente competente il Tribunale di Bergamo.<\/p>\n<p>Le presenti Condizioni Generali di Vendita annullano e sostituiscono tutte le precedenti.<\/p>\n<\/div><\/div><\/div><\/div><\/div><div class=\"fusion-fullwidth fullwidth-box fusion-builder-row-2 fusion-flex-container has-pattern-background has-mask-background nonhundred-percent-fullwidth non-hundred-percent-height-scrolling\" style=\"--awb-border-radius-top-left:0px;--awb-border-radius-top-right:0px;--awb-border-radius-bottom-right:0px;--awb-border-radius-bottom-left:0px;--awb-flex-wrap:wrap;\" ><div class=\"fusion-builder-row fusion-row fusion-flex-align-items-flex-start fusion-flex-content-wrap\" style=\"max-width:1320.8px;margin-left: calc(-4% \/ 2 );margin-right: calc(-4% \/ 2 );\"><\/div><\/div><\/p>\n","protected":false},"excerpt":{"rendered":"","protected":false},"author":5,"featured_media":0,"parent":0,"menu_order":0,"comment_status":"closed","ping_status":"closed","template":"","meta":{"footnotes":""},"aioseo_notices":[],"_links":{"self":[{"href":"https:\/\/www.lovatoelectric.com\/it_it\/wp-json\/wp\/v2\/pages\/52237"}],"collection":[{"href":"https:\/\/www.lovatoelectric.com\/it_it\/wp-json\/wp\/v2\/pages"}],"about":[{"href":"https:\/\/www.lovatoelectric.com\/it_it\/wp-json\/wp\/v2\/types\/page"}],"author":[{"embeddable":true,"href":"https:\/\/www.lovatoelectric.com\/it_it\/wp-json\/wp\/v2\/users\/5"}],"replies":[{"embeddable":true,"href":"https:\/\/www.lovatoelectric.com\/it_it\/wp-json\/wp\/v2\/comments?post=52237"}],"version-history":[{"count":5,"href":"https:\/\/www.lovatoelectric.com\/it_it\/wp-json\/wp\/v2\/pages\/52237\/revisions"}],"predecessor-version":[{"id":186772,"href":"https:\/\/www.lovatoelectric.com\/it_it\/wp-json\/wp\/v2\/pages\/52237\/revisions\/186772"}],"wp:attachment":[{"href":"https:\/\/www.lovatoelectric.com\/it_it\/wp-json\/wp\/v2\/media?parent=52237"}],"curies":[{"name":"wp","href":"https:\/\/api.w.org\/{rel}","templated":true}]}}