{"id":31072,"date":"2021-08-26T10:30:28","date_gmt":"2021-08-26T08:30:28","guid":{"rendered":"https:\/\/www.lovatoelectric.com\/o-nama\/lovato-lab\/"},"modified":"2024-10-17T11:43:24","modified_gmt":"2024-10-17T09:43:24","slug":"laboratorij-lovato","status":"publish","type":"page","link":"https:\/\/www.lovatoelectric.com\/hr_hr\/o-nama\/laboratorij-lovato\/","title":{"rendered":"Laboratorij Lovato"},"content":{"rendered":"<div class=\"fusion-fullwidth fullwidth-box fusion-builder-row-1 fusion-flex-container nonhundred-percent-fullwidth non-hundred-percent-height-scrolling\" style=\"--awb-border-radius-top-left:0px;--awb-border-radius-top-right:0px;--awb-border-radius-bottom-right:0px;--awb-border-radius-bottom-left:0px;--awb-padding-top:0px;--awb-padding-bottom:0px;--awb-margin-top:0px;--awb-margin-bottom:0px;--awb-flex-wrap:wrap;\" ><div class=\"fusion-builder-row fusion-row fusion-flex-align-items-flex-start fusion-flex-content-wrap\" style=\"max-width:1320.8px;margin-left: calc(-4% \/ 2 );margin-right: calc(-4% \/ 2 );\"><div class=\"fusion-layout-column fusion_builder_column fusion-builder-column-0 fusion_builder_column_1_2 1_2 fusion-flex-column\" style=\"--awb-padding-top:0px;--awb-padding-bottom:0px;--awb-bg-size:cover;--awb-width-large:50%;--awb-margin-top-large:0px;--awb-spacing-right-large:3.84%;--awb-margin-bottom-large:0px;--awb-spacing-left-large:3.84%;--awb-width-medium:100%;--awb-order-medium:0;--awb-spacing-right-medium:1.92%;--awb-spacing-left-medium:1.92%;--awb-width-small:100%;--awb-order-small:0;--awb-spacing-right-small:1.92%;--awb-spacing-left-small:1.92%;\"><div class=\"fusion-column-wrapper fusion-column-has-shadow fusion-flex-justify-content-flex-start fusion-content-layout-column\"><div class=\"fusion-title title fusion-title-1 fusion-sep-none fusion-title-text fusion-title-size-two\"><h2 class=\"fusion-title-heading title-heading-left fusion-responsive-typography-calculated\" style=\"margin:0;--fontSize:44;line-height:1.26;\">Laboratorij Lovato<\/h2><\/div><\/div><\/div><div class=\"fusion-layout-column fusion_builder_column fusion-builder-column-1 fusion_builder_column_1_2 1_2 fusion-flex-column\" style=\"--awb-padding-top:0px;--awb-padding-bottom:0px;--awb-bg-size:cover;--awb-width-large:50%;--awb-margin-top-large:0px;--awb-spacing-right-large:3.84%;--awb-margin-bottom-large:0px;--awb-spacing-left-large:3.84%;--awb-width-medium:100%;--awb-order-medium:0;--awb-spacing-right-medium:1.92%;--awb-spacing-left-medium:1.92%;--awb-width-small:100%;--awb-order-small:0;--awb-spacing-right-small:1.92%;--awb-spacing-left-small:1.92%;\"><div class=\"fusion-column-wrapper fusion-column-has-shadow fusion-flex-justify-content-flex-start fusion-content-layout-column\"><div class=\"fusion-image-element \" style=\"text-align:right;--awb-caption-title-font-family:var(--h2_typography-font-family);--awb-caption-title-font-weight:var(--h2_typography-font-weight);--awb-caption-title-font-style:var(--h2_typography-font-style);--awb-caption-title-size:var(--h2_typography-font-size);--awb-caption-title-transform:var(--h2_typography-text-transform);--awb-caption-title-line-height:var(--h2_typography-line-height);--awb-caption-title-letter-spacing:var(--h2_typography-letter-spacing);\"><span class=\" fusion-imageframe imageframe-none imageframe-1 hover-type-none\"><img decoding=\"async\" width=\"200\" height=\"50\" title=\"Logo-LAB_1s\" src=\"data:image\/svg+xml,%3Csvg%20xmlns%3D%27http%3A%2F%2Fwww.w3.org%2F2000%2Fsvg%27%20width%3D%27200%27%20height%3D%2750%27%20viewBox%3D%270%200%20200%2050%27%3E%3Crect%20width%3D%27200%27%20height%3D%2750%27%20fill-opacity%3D%220%22%2F%3E%3C%2Fsvg%3E\" data-orig-src=\"https:\/\/www.lovatoelectric.com\/wp-content\/uploads\/2021\/12\/Logo-LAB_1s.png\" alt class=\"lazyload img-responsive wp-image-11317\"\/><\/span><\/div><\/div><\/div><div class=\"fusion-layout-column fusion_builder_column fusion-builder-column-2 fusion_builder_column_1_2 1_2 fusion-flex-column\" style=\"--awb-padding-top:0px;--awb-padding-bottom:0px;--awb-bg-size:cover;--awb-width-large:50%;--awb-margin-top-large:0px;--awb-spacing-right-large:3.84%;--awb-margin-bottom-large:0px;--awb-spacing-left-large:3.84%;--awb-width-medium:100%;--awb-order-medium:0;--awb-spacing-right-medium:1.92%;--awb-spacing-left-medium:1.92%;--awb-width-small:100%;--awb-order-small:0;--awb-spacing-right-small:1.92%;--awb-spacing-left-small:1.92%;\"><div class=\"fusion-column-wrapper fusion-column-has-shadow fusion-flex-justify-content-flex-start fusion-content-layout-column\"><div class=\"fusion-image-element \" style=\"--awb-caption-title-font-family:var(--h2_typography-font-family);--awb-caption-title-font-weight:var(--h2_typography-font-weight);--awb-caption-title-font-style:var(--h2_typography-font-style);--awb-caption-title-size:var(--h2_typography-font-size);--awb-caption-title-transform:var(--h2_typography-text-transform);--awb-caption-title-line-height:var(--h2_typography-line-height);--awb-caption-title-letter-spacing:var(--h2_typography-letter-spacing);\"><span class=\" fusion-imageframe imageframe-none imageframe-2 hover-type-none fusion-animated\" data-animationType=\"fadeInLeft\" data-animationDuration=\"0.6\" data-animationOffset=\"top-into-view\"><img decoding=\"async\" width=\"800\" height=\"533\" title=\"IMG_0611_\" src=\"https:\/\/www.lovatoelectric.com\/wp-content\/uploads\/2021\/12\/IMG_0611_.jpg\" data-orig-src=\"https:\/\/www.lovatoelectric.com\/wp-content\/uploads\/2021\/12\/IMG_0611_.jpg\" alt class=\"lazyload img-responsive wp-image-11250\" srcset=\"data:image\/svg+xml,%3Csvg%20xmlns%3D%27http%3A%2F%2Fwww.w3.org%2F2000%2Fsvg%27%20width%3D%27800%27%20height%3D%27533%27%20viewBox%3D%270%200%20800%20533%27%3E%3Crect%20width%3D%27800%27%20height%3D%27533%27%20fill-opacity%3D%220%22%2F%3E%3C%2Fsvg%3E\" data-srcset=\"https:\/\/www.lovatoelectric.com\/wp-content\/uploads\/2021\/12\/IMG_0611_-200x133.jpg 200w, https:\/\/www.lovatoelectric.com\/wp-content\/uploads\/2021\/12\/IMG_0611_-400x267.jpg 400w, https:\/\/www.lovatoelectric.com\/wp-content\/uploads\/2021\/12\/IMG_0611_-600x400.jpg 600w, https:\/\/www.lovatoelectric.com\/wp-content\/uploads\/2021\/12\/IMG_0611_.jpg 800w\" data-sizes=\"auto\" data-orig-sizes=\"(max-width: 1024px) 100vw, (max-width: 640px) 100vw, 600px\" \/><\/span><\/div><\/div><\/div><div class=\"fusion-layout-column fusion_builder_column fusion-builder-column-3 fusion_builder_column_1_2 1_2 fusion-flex-column\" style=\"--awb-padding-top:0px;--awb-padding-bottom:0px;--awb-bg-size:cover;--awb-width-large:50%;--awb-margin-top-large:0px;--awb-spacing-right-large:3.84%;--awb-margin-bottom-large:0px;--awb-spacing-left-large:3.84%;--awb-width-medium:100%;--awb-order-medium:0;--awb-spacing-right-medium:1.92%;--awb-spacing-left-medium:1.92%;--awb-width-small:100%;--awb-order-small:0;--awb-spacing-right-small:1.92%;--awb-spacing-left-small:1.92%;\"><div class=\"fusion-column-wrapper fusion-column-has-shadow fusion-flex-justify-content-flex-start fusion-content-layout-column\"><div class=\"fusion-text fusion-text-1\" style=\"--awb-text-transform:none;\"><p><strong><span style=\"color: #fa4515;\">LOVATO LAB<\/span><\/strong> je laboratorij tvrtke <strong><span style=\"color: #fa4515;\">LOVATO Electric <\/span><\/strong>za istra\u017eivanje i razvoj, specijaliziran za razvojna ispitivanja.<br \/>Laboratorij je nastao iz potrebe da se pro\u0161ire mogu\u0107nosti razvojnih ispitivanja novih proizvoda visokih performansi, osiguravaju\u0107i najvi\u0161e standarde sigurnosti i pouzdanosti uz smanjenje vremena izlaska na tr\u017ei\u0161te.<\/p>\n<p>Ispitivanja koja se provode dijele se u 3 vrste:<\/p>\n<ul>\n<li>razvojno ispitivanje novih proizvoda;<\/li>\n<li>validacijsko ispitivanje sukladnosti s propisima i normama;<\/li>\n<li>periodi\u010dno ispitivanje postoje\u0107ih proizvoda.<\/li>\n<\/ul>\n<p>Laboratorij tvrtke <strong><span style=\"color: #fa4515;\">LOVATO Electric <\/span><\/strong>u skladu je s me\u0111unarodnom normom EN\/ISO\/IEC 17025 i akreditiran je od strane vode\u0107ih nacionalnih i me\u0111unarodnih tijela kao \u0161to su LOVAG\/ACAE i IMQ za provo\u0111enje ispitivanja potrebnih za dobivanje certifikata proizvoda.<\/p>\n<\/div><\/div><\/div><div class=\"fusion-layout-column fusion_builder_column fusion-builder-column-4 fusion_builder_column_1_1 1_1 fusion-flex-column\" style=\"--awb-padding-top:0px;--awb-padding-bottom:0px;--awb-bg-size:cover;--awb-width-large:100%;--awb-margin-top-large:0px;--awb-spacing-right-large:1.92%;--awb-margin-bottom-large:0px;--awb-spacing-left-large:1.92%;--awb-width-medium:100%;--awb-order-medium:0;--awb-spacing-right-medium:1.92%;--awb-spacing-left-medium:1.92%;--awb-width-small:100%;--awb-order-small:0;--awb-spacing-right-small:1.92%;--awb-spacing-left-small:1.92%;\"><div class=\"fusion-column-wrapper fusion-column-has-shadow fusion-flex-justify-content-flex-start fusion-content-layout-column\"><div class=\"fusion-separator fusion-full-width-sep\" style=\"align-self: center;margin-left: auto;margin-right: auto;margin-top:10px;margin-bottom:10px;width:100%;\"><div class=\"fusion-separator-border sep-single sep-solid\" style=\"--awb-height:20px;--awb-amount:20px;border-color:rgba(40,45,51,0.1);border-top-width:1px;\"><\/div><\/div><div class=\"fusion-image-element \" style=\"--awb-margin-top:20px;--awb-margin-bottom:20px;--awb-caption-title-font-family:var(--h2_typography-font-family);--awb-caption-title-font-weight:var(--h2_typography-font-weight);--awb-caption-title-font-style:var(--h2_typography-font-style);--awb-caption-title-size:var(--h2_typography-font-size);--awb-caption-title-transform:var(--h2_typography-text-transform);--awb-caption-title-line-height:var(--h2_typography-line-height);--awb-caption-title-letter-spacing:var(--h2_typography-letter-spacing);\"><span class=\" fusion-imageframe imageframe-none imageframe-3 hover-type-none fusion-animated\" data-animationType=\"fadeInLeft\" data-animationDuration=\"0.6\" data-animationOffset=\"top-into-view\"><img decoding=\"async\" width=\"1600\" height=\"479\" title=\"Lovato-Mon_0115_\" src=\"https:\/\/www.lovatoelectric.com\/wp-content\/uploads\/2021\/12\/Lovato-Mon_0115_.jpg\" data-orig-src=\"https:\/\/www.lovatoelectric.com\/wp-content\/uploads\/2021\/12\/Lovato-Mon_0115_.jpg\" alt class=\"lazyload img-responsive wp-image-11292\" srcset=\"data:image\/svg+xml,%3Csvg%20xmlns%3D%27http%3A%2F%2Fwww.w3.org%2F2000%2Fsvg%27%20width%3D%271600%27%20height%3D%27479%27%20viewBox%3D%270%200%201600%20479%27%3E%3Crect%20width%3D%271600%27%20height%3D%27479%27%20fill-opacity%3D%220%22%2F%3E%3C%2Fsvg%3E\" data-srcset=\"https:\/\/www.lovatoelectric.com\/wp-content\/uploads\/2021\/12\/Lovato-Mon_0115_-200x60.jpg 200w, https:\/\/www.lovatoelectric.com\/wp-content\/uploads\/2021\/12\/Lovato-Mon_0115_-400x120.jpg 400w, https:\/\/www.lovatoelectric.com\/wp-content\/uploads\/2021\/12\/Lovato-Mon_0115_-600x180.jpg 600w, https:\/\/www.lovatoelectric.com\/wp-content\/uploads\/2021\/12\/Lovato-Mon_0115_-800x240.jpg 800w, https:\/\/www.lovatoelectric.com\/wp-content\/uploads\/2021\/12\/Lovato-Mon_0115_-1200x359.jpg 1200w, https:\/\/www.lovatoelectric.com\/wp-content\/uploads\/2021\/12\/Lovato-Mon_0115_.jpg 1600w\" data-sizes=\"auto\" data-orig-sizes=\"(max-width: 1024px) 100vw, (max-width: 640px) 100vw, 1600px\" \/><\/span><\/div><div class=\"fusion-text fusion-text-2\" style=\"--awb-text-transform:none;\"><p>Laboratorij je opremljen srednjenaponskim sinkronim generatorima, GTEM \u0107elijom za EMC ispitivanje, sustavom generiranja kratkog spoja nazivne struje do 65kA, programabilnim strujnim generatorima za ispitivanje temperaturnog i toplinskog isklapanja, visokopreciznim strujnim generatorima, izoliranim snima\u010dima podataka visoke brzine uzorkovanja i stati\u010dkim prekida\u010dima.<\/p>\n<p><strong><span style=\"color: #fa4515;\">LOVATO LAB <\/span><\/strong>je tako\u0111er opremljen brzim kamerama i toplinskim komorama za prou\u010davanje fizi\u010dkih pojava povezanih s proizvodima.<\/p>\n<p>Za ispitivanje elektri\u010dne i mehani\u010dke trajnosti, ima brojne ispitne pultove i niskonaponski sinkroni generator za generiranje snage do 1800kVA.<\/p>\n<p>Tu je i 225kV tomograf za ispitivanje najrazli\u010ditijih i najstro\u017eih zahtjeva kvalitete, koji analizira strukturu dijelova u cijelosti, izvana i iznutra.<\/p>\n<\/div><\/div><\/div><div class=\"fusion-layout-column fusion_builder_column fusion-builder-column-5 fusion_builder_column_1_1 1_1 fusion-flex-column fusion-flex-align-self-center\" style=\"--awb-bg-size:cover;--awb-width-large:100%;--awb-margin-top-large:25px;--awb-spacing-right-large:1.92%;--awb-margin-bottom-large:25px;--awb-spacing-left-large:1.92%;--awb-width-medium:100%;--awb-order-medium:0;--awb-spacing-right-medium:1.92%;--awb-spacing-left-medium:1.92%;--awb-width-small:100%;--awb-order-small:0;--awb-spacing-right-small:1.92%;--awb-spacing-left-small:1.92%;\"><div class=\"fusion-column-wrapper fusion-column-has-shadow fusion-flex-justify-content-center fusion-content-layout-column\"><div style=\"text-align:center;\"><a class=\"fusion-button button-flat fusion-button-default-size button-default fusion-button-default button-1 fusion-button-default-span fusion-button-default-type\" target=\"_blank\" rel=\"noopener noreferrer\" href=\"https:\/\/download.lovatoelectric.com\/Brochure%20Lovato%20LAB\/PD162GB.pdf\"><span class=\"fusion-button-text\">PREUZMI BRO\u0160URU<\/span><\/a><\/div><\/div><\/div><\/div><\/div>\n","protected":false},"excerpt":{"rendered":"","protected":false},"author":16,"featured_media":0,"parent":30741,"menu_order":4,"comment_status":"closed","ping_status":"closed","template":"100-width.php","meta":{"footnotes":""},"aioseo_notices":[],"_links":{"self":[{"href":"https:\/\/www.lovatoelectric.com\/hr_hr\/wp-json\/wp\/v2\/pages\/31072"}],"collection":[{"href":"https:\/\/www.lovatoelectric.com\/hr_hr\/wp-json\/wp\/v2\/pages"}],"about":[{"href":"https:\/\/www.lovatoelectric.com\/hr_hr\/wp-json\/wp\/v2\/types\/page"}],"author":[{"embeddable":true,"href":"https:\/\/www.lovatoelectric.com\/hr_hr\/wp-json\/wp\/v2\/users\/16"}],"replies":[{"embeddable":true,"href":"https:\/\/www.lovatoelectric.com\/hr_hr\/wp-json\/wp\/v2\/comments?post=31072"}],"version-history":[{"count":3,"href":"https:\/\/www.lovatoelectric.com\/hr_hr\/wp-json\/wp\/v2\/pages\/31072\/revisions"}],"predecessor-version":[{"id":136274,"href":"https:\/\/www.lovatoelectric.com\/hr_hr\/wp-json\/wp\/v2\/pages\/31072\/revisions\/136274"}],"up":[{"embeddable":true,"href":"https:\/\/www.lovatoelectric.com\/hr_hr\/wp-json\/wp\/v2\/pages\/30741"}],"wp:attachment":[{"href":"https:\/\/www.lovatoelectric.com\/hr_hr\/wp-json\/wp\/v2\/media?parent=31072"}],"curies":[{"name":"wp","href":"https:\/\/api.w.org\/{rel}","templated":true}]}}