{"id":37731,"date":"2022-03-16T15:03:33","date_gmt":"2022-03-16T14:03:33","guid":{"rendered":"https:\/\/www.lovatoelectric.com\/configurators\/"},"modified":"2024-10-03T08:33:31","modified_gmt":"2024-10-03T06:33:31","slug":"configurateurs","status":"publish","type":"page","link":"https:\/\/www.lovatoelectric.com\/gl_fr\/documentations\/configurateurs\/","title":{"rendered":"Configurateurs"},"content":{"rendered":"<p><div class=\"fusion-fullwidth fullwidth-box fusion-builder-row-1 fusion-flex-container nonhundred-percent-fullwidth non-hundred-percent-height-scrolling\" style=\"--awb-border-radius-top-left:0px;--awb-border-radius-top-right:0px;--awb-border-radius-bottom-right:0px;--awb-border-radius-bottom-left:0px;--awb-padding-top:0px;--awb-padding-bottom:0px;--awb-margin-top:0px;--awb-margin-bottom:0px;--awb-flex-wrap:wrap;\" ><div class=\"fusion-builder-row fusion-row fusion-flex-align-items-flex-start fusion-flex-content-wrap\" style=\"max-width:1320.8px;margin-left: calc(-4% \/ 2 );margin-right: calc(-4% \/ 2 );\"><div class=\"fusion-layout-column fusion_builder_column fusion-builder-column-0 fusion_builder_column_1_1 1_1 fusion-flex-column\" style=\"--awb-padding-top:0px;--awb-padding-bottom:0px;--awb-bg-size:cover;--awb-width-large:100%;--awb-margin-top-large:0px;--awb-spacing-right-large:1.92%;--awb-margin-bottom-large:0px;--awb-spacing-left-large:1.92%;--awb-width-medium:100%;--awb-order-medium:0;--awb-spacing-right-medium:1.92%;--awb-spacing-left-medium:1.92%;--awb-width-small:100%;--awb-order-small:0;--awb-spacing-right-small:1.92%;--awb-spacing-left-small:1.92%;\"><div class=\"fusion-column-wrapper fusion-column-has-shadow fusion-flex-justify-content-flex-start fusion-content-layout-column\"><div class=\"fusion-title title fusion-title-1 fusion-sep-none fusion-title-text fusion-title-size-two\" style=\"--awb-margin-top:0px;--awb-margin-bottom:20px;\"><h2 class=\"fusion-title-heading title-heading-left fusion-responsive-typography-calculated\" style=\"margin:0;--fontSize:44;line-height:1.26;\">Configurateurs<\/h2><\/div><\/div><\/div><div class=\"fusion-layout-column fusion_builder_column fusion-builder-column-1 fusion_builder_column_1_3 1_3 fusion-flex-column\" style=\"--awb-bg-size:cover;--awb-width-large:33.333333333333%;--awb-margin-top-large:25px;--awb-spacing-right-large:5.76%;--awb-margin-bottom-large:25px;--awb-spacing-left-large:5.76%;--awb-width-medium:100%;--awb-order-medium:0;--awb-spacing-right-medium:1.92%;--awb-spacing-left-medium:1.92%;--awb-width-small:100%;--awb-order-small:0;--awb-spacing-right-small:1.92%;--awb-spacing-left-small:1.92%;\"><div class=\"fusion-column-wrapper fusion-column-has-shadow fusion-flex-justify-content-flex-start fusion-content-layout-column\"><div class=\"fusion-image-element \" style=\"--awb-caption-title-font-family:var(--h2_typography-font-family);--awb-caption-title-font-weight:var(--h2_typography-font-weight);--awb-caption-title-font-style:var(--h2_typography-font-style);--awb-caption-title-size:var(--h2_typography-font-size);--awb-caption-title-transform:var(--h2_typography-text-transform);--awb-caption-title-line-height:var(--h2_typography-line-height);--awb-caption-title-letter-spacing:var(--h2_typography-letter-spacing);\"><span class=\" fusion-imageframe imageframe-none imageframe-1 hover-type-none\"><img decoding=\"async\" width=\"216\" height=\"91\" title=\"My Motor Starters configurator copia (2)\" src=\"https:\/\/www.lovatoelectric.com\/wp-content\/uploads\/2023\/03\/My-Motor-Starters-configurator-copia-2.jpg\" data-orig-src=\"https:\/\/www.lovatoelectric.com\/wp-content\/uploads\/2023\/03\/My-Motor-Starters-configurator-copia-2.jpg\" alt class=\"lazyload img-responsive wp-image-87185\" srcset=\"data:image\/svg+xml,%3Csvg%20xmlns%3D%27http%3A%2F%2Fwww.w3.org%2F2000%2Fsvg%27%20width%3D%27216%27%20height%3D%2791%27%20viewBox%3D%270%200%20216%2091%27%3E%3Crect%20width%3D%27216%27%20height%3D%2791%27%20fill-opacity%3D%220%22%2F%3E%3C%2Fsvg%3E\" data-srcset=\"https:\/\/www.lovatoelectric.com\/wp-content\/uploads\/2023\/03\/My-Motor-Starters-configurator-copia-2-200x84.jpg 200w, https:\/\/www.lovatoelectric.com\/wp-content\/uploads\/2023\/03\/My-Motor-Starters-configurator-copia-2.jpg 216w\" data-sizes=\"auto\" data-orig-sizes=\"(max-width: 1024px) 100vw, (max-width: 640px) 100vw, 216px\" \/><\/span><\/div><\/div><\/div><div class=\"fusion-layout-column fusion_builder_column fusion-builder-column-2 fusion_builder_column_2_3 2_3 fusion-flex-column\" style=\"--awb-bg-blend:overlay;--awb-bg-size:cover;--awb-width-large:66.666666666667%;--awb-margin-top-large:0px;--awb-spacing-right-large:2.88%;--awb-margin-bottom-large:0px;--awb-spacing-left-large:2.88%;--awb-width-medium:100%;--awb-spacing-right-medium:1.92%;--awb-spacing-left-medium:1.92%;--awb-width-small:100%;--awb-spacing-right-small:1.92%;--awb-spacing-left-small:1.92%;\"><div class=\"fusion-column-wrapper fusion-flex-justify-content-flex-start fusion-content-layout-column\"><div class=\"fusion-text fusion-text-1\" style=\"--awb-text-transform:none;\"><h4><span data-fusion-font=\"true\" data-fusion-google-font=\"Work Sans\" data-fusion-google-variant=\"400\" style=\"font-family: 'Work Sans'; font-weight: 400;\">Config<\/span><span data-fusion-font=\"true\" data-fusion-google-font=\"Work Sans\" data-fusion-google-variant=\"400\" style=\"font-family: 'Work Sans'; font-weight: 400;\">urateur de <\/span><span data-fusion-font=\"true\" data-fusion-google-font=\"Work Sans\" data-fusion-google-variant=\"400\" style=\"font-family: 'Work Sans'; font-weight: 400;\">d\u00e9marrage de moteur<\/span><\/h4>\n<\/div><div class=\"fusion-text fusion-text-2\" style=\"--awb-text-transform:none;\"><p><b>Configurez le d\u00e9marrage de votre moteur<\/b><\/p>\n<p>D\u00e9finissez les donn\u00e9es du moteur et s\u00e9lectionnez le type de d\u00e9marrage. <span style=\"background-color: rgba(255, 255, 255, 0); color: var(--body_typography-color); font-family: var(--body_typography-font-family); font-size: var(--body_typography-font-size); font-style: var(--body_typography-font-style,normal); font-weight: var(--body_typography-font-weight); letter-spacing: var(--body_typography-letter-spacing);\">Le configurateur vous guidera dans le choix des composants et des accessoires. Consultez les fiches techniques. <\/span><span style=\"background-color: rgba(255, 255, 255, 0); color: var(--body_typography-color); font-family: var(--body_typography-font-family); font-size: var(--body_typography-font-size); font-style: var(--body_typography-font-style,normal); font-weight: var(--body_typography-font-weight); letter-spacing: var(--body_typography-letter-spacing);\">Envoyez la liste des r\u00e9f\u00e9rences \u00e0 commander.<\/span><\/p>\n<\/div><div class=\"fusion-text fusion-text-3\" style=\"--awb-text-transform:none;\"><h5 style=\"--fontsize: 22; line-height: 1.34; --minfontsize: 22;\"><u><a style=\"color: var(--awb-custom17);\" href=\"https:\/\/configurators.lovatoelectric.com\/index.html?lg=en\" target=\"_blank\" rel=\"noopener\">Configurateur web<\/a><span style=\"color: var(--awb-custom17);\"> &gt;&gt;<\/span><\/u><\/h5>\n<\/div><\/div><\/div><\/div><\/div><div class=\"fusion-fullwidth fullwidth-box fusion-builder-row-2 fusion-flex-container nonhundred-percent-fullwidth non-hundred-percent-height-scrolling\" style=\"--awb-border-radius-top-left:0px;--awb-border-radius-top-right:0px;--awb-border-radius-bottom-right:0px;--awb-border-radius-bottom-left:0px;--awb-padding-top:0px;--awb-padding-bottom:0px;--awb-flex-wrap:wrap;\" ><div class=\"fusion-builder-row fusion-row fusion-flex-align-items-flex-start fusion-flex-content-wrap\" style=\"max-width:1320.8px;margin-left: calc(-4% \/ 2 );margin-right: calc(-4% \/ 2 );\"><div class=\"fusion-layout-column fusion_builder_column fusion-builder-column-3 fusion_builder_column_1_1 1_1 fusion-flex-column\" style=\"--awb-bg-size:cover;--awb-width-large:100%;--awb-margin-top-large:0px;--awb-spacing-right-large:1.92%;--awb-margin-bottom-large:0px;--awb-spacing-left-large:1.92%;--awb-width-medium:100%;--awb-order-medium:0;--awb-spacing-right-medium:1.92%;--awb-spacing-left-medium:1.92%;--awb-width-small:100%;--awb-order-small:0;--awb-spacing-right-small:1.92%;--awb-spacing-left-small:1.92%;\"><div class=\"fusion-column-wrapper fusion-column-has-shadow fusion-flex-justify-content-flex-start fusion-content-layout-column\"><div class=\"fusion-separator\" style=\"align-self: center;margin-left: auto;margin-right: auto;margin-top:40px;margin-bottom:40px;width:100%;max-width:80%;\"><div class=\"fusion-separator-border sep-single sep-solid\" style=\"--awb-height:20px;--awb-amount:20px;border-color:rgba(40,45,51,0.1);border-top-width:1px;\"><\/div><\/div><\/div><\/div><\/div><\/div><div class=\"fusion-fullwidth fullwidth-box fusion-builder-row-3 fusion-flex-container nonhundred-percent-fullwidth non-hundred-percent-height-scrolling\" style=\"--awb-border-radius-top-left:0px;--awb-border-radius-top-right:0px;--awb-border-radius-bottom-right:0px;--awb-border-radius-bottom-left:0px;--awb-padding-top:0px;--awb-padding-bottom:0px;--awb-margin-top:0px;--awb-margin-bottom:0px;--awb-flex-wrap:wrap;\" ><div class=\"fusion-builder-row fusion-row fusion-flex-align-items-flex-start fusion-flex-content-wrap\" style=\"max-width:1320.8px;margin-left: calc(-4% \/ 2 );margin-right: calc(-4% \/ 2 );\"><div class=\"fusion-layout-column fusion_builder_column fusion-builder-column-4 fusion_builder_column_1_3 1_3 fusion-flex-column\" style=\"--awb-bg-size:cover;--awb-width-large:33.333333333333%;--awb-margin-top-large:25px;--awb-spacing-right-large:5.76%;--awb-margin-bottom-large:25px;--awb-spacing-left-large:5.76%;--awb-width-medium:100%;--awb-order-medium:0;--awb-spacing-right-medium:1.92%;--awb-spacing-left-medium:1.92%;--awb-width-small:100%;--awb-order-small:0;--awb-spacing-right-small:1.92%;--awb-spacing-left-small:1.92%;\"><div class=\"fusion-column-wrapper fusion-column-has-shadow fusion-flex-justify-content-flex-start fusion-content-layout-column\"><div class=\"fusion-image-element \" style=\"--awb-caption-title-font-family:var(--h2_typography-font-family);--awb-caption-title-font-weight:var(--h2_typography-font-weight);--awb-caption-title-font-style:var(--h2_typography-font-style);--awb-caption-title-size:var(--h2_typography-font-size);--awb-caption-title-transform:var(--h2_typography-text-transform);--awb-caption-title-line-height:var(--h2_typography-line-height);--awb-caption-title-letter-spacing:var(--h2_typography-letter-spacing);\"><span class=\" fusion-imageframe imageframe-none imageframe-2 hover-type-none\"><img decoding=\"async\" width=\"216\" height=\"80\" title=\"My_Energy\" src=\"https:\/\/www.lovatoelectric.com\/wp-content\/uploads\/2022\/03\/My_Energy.jpg\" data-orig-src=\"https:\/\/www.lovatoelectric.com\/wp-content\/uploads\/2022\/03\/My_Energy.jpg\" alt class=\"lazyload img-responsive wp-image-23897\" srcset=\"data:image\/svg+xml,%3Csvg%20xmlns%3D%27http%3A%2F%2Fwww.w3.org%2F2000%2Fsvg%27%20width%3D%27216%27%20height%3D%2780%27%20viewBox%3D%270%200%20216%2080%27%3E%3Crect%20width%3D%27216%27%20height%3D%2780%27%20fill-opacity%3D%220%22%2F%3E%3C%2Fsvg%3E\" data-srcset=\"https:\/\/www.lovatoelectric.com\/wp-content\/uploads\/2022\/03\/My_Energy-200x74.jpg 200w, https:\/\/www.lovatoelectric.com\/wp-content\/uploads\/2022\/03\/My_Energy.jpg 216w\" data-sizes=\"auto\" data-orig-sizes=\"(max-width: 1024px) 100vw, (max-width: 640px) 100vw, 216px\" \/><\/span><\/div><\/div><\/div><div class=\"fusion-layout-column fusion_builder_column fusion-builder-column-5 fusion_builder_column_2_3 2_3 fusion-flex-column\" style=\"--awb-bg-blend:overlay;--awb-bg-size:cover;--awb-width-large:66.666666666667%;--awb-margin-top-large:0px;--awb-spacing-right-large:2.88%;--awb-margin-bottom-large:0px;--awb-spacing-left-large:2.88%;--awb-width-medium:100%;--awb-spacing-right-medium:1.92%;--awb-spacing-left-medium:1.92%;--awb-width-small:100%;--awb-spacing-right-small:1.92%;--awb-spacing-left-small:1.92%;\"><div class=\"fusion-column-wrapper fusion-flex-justify-content-flex-start fusion-content-layout-column\"><div class=\"fusion-text fusion-text-4\" style=\"--awb-text-transform:none;\"><h4 data-fusion-font=\"true\" data-fusion-google-font=\"Work Sans\" data-fusion-google-variant=\"400\" style=\"font-family: 'Work Sans'; font-weight: 400;\">Concevez votre syst\u00e8me de surveillance de l&#8217;\u00e9nergie avec le configurateur MyEnergy<\/h4>\n<\/div><div class=\"fusion-text fusion-text-5\" style=\"--awb-text-transform:none;\"><p>Apr\u00e8s avoir choisi le mode de surveillance de l&#8217;\u00e9nergie (serveur web, Cloud, Sur site), et entr\u00e9 les donn\u00e9es \u00e9lectriques des services \u00e0 surveiller, le configurateur myEnergy affiche les composants corrects, fournit une disposition graphique et \u00e9met la liste des mat\u00e9riaux. Le projet peut \u00eatre sauvegard\u00e9, modifi\u00e9, envoy\u00e9 \u00e0 LOVATO Electric pour les contr\u00f4les techniques et commerciaux.<\/p>\n<\/div><div class=\"fusion-text fusion-text-6\" style=\"--awb-text-transform:none;\"><h5 style=\"--fontsize: 22; line-height: 1.34; --minfontsize: 22;\"><u><a style=\"color: var(--awb-custom17);\" href=\"https:\/\/myenergyconfigurator.lovatoelectric.com\/\" target=\"_blank\" rel=\"noopener\">Configurateur web<\/a><span style=\"color: var(--awb-custom17);\"> &gt;&gt;<\/span><\/u><\/h5>\n<\/div><div class=\"fusion-image-element \" style=\"--awb-caption-title-font-family:var(--h2_typography-font-family);--awb-caption-title-font-weight:var(--h2_typography-font-weight);--awb-caption-title-font-style:var(--h2_typography-font-style);--awb-caption-title-size:var(--h2_typography-font-size);--awb-caption-title-transform:var(--h2_typography-text-transform);--awb-caption-title-line-height:var(--h2_typography-line-height);--awb-caption-title-letter-spacing:var(--h2_typography-letter-spacing);\"><span class=\" fusion-imageframe imageframe-none imageframe-3 hover-type-none\"><img decoding=\"async\" width=\"580\" height=\"260\" title=\"my_energy_GB\" src=\"https:\/\/www.lovatoelectric.com\/wp-content\/uploads\/2022\/03\/my_energy_GB.jpg\" data-orig-src=\"https:\/\/www.lovatoelectric.com\/wp-content\/uploads\/2022\/03\/my_energy_GB.jpg\" alt class=\"lazyload img-responsive wp-image-23918\" srcset=\"data:image\/svg+xml,%3Csvg%20xmlns%3D%27http%3A%2F%2Fwww.w3.org%2F2000%2Fsvg%27%20width%3D%27580%27%20height%3D%27260%27%20viewBox%3D%270%200%20580%20260%27%3E%3Crect%20width%3D%27580%27%20height%3D%27260%27%20fill-opacity%3D%220%22%2F%3E%3C%2Fsvg%3E\" data-srcset=\"https:\/\/www.lovatoelectric.com\/wp-content\/uploads\/2022\/03\/my_energy_GB-200x90.jpg 200w, https:\/\/www.lovatoelectric.com\/wp-content\/uploads\/2022\/03\/my_energy_GB-400x179.jpg 400w, https:\/\/www.lovatoelectric.com\/wp-content\/uploads\/2022\/03\/my_energy_GB.jpg 580w\" data-sizes=\"auto\" data-orig-sizes=\"(max-width: 1024px) 100vw, (max-width: 640px) 100vw, 580px\" \/><\/span><\/div><\/div><\/div><\/div><\/div><div class=\"fusion-fullwidth fullwidth-box fusion-builder-row-4 fusion-flex-container nonhundred-percent-fullwidth non-hundred-percent-height-scrolling\" style=\"--awb-border-radius-top-left:0px;--awb-border-radius-top-right:0px;--awb-border-radius-bottom-right:0px;--awb-border-radius-bottom-left:0px;--awb-padding-top:0px;--awb-padding-bottom:0px;--awb-flex-wrap:wrap;\" ><div class=\"fusion-builder-row fusion-row fusion-flex-align-items-flex-start fusion-flex-content-wrap\" style=\"max-width:1320.8px;margin-left: calc(-4% \/ 2 );margin-right: calc(-4% \/ 2 );\"><div class=\"fusion-layout-column fusion_builder_column fusion-builder-column-6 fusion_builder_column_1_1 1_1 fusion-flex-column\" style=\"--awb-bg-size:cover;--awb-width-large:100%;--awb-margin-top-large:0px;--awb-spacing-right-large:1.92%;--awb-margin-bottom-large:0px;--awb-spacing-left-large:1.92%;--awb-width-medium:100%;--awb-order-medium:0;--awb-spacing-right-medium:1.92%;--awb-spacing-left-medium:1.92%;--awb-width-small:100%;--awb-order-small:0;--awb-spacing-right-small:1.92%;--awb-spacing-left-small:1.92%;\"><div class=\"fusion-column-wrapper fusion-column-has-shadow fusion-flex-justify-content-flex-start fusion-content-layout-column\"><div class=\"fusion-separator\" style=\"align-self: center;margin-left: auto;margin-right: auto;margin-top:40px;margin-bottom:40px;width:100%;max-width:80%;\"><div class=\"fusion-separator-border sep-single sep-solid\" style=\"--awb-height:20px;--awb-amount:20px;border-color:rgba(40,45,51,0.1);border-top-width:1px;\"><\/div><\/div><\/div><\/div><\/div><\/div><div class=\"fusion-fullwidth fullwidth-box fusion-builder-row-5 fusion-flex-container nonhundred-percent-fullwidth non-hundred-percent-height-scrolling\" style=\"--awb-border-radius-top-left:0px;--awb-border-radius-top-right:0px;--awb-border-radius-bottom-right:0px;--awb-border-radius-bottom-left:0px;--awb-padding-top:0px;--awb-padding-bottom:0px;--awb-margin-top:0px;--awb-margin-bottom:0px;--awb-flex-wrap:wrap;\" ><div class=\"fusion-builder-row fusion-row fusion-flex-align-items-flex-start fusion-flex-content-wrap\" style=\"max-width:1320.8px;margin-left: calc(-4% \/ 2 );margin-right: calc(-4% \/ 2 );\"><div class=\"fusion-layout-column fusion_builder_column fusion-builder-column-7 fusion_builder_column_1_3 1_3 fusion-flex-column\" style=\"--awb-bg-size:cover;--awb-width-large:33.333333333333%;--awb-margin-top-large:25px;--awb-spacing-right-large:5.76%;--awb-margin-bottom-large:25px;--awb-spacing-left-large:5.76%;--awb-width-medium:100%;--awb-order-medium:0;--awb-spacing-right-medium:1.92%;--awb-spacing-left-medium:1.92%;--awb-width-small:100%;--awb-order-small:0;--awb-spacing-right-small:1.92%;--awb-spacing-left-small:1.92%;\"><div class=\"fusion-column-wrapper fusion-column-has-shadow fusion-flex-justify-content-flex-start fusion-content-layout-column\"><div class=\"fusion-image-element \" style=\"--awb-caption-title-font-family:var(--h2_typography-font-family);--awb-caption-title-font-weight:var(--h2_typography-font-weight);--awb-caption-title-font-style:var(--h2_typography-font-style);--awb-caption-title-size:var(--h2_typography-font-size);--awb-caption-title-transform:var(--h2_typography-text-transform);--awb-caption-title-line-height:var(--h2_typography-line-height);--awb-caption-title-letter-spacing:var(--h2_typography-letter-spacing);\"><span class=\" fusion-imageframe imageframe-none imageframe-4 hover-type-none\"><img decoding=\"async\" width=\"250\" height=\"92\" title=\"My_SPDconfigurator\" src=\"https:\/\/www.lovatoelectric.com\/wp-content\/uploads\/2022\/05\/My_SPDconfigurator.jpg\" data-orig-src=\"https:\/\/www.lovatoelectric.com\/wp-content\/uploads\/2022\/05\/My_SPDconfigurator.jpg\" alt class=\"lazyload img-responsive wp-image-37574\" srcset=\"data:image\/svg+xml,%3Csvg%20xmlns%3D%27http%3A%2F%2Fwww.w3.org%2F2000%2Fsvg%27%20width%3D%27250%27%20height%3D%2792%27%20viewBox%3D%270%200%20250%2092%27%3E%3Crect%20width%3D%27250%27%20height%3D%2792%27%20fill-opacity%3D%220%22%2F%3E%3C%2Fsvg%3E\" data-srcset=\"https:\/\/www.lovatoelectric.com\/wp-content\/uploads\/2022\/05\/My_SPDconfigurator-200x74.jpg 200w, https:\/\/www.lovatoelectric.com\/wp-content\/uploads\/2022\/05\/My_SPDconfigurator.jpg 250w\" data-sizes=\"auto\" data-orig-sizes=\"(max-width: 1024px) 100vw, (max-width: 640px) 100vw, 250px\" \/><\/span><\/div><\/div><\/div><div class=\"fusion-layout-column fusion_builder_column fusion-builder-column-8 fusion_builder_column_2_3 2_3 fusion-flex-column\" style=\"--awb-bg-blend:overlay;--awb-bg-size:cover;--awb-width-large:66.666666666667%;--awb-margin-top-large:0px;--awb-spacing-right-large:2.88%;--awb-margin-bottom-large:0px;--awb-spacing-left-large:2.88%;--awb-width-medium:100%;--awb-spacing-right-medium:1.92%;--awb-spacing-left-medium:1.92%;--awb-width-small:100%;--awb-spacing-right-small:1.92%;--awb-spacing-left-small:1.92%;\"><div class=\"fusion-column-wrapper fusion-flex-justify-content-flex-start fusion-content-layout-column\"><div class=\"fusion-text fusion-text-7\" style=\"--awb-text-transform:none;\"><h4 data-fusion-font=\"true\" data-fusion-google-font=\"Work Sans\" data-fusion-google-variant=\"400\" style=\"font-family: 'Work Sans'; font-weight: 400;\">Configurateur pour les dispositifs de protection contre les surtensions<\/h4>\n<\/div><div class=\"fusion-text fusion-text-8\" style=\"--awb-text-transform:none;\"><p><strong>Trouvez les dispositifs de protection contre les surtensions qui r\u00e9pondent le mieux \u00e0 vos besoins avec le nouveau MySPDConfigurator.<\/strong><\/p>\n<p>Avec les caract\u00e9ristiques du syst\u00e8me ou avec un num\u00e9ro de pi\u00e8ce, vous pourrez identifier le bon produit, consulter les fiches techniques et envoyer imm\u00e9diatement la liste de pi\u00e8ces \u00e0 commander.<\/p>\n<\/div><div class=\"fusion-text fusion-text-9\" style=\"--awb-text-transform:none;\"><h5 style=\"--fontsize: 22; line-height: 1.34; --minfontsize: 22;\"><u><a style=\"color: var(--awb-custom17);\" href=\"https:\/\/myspdconfigurator.lovatoelectric.com\/home\" target=\"_blank\" rel=\"noopener\">Configurateur web<\/a><span style=\"color: var(--awb-custom17);\"> &gt;&gt;<\/span><\/u><\/h5>\n<\/div><div class=\"fusion-image-element \" style=\"--awb-caption-title-font-family:var(--h2_typography-font-family);--awb-caption-title-font-weight:var(--h2_typography-font-weight);--awb-caption-title-font-style:var(--h2_typography-font-style);--awb-caption-title-size:var(--h2_typography-font-size);--awb-caption-title-transform:var(--h2_typography-text-transform);--awb-caption-title-line-height:var(--h2_typography-line-height);--awb-caption-title-letter-spacing:var(--h2_typography-letter-spacing);\"><span class=\" fusion-imageframe imageframe-none imageframe-5 hover-type-none\"><img decoding=\"async\" width=\"580\" height=\"278\" title=\"my_SPD_configurator_GB\" src=\"https:\/\/www.lovatoelectric.com\/wp-content\/uploads\/2022\/05\/my_SPD_configurator_GB.jpg\" data-orig-src=\"https:\/\/www.lovatoelectric.com\/wp-content\/uploads\/2022\/05\/my_SPD_configurator_GB.jpg\" alt class=\"lazyload img-responsive wp-image-37553\" srcset=\"data:image\/svg+xml,%3Csvg%20xmlns%3D%27http%3A%2F%2Fwww.w3.org%2F2000%2Fsvg%27%20width%3D%27580%27%20height%3D%27278%27%20viewBox%3D%270%200%20580%20278%27%3E%3Crect%20width%3D%27580%27%20height%3D%27278%27%20fill-opacity%3D%220%22%2F%3E%3C%2Fsvg%3E\" data-srcset=\"https:\/\/www.lovatoelectric.com\/wp-content\/uploads\/2022\/05\/my_SPD_configurator_GB-200x96.jpg 200w, https:\/\/www.lovatoelectric.com\/wp-content\/uploads\/2022\/05\/my_SPD_configurator_GB-400x192.jpg 400w, https:\/\/www.lovatoelectric.com\/wp-content\/uploads\/2022\/05\/my_SPD_configurator_GB.jpg 580w\" data-sizes=\"auto\" data-orig-sizes=\"(max-width: 1024px) 100vw, (max-width: 640px) 100vw, 580px\" \/><\/span><\/div><\/div><\/div><\/div><\/div><div class=\"fusion-fullwidth fullwidth-box fusion-builder-row-6 fusion-flex-container nonhundred-percent-fullwidth non-hundred-percent-height-scrolling\" style=\"--awb-border-radius-top-left:0px;--awb-border-radius-top-right:0px;--awb-border-radius-bottom-right:0px;--awb-border-radius-bottom-left:0px;--awb-padding-top:0px;--awb-padding-bottom:0px;--awb-flex-wrap:wrap;\" ><div class=\"fusion-builder-row fusion-row fusion-flex-align-items-flex-start fusion-flex-content-wrap\" style=\"max-width:1320.8px;margin-left: calc(-4% \/ 2 );margin-right: calc(-4% \/ 2 );\"><div class=\"fusion-layout-column fusion_builder_column fusion-builder-column-9 fusion_builder_column_1_1 1_1 fusion-flex-column\" style=\"--awb-bg-size:cover;--awb-width-large:100%;--awb-margin-top-large:0px;--awb-spacing-right-large:1.92%;--awb-margin-bottom-large:0px;--awb-spacing-left-large:1.92%;--awb-width-medium:100%;--awb-order-medium:0;--awb-spacing-right-medium:1.92%;--awb-spacing-left-medium:1.92%;--awb-width-small:100%;--awb-order-small:0;--awb-spacing-right-small:1.92%;--awb-spacing-left-small:1.92%;\"><div class=\"fusion-column-wrapper fusion-column-has-shadow fusion-flex-justify-content-flex-start fusion-content-layout-column\"><div class=\"fusion-separator\" style=\"align-self: center;margin-left: auto;margin-right: auto;margin-top:40px;margin-bottom:40px;width:100%;max-width:80%;\"><div class=\"fusion-separator-border sep-single sep-solid\" style=\"--awb-height:20px;--awb-amount:20px;border-color:rgba(40,45,51,0.1);border-top-width:1px;\"><\/div><\/div><\/div><\/div><\/div><\/div><\/p>\n","protected":false},"excerpt":{"rendered":"","protected":false},"author":1,"featured_media":0,"parent":37686,"menu_order":0,"comment_status":"closed","ping_status":"closed","template":"100-width.php","meta":{"footnotes":""},"aioseo_notices":[],"_links":{"self":[{"href":"https:\/\/www.lovatoelectric.com\/gl_fr\/wp-json\/wp\/v2\/pages\/37731"}],"collection":[{"href":"https:\/\/www.lovatoelectric.com\/gl_fr\/wp-json\/wp\/v2\/pages"}],"about":[{"href":"https:\/\/www.lovatoelectric.com\/gl_fr\/wp-json\/wp\/v2\/types\/page"}],"author":[{"embeddable":true,"href":"https:\/\/www.lovatoelectric.com\/gl_fr\/wp-json\/wp\/v2\/users\/1"}],"replies":[{"embeddable":true,"href":"https:\/\/www.lovatoelectric.com\/gl_fr\/wp-json\/wp\/v2\/comments?post=37731"}],"version-history":[{"count":11,"href":"https:\/\/www.lovatoelectric.com\/gl_fr\/wp-json\/wp\/v2\/pages\/37731\/revisions"}],"predecessor-version":[{"id":135650,"href":"https:\/\/www.lovatoelectric.com\/gl_fr\/wp-json\/wp\/v2\/pages\/37731\/revisions\/135650"}],"up":[{"embeddable":true,"href":"https:\/\/www.lovatoelectric.com\/gl_fr\/wp-json\/wp\/v2\/pages\/37686"}],"wp:attachment":[{"href":"https:\/\/www.lovatoelectric.com\/gl_fr\/wp-json\/wp\/v2\/media?parent=37731"}],"curies":[{"name":"wp","href":"https:\/\/api.w.org\/{rel}","templated":true}]}}