{"id":31070,"date":"2021-08-26T10:30:28","date_gmt":"2021-08-26T08:30:28","guid":{"rendered":"https:\/\/www.lovatoelectric.com\/qui-sommes-nous\/lovato-lab\/"},"modified":"2024-10-17T11:47:50","modified_gmt":"2024-10-17T09:47:50","slug":"lovato-lab","status":"publish","type":"page","link":"https:\/\/www.lovatoelectric.com\/gl_fr\/qui-sommes-nous\/lovato-lab\/","title":{"rendered":"Lovato Lab"},"content":{"rendered":"<div class=\"fusion-fullwidth fullwidth-box fusion-builder-row-1 fusion-flex-container nonhundred-percent-fullwidth non-hundred-percent-height-scrolling\" style=\"--awb-border-radius-top-left:0px;--awb-border-radius-top-right:0px;--awb-border-radius-bottom-right:0px;--awb-border-radius-bottom-left:0px;--awb-padding-top:0px;--awb-padding-bottom:0px;--awb-margin-top:0px;--awb-margin-bottom:0px;--awb-flex-wrap:wrap;\" ><div class=\"fusion-builder-row fusion-row fusion-flex-align-items-flex-start fusion-flex-content-wrap\" style=\"max-width:1320.8px;margin-left: calc(-4% \/ 2 );margin-right: calc(-4% \/ 2 );\"><div class=\"fusion-layout-column fusion_builder_column fusion-builder-column-0 fusion_builder_column_1_2 1_2 fusion-flex-column\" style=\"--awb-padding-top:0px;--awb-padding-bottom:0px;--awb-bg-size:cover;--awb-width-large:50%;--awb-margin-top-large:0px;--awb-spacing-right-large:3.84%;--awb-margin-bottom-large:0px;--awb-spacing-left-large:3.84%;--awb-width-medium:100%;--awb-order-medium:0;--awb-spacing-right-medium:1.92%;--awb-spacing-left-medium:1.92%;--awb-width-small:100%;--awb-order-small:0;--awb-spacing-right-small:1.92%;--awb-spacing-left-small:1.92%;\"><div class=\"fusion-column-wrapper fusion-column-has-shadow fusion-flex-justify-content-flex-start fusion-content-layout-column\"><div class=\"fusion-title title fusion-title-1 fusion-sep-none fusion-title-text fusion-title-size-two\"><h2 class=\"fusion-title-heading title-heading-left fusion-responsive-typography-calculated\" style=\"margin:0;--fontSize:44;line-height:1.26;\">Lovato Lab<\/h2><\/div><\/div><\/div><div class=\"fusion-layout-column fusion_builder_column fusion-builder-column-1 fusion_builder_column_1_2 1_2 fusion-flex-column\" style=\"--awb-padding-top:0px;--awb-padding-bottom:0px;--awb-bg-size:cover;--awb-width-large:50%;--awb-margin-top-large:0px;--awb-spacing-right-large:3.84%;--awb-margin-bottom-large:0px;--awb-spacing-left-large:3.84%;--awb-width-medium:100%;--awb-order-medium:0;--awb-spacing-right-medium:1.92%;--awb-spacing-left-medium:1.92%;--awb-width-small:100%;--awb-order-small:0;--awb-spacing-right-small:1.92%;--awb-spacing-left-small:1.92%;\"><div class=\"fusion-column-wrapper fusion-column-has-shadow fusion-flex-justify-content-flex-start fusion-content-layout-column\"><div class=\"fusion-image-element \" style=\"text-align:right;--awb-caption-title-font-family:var(--h2_typography-font-family);--awb-caption-title-font-weight:var(--h2_typography-font-weight);--awb-caption-title-font-style:var(--h2_typography-font-style);--awb-caption-title-size:var(--h2_typography-font-size);--awb-caption-title-transform:var(--h2_typography-text-transform);--awb-caption-title-line-height:var(--h2_typography-line-height);--awb-caption-title-letter-spacing:var(--h2_typography-letter-spacing);\"><span class=\" fusion-imageframe imageframe-none imageframe-1 hover-type-none\"><img decoding=\"async\" width=\"200\" height=\"50\" title=\"Logo-LAB_1s\" src=\"data:image\/svg+xml,%3Csvg%20xmlns%3D%27http%3A%2F%2Fwww.w3.org%2F2000%2Fsvg%27%20width%3D%27200%27%20height%3D%2750%27%20viewBox%3D%270%200%20200%2050%27%3E%3Crect%20width%3D%27200%27%20height%3D%2750%27%20fill-opacity%3D%220%22%2F%3E%3C%2Fsvg%3E\" data-orig-src=\"https:\/\/www.lovatoelectric.com\/wp-content\/uploads\/2021\/12\/Logo-LAB_1s.png\" alt class=\"lazyload img-responsive wp-image-11315\"\/><\/span><\/div><\/div><\/div><div class=\"fusion-layout-column fusion_builder_column fusion-builder-column-2 fusion_builder_column_1_2 1_2 fusion-flex-column\" style=\"--awb-padding-top:0px;--awb-padding-bottom:0px;--awb-bg-size:cover;--awb-width-large:50%;--awb-margin-top-large:0px;--awb-spacing-right-large:3.84%;--awb-margin-bottom-large:0px;--awb-spacing-left-large:3.84%;--awb-width-medium:100%;--awb-order-medium:0;--awb-spacing-right-medium:1.92%;--awb-spacing-left-medium:1.92%;--awb-width-small:100%;--awb-order-small:0;--awb-spacing-right-small:1.92%;--awb-spacing-left-small:1.92%;\"><div class=\"fusion-column-wrapper fusion-column-has-shadow fusion-flex-justify-content-flex-start fusion-content-layout-column\"><div class=\"fusion-image-element \" style=\"--awb-caption-title-font-family:var(--h2_typography-font-family);--awb-caption-title-font-weight:var(--h2_typography-font-weight);--awb-caption-title-font-style:var(--h2_typography-font-style);--awb-caption-title-size:var(--h2_typography-font-size);--awb-caption-title-transform:var(--h2_typography-text-transform);--awb-caption-title-line-height:var(--h2_typography-line-height);--awb-caption-title-letter-spacing:var(--h2_typography-letter-spacing);\"><span class=\" fusion-imageframe imageframe-none imageframe-2 hover-type-none fusion-animated\" data-animationType=\"fadeInLeft\" data-animationDuration=\"0.6\" data-animationOffset=\"top-into-view\"><img decoding=\"async\" width=\"800\" height=\"533\" title=\"IMG_0611_\" src=\"https:\/\/www.lovatoelectric.com\/wp-content\/uploads\/2021\/12\/IMG_0611_.jpg\" data-orig-src=\"https:\/\/www.lovatoelectric.com\/wp-content\/uploads\/2021\/12\/IMG_0611_.jpg\" alt class=\"lazyload img-responsive wp-image-11248\" srcset=\"data:image\/svg+xml,%3Csvg%20xmlns%3D%27http%3A%2F%2Fwww.w3.org%2F2000%2Fsvg%27%20width%3D%27800%27%20height%3D%27533%27%20viewBox%3D%270%200%20800%20533%27%3E%3Crect%20width%3D%27800%27%20height%3D%27533%27%20fill-opacity%3D%220%22%2F%3E%3C%2Fsvg%3E\" data-srcset=\"https:\/\/www.lovatoelectric.com\/wp-content\/uploads\/2021\/12\/IMG_0611_-200x133.jpg 200w, https:\/\/www.lovatoelectric.com\/wp-content\/uploads\/2021\/12\/IMG_0611_-400x267.jpg 400w, https:\/\/www.lovatoelectric.com\/wp-content\/uploads\/2021\/12\/IMG_0611_-600x400.jpg 600w, https:\/\/www.lovatoelectric.com\/wp-content\/uploads\/2021\/12\/IMG_0611_.jpg 800w\" data-sizes=\"auto\" data-orig-sizes=\"(max-width: 1024px) 100vw, (max-width: 640px) 100vw, 600px\" \/><\/span><\/div><\/div><\/div><div class=\"fusion-layout-column fusion_builder_column fusion-builder-column-3 fusion_builder_column_1_2 1_2 fusion-flex-column\" style=\"--awb-padding-top:0px;--awb-padding-bottom:0px;--awb-bg-size:cover;--awb-width-large:50%;--awb-margin-top-large:0px;--awb-spacing-right-large:3.84%;--awb-margin-bottom-large:0px;--awb-spacing-left-large:3.84%;--awb-width-medium:100%;--awb-order-medium:0;--awb-spacing-right-medium:1.92%;--awb-spacing-left-medium:1.92%;--awb-width-small:100%;--awb-order-small:0;--awb-spacing-right-small:1.92%;--awb-spacing-left-small:1.92%;\"><div class=\"fusion-column-wrapper fusion-column-has-shadow fusion-flex-justify-content-flex-start fusion-content-layout-column\"><div class=\"fusion-text fusion-text-1\" style=\"--awb-text-transform:none;\"><p><strong><span style=\"color: #fa4515;\">LOVATO LAB<\/span><\/strong> est le laboratoire de R&amp;D de <strong><span style=\"color: #fa4515;\">LOVATO Electric<\/span><\/strong>  sp\u00e9cialis\u00e9 dans les essais de R&amp;D.<br \/><span style=\"background-color: rgba(255, 255, 255, 0); color: var(--body_typography-color); font-family: var(--body_typography-font-family); font-size: var(--body_typography-font-size); font-style: var(--body_typography-font-style,normal); font-weight: var(--body_typography-font-weight); letter-spacing: var(--body_typography-letter-spacing);\">Le laboratoire est n\u00e9 de la n\u00e9cessit\u00e9 d&#8217;\u00e9tendre les capacit\u00e9s d&#8217;essai de la soci\u00e9t\u00e9 pour le d\u00e9veloppement de nouveaux produits hautement performants, garantissant les plus hauts standards de s\u00e9curit\u00e9 et de fiabilit\u00e9 tout en r\u00e9duisant le temps de mise sur le march\u00e9. Il existe trois types d\u2019essais:<\/span><\/p>\n<ul>\n<li>essais de d\u00e9veloppement de nouveaux produits;<\/li>\n<li><span style=\"background-color: rgba(255, 255, 255, 0); color: var(--body_typography-color); font-family: var(--body_typography-font-family); font-size: var(--body_typography-font-size); font-style: var(--body_typography-font-style,normal); font-weight: var(--body_typography-font-weight); letter-spacing: var(--body_typography-letter-spacing);\">essais de validation de la conformit\u00e9 aux r\u00e8glementations et aux normes;<\/span><\/li>\n<li>essais p\u00e9riodiques des produits existants.<\/li>\n<\/ul>\n<p>Le syst\u00e8me qualit\u00e9 du laboratoire <strong><span style=\"color: #fa4515;\">LOVATO Electric<\/span><\/strong> est conforme \u00e0 la norme internationale EN\/ISO\/IEC 17025 et est accr\u00e9dit\u00e9 par les principaux organismes nationaux et internationaux tels que LOVAG\/ACAE et IMQ pour les essais n\u00e9cessaires \u00e0 l&#8217;obtention des certifications de produits.<\/p>\n<\/div><\/div><\/div><div class=\"fusion-layout-column fusion_builder_column fusion-builder-column-4 fusion_builder_column_1_1 1_1 fusion-flex-column\" style=\"--awb-padding-top:0px;--awb-padding-bottom:0px;--awb-bg-size:cover;--awb-width-large:100%;--awb-margin-top-large:0px;--awb-spacing-right-large:1.92%;--awb-margin-bottom-large:0px;--awb-spacing-left-large:1.92%;--awb-width-medium:100%;--awb-order-medium:0;--awb-spacing-right-medium:1.92%;--awb-spacing-left-medium:1.92%;--awb-width-small:100%;--awb-order-small:0;--awb-spacing-right-small:1.92%;--awb-spacing-left-small:1.92%;\"><div class=\"fusion-column-wrapper fusion-column-has-shadow fusion-flex-justify-content-flex-start fusion-content-layout-column\"><div class=\"fusion-separator fusion-full-width-sep\" style=\"align-self: center;margin-left: auto;margin-right: auto;margin-top:10px;margin-bottom:10px;width:100%;\"><div class=\"fusion-separator-border sep-single sep-solid\" style=\"--awb-height:20px;--awb-amount:20px;border-color:rgba(40,45,51,0.1);border-top-width:1px;\"><\/div><\/div><div class=\"fusion-image-element \" style=\"--awb-margin-top:20px;--awb-margin-bottom:20px;--awb-caption-title-font-family:var(--h2_typography-font-family);--awb-caption-title-font-weight:var(--h2_typography-font-weight);--awb-caption-title-font-style:var(--h2_typography-font-style);--awb-caption-title-size:var(--h2_typography-font-size);--awb-caption-title-transform:var(--h2_typography-text-transform);--awb-caption-title-line-height:var(--h2_typography-line-height);--awb-caption-title-letter-spacing:var(--h2_typography-letter-spacing);\"><span class=\" fusion-imageframe imageframe-none imageframe-3 hover-type-none fusion-animated\" data-animationType=\"fadeInLeft\" data-animationDuration=\"0.6\" data-animationOffset=\"top-into-view\"><img decoding=\"async\" width=\"1600\" height=\"479\" title=\"Lovato-Mon_0115_\" src=\"https:\/\/www.lovatoelectric.com\/wp-content\/uploads\/2021\/12\/Lovato-Mon_0115_.jpg\" data-orig-src=\"https:\/\/www.lovatoelectric.com\/wp-content\/uploads\/2021\/12\/Lovato-Mon_0115_.jpg\" alt class=\"lazyload img-responsive wp-image-11290\" srcset=\"data:image\/svg+xml,%3Csvg%20xmlns%3D%27http%3A%2F%2Fwww.w3.org%2F2000%2Fsvg%27%20width%3D%271600%27%20height%3D%27479%27%20viewBox%3D%270%200%201600%20479%27%3E%3Crect%20width%3D%271600%27%20height%3D%27479%27%20fill-opacity%3D%220%22%2F%3E%3C%2Fsvg%3E\" data-srcset=\"https:\/\/www.lovatoelectric.com\/wp-content\/uploads\/2021\/12\/Lovato-Mon_0115_-200x60.jpg 200w, https:\/\/www.lovatoelectric.com\/wp-content\/uploads\/2021\/12\/Lovato-Mon_0115_-400x120.jpg 400w, https:\/\/www.lovatoelectric.com\/wp-content\/uploads\/2021\/12\/Lovato-Mon_0115_-600x180.jpg 600w, https:\/\/www.lovatoelectric.com\/wp-content\/uploads\/2021\/12\/Lovato-Mon_0115_-800x240.jpg 800w, https:\/\/www.lovatoelectric.com\/wp-content\/uploads\/2021\/12\/Lovato-Mon_0115_-1200x359.jpg 1200w, https:\/\/www.lovatoelectric.com\/wp-content\/uploads\/2021\/12\/Lovato-Mon_0115_.jpg 1600w\" data-sizes=\"auto\" data-orig-sizes=\"(max-width: 1024px) 100vw, (max-width: 640px) 100vw, 1600px\" \/><\/span><\/div><div class=\"fusion-text fusion-text-2\" style=\"--awb-text-transform:none;\"><p><span style=\"background-color: rgba(255, 255, 255, 0); color: var(--body_typography-color); font-family: var(--body_typography-font-family); font-size: var(--body_typography-font-size); font-style: var(--body_typography-font-style,normal); font-weight: var(--body_typography-font-weight); letter-spacing: var(--body_typography-letter-spacing);\">Le laboratoire est \u00e9quip\u00e9 d&#8217;alternateurs synchrones moyenne tension, d&#8217;une cellule GTEM pour les essais CEM, d&#8217;un syst\u00e8me de court-circuit synth\u00e9tique de 65 kA, de g\u00e9n\u00e9rateurs de courant programmables pour les essais de temp\u00e9rature et de coupure thermique, de g\u00e9n\u00e9rateurs de courant de haute pr\u00e9cision, d&#8217;enregistreurs de donn\u00e9es isol\u00e9s \u00e0 fr\u00e9quence d&#8217;\u00e9chantillonnage \u00e9lev\u00e9e et de disjoncteurs statiques.<\/span>.<\/p>\n<p><strong><span style=\"color: #fa4515;\">LOVATO LAB<\/span><\/strong> <span style=\"background-color: rgba(255, 255, 255, 0); color: var(--body_typography-color); font-family: var(--body_typography-font-family); font-size: var(--body_typography-font-size); font-style: var(--body_typography-font-style,normal); font-weight: var(--body_typography-font-weight); letter-spacing: var(--body_typography-letter-spacing);\">est \u00e9galement \u00e9quip\u00e9 de cam\u00e9ras \u00e0 grande vitesse et de chambres thermiques pour l&#8217;\u00e9tude des ph\u00e9nom\u00e8nes physiques li\u00e9s aux produits.<\/span><\/p>\n<p>Pour les essais de dur\u00e9e de vie \u00e9lectrique et m\u00e9canique, il dispose de nombreux bancs d&#8217;essai et d&#8217;un alternateur synchrone basse tension pour la production d\u2019\u00e9nergie jusqu&#8217;\u00e0 1 800 kVA.<\/p>\n<p>Il dispose \u00e9galement d\u2019un tomographe de 225 kV pour tester les exigences de qualit\u00e9 les plus vari\u00e9es et les plus strictes, qui analyse la structure des pi\u00e8ces dans leur int\u00e9gralit\u00e9, tant \u00e0 l\u2019int\u00e9rieur qu&#8217;\u00e0 l\u2019ext\u00e9rieur<\/p>\n<\/div><\/div><\/div><div class=\"fusion-layout-column fusion_builder_column fusion-builder-column-5 fusion_builder_column_1_1 1_1 fusion-flex-column fusion-flex-align-self-center\" style=\"--awb-bg-size:cover;--awb-width-large:100%;--awb-margin-top-large:25px;--awb-spacing-right-large:1.92%;--awb-margin-bottom-large:25px;--awb-spacing-left-large:1.92%;--awb-width-medium:100%;--awb-order-medium:0;--awb-spacing-right-medium:1.92%;--awb-spacing-left-medium:1.92%;--awb-width-small:100%;--awb-order-small:0;--awb-spacing-right-small:1.92%;--awb-spacing-left-small:1.92%;\"><div class=\"fusion-column-wrapper fusion-column-has-shadow fusion-flex-justify-content-center fusion-content-layout-column\"><div style=\"text-align:center;\"><a class=\"fusion-button button-flat fusion-button-default-size button-default fusion-button-default button-1 fusion-button-default-span fusion-button-default-type\" target=\"_blank\" rel=\"noopener noreferrer\" href=\"https:\/\/download.lovatoelectric.com\/Brochure%20Lovato%20LAB\/PD162GB.pdf\"><span class=\"fusion-button-text\">T\u00c9L\u00c9CHARGEMENT DU DOCUMENT<\/span><\/a><\/div><\/div><\/div><\/div><\/div>\n","protected":false},"excerpt":{"rendered":"","protected":false},"author":1,"featured_media":0,"parent":30737,"menu_order":4,"comment_status":"closed","ping_status":"closed","template":"100-width.php","meta":{"footnotes":""},"aioseo_notices":[],"_links":{"self":[{"href":"https:\/\/www.lovatoelectric.com\/gl_fr\/wp-json\/wp\/v2\/pages\/31070"}],"collection":[{"href":"https:\/\/www.lovatoelectric.com\/gl_fr\/wp-json\/wp\/v2\/pages"}],"about":[{"href":"https:\/\/www.lovatoelectric.com\/gl_fr\/wp-json\/wp\/v2\/types\/page"}],"author":[{"embeddable":true,"href":"https:\/\/www.lovatoelectric.com\/gl_fr\/wp-json\/wp\/v2\/users\/1"}],"replies":[{"embeddable":true,"href":"https:\/\/www.lovatoelectric.com\/gl_fr\/wp-json\/wp\/v2\/comments?post=31070"}],"version-history":[{"count":1,"href":"https:\/\/www.lovatoelectric.com\/gl_fr\/wp-json\/wp\/v2\/pages\/31070\/revisions"}],"predecessor-version":[{"id":136279,"href":"https:\/\/www.lovatoelectric.com\/gl_fr\/wp-json\/wp\/v2\/pages\/31070\/revisions\/136279"}],"up":[{"embeddable":true,"href":"https:\/\/www.lovatoelectric.com\/gl_fr\/wp-json\/wp\/v2\/pages\/30737"}],"wp:attachment":[{"href":"https:\/\/www.lovatoelectric.com\/gl_fr\/wp-json\/wp\/v2\/media?parent=31070"}],"curies":[{"name":"wp","href":"https:\/\/api.w.org\/{rel}","templated":true}]}}