{"id":47613,"date":"2022-03-16T15:16:57","date_gmt":"2022-03-16T14:16:57","guid":{"rendered":"https:\/\/www.lovatoelectric.com\/general-terms-and-conditions-of-supply\/"},"modified":"2023-02-13T13:00:25","modified_gmt":"2023-02-13T12:00:25","slug":"condiciones-generales-de-suministro","status":"publish","type":"page","link":"https:\/\/www.lovatoelectric.com\/es_es\/condiciones-generales-de-suministro\/","title":{"rendered":"Condiciones generales de suministro"},"content":{"rendered":"<div class=\"fusion-fullwidth fullwidth-box fusion-builder-row-1 fusion-flex-container nonhundred-percent-fullwidth non-hundred-percent-height-scrolling\" style=\"--awb-border-radius-top-left:0px;--awb-border-radius-top-right:0px;--awb-border-radius-bottom-right:0px;--awb-border-radius-bottom-left:0px;--awb-padding-top:0px;--awb-padding-bottom:0px;--awb-margin-top:0px;--awb-margin-bottom:0px;--awb-flex-wrap:wrap;\" ><div class=\"fusion-builder-row fusion-row fusion-flex-align-items-flex-start fusion-flex-content-wrap\" style=\"max-width:1320.8px;margin-left: calc(-4% \/ 2 );margin-right: calc(-4% \/ 2 );\"><div class=\"fusion-layout-column fusion_builder_column fusion-builder-column-0 fusion_builder_column_1_1 1_1 fusion-flex-column\" style=\"--awb-padding-top:0px;--awb-padding-bottom:0px;--awb-bg-size:cover;--awb-width-large:100%;--awb-margin-top-large:0px;--awb-spacing-right-large:1.92%;--awb-margin-bottom-large:0px;--awb-spacing-left-large:1.92%;--awb-width-medium:100%;--awb-order-medium:0;--awb-spacing-right-medium:1.92%;--awb-spacing-left-medium:1.92%;--awb-width-small:100%;--awb-order-small:0;--awb-spacing-right-small:1.92%;--awb-spacing-left-small:1.92%;\"><div class=\"fusion-column-wrapper fusion-column-has-shadow fusion-flex-justify-content-flex-start fusion-content-layout-column\"><div class=\"fusion-title title fusion-title-1 fusion-sep-none fusion-title-text fusion-title-size-two\" style=\"--awb-margin-top:0px;--awb-margin-bottom:20px;\"><h2 class=\"fusion-title-heading title-heading-left fusion-responsive-typography-calculated\" style=\"margin:0;--fontSize:44;line-height:1.26;\">Condiciones generales de suministro<\/h2><\/div><\/div><\/div><div class=\"fusion-layout-column fusion_builder_column fusion-builder-column-1 fusion_builder_column_1_1 1_1 fusion-flex-column\" style=\"--awb-bg-size:cover;--awb-width-large:100%;--awb-margin-top-large:0px;--awb-spacing-right-large:1.92%;--awb-margin-bottom-large:0px;--awb-spacing-left-large:1.92%;--awb-width-medium:100%;--awb-spacing-right-medium:1.92%;--awb-spacing-left-medium:1.92%;--awb-width-small:100%;--awb-spacing-right-small:1.92%;--awb-spacing-left-small:1.92%;\"><div class=\"fusion-column-wrapper fusion-flex-justify-content-flex-start fusion-content-layout-column\"><div class=\"fusion-text fusion-text-1\" style=\"--awb-text-transform:none;\"><p>(Rev. 00)<\/p>\n<p><strong>1 Introducci\u00f3n<\/strong><br \/>\nEstos T\u00e9rminos y Condiciones Generales de Suministro (en adelante, \u201cGTS\u201d) se aplican a todos los Suministros (por ejemplo, contratos de compra, contrataci\u00f3n de bienes y\/o servicios, etc.) proporcionados a Lovato Electric S.p.A. (en adelante, \u201cLovato\u201d) salvo excepciones espec\u00edficamente acordadas por escrito, y rigen las relaciones entre Lovato y sus Proveedores, formando parte del pedido que Lovato env\u00eda al Proveedor, y conducen a la no aplicaci\u00f3n de los t\u00e9rminos y condiciones generales del Proveedor. Por lo tanto, cualquier cl\u00e1usula insertada por el Proveedor en sus confirmaciones, facturas y correspondencia, ya sea en contra o adicional a las presentes GTS, se considerar\u00e1 como no aplicable a menos que Lovato acepte expresa y excepcionalmente lo contrario por escrito.<br \/>\nLas presentes GTS han sido anunciadas y plenamente aceptadas tras la publicaci\u00f3n de las mismas en la p\u00e1gina web corporativa de Lovato (https:\/\/www.lovatoelectric.com\/, apartado Descargas), desde donde pueden ser de libre acceso y consulta. La redacci\u00f3n espec\u00edfica en referencia a estos GTS se encuentra al pie de cada Orden de Compra enviada por Lovato, y se requiere la aceptaci\u00f3n de la misma por parte de los Proveedores que cumplan con los requisitos al final del procedimiento de registro para el Portal de Proveedores de Lovato.<\/p>\n<p><strong>2 Prohibici\u00f3n de cesi\u00f3n y subcontrataci\u00f3n<\/strong><br \/>\nEl Proveedor no podr\u00e1 en ning\u00fan caso, ni siquiera parcialmente, transferir a terceros los derechos derivados de las relaciones de suministro. El Proveedor siempre est\u00e1 obligado a informar a Lovato y obtener autorizaci\u00f3n previa por escrito en caso de que pretenda subcontratar el suministro de bienes o servicios. Cualquier autorizaci\u00f3n obtenida para la subcontrataci\u00f3n del suministro no exime al Proveedor de sus obligaciones y responsabilidades contractuales. El Proveedor responder\u00e1 \u00edntegramente del trabajo y personal de los subcontratistas as\u00ed como del propio. Lovato permanecer\u00e1 completamente alejada de dicha relaci\u00f3n.<\/p>\n<p><strong>3 Confirmaci\u00f3n del pedido<\/strong><br \/>\nCualquier Proveedor que reciba un pedido para el suministro de productos\/servicios est\u00e1 obligado a enviar una Confirmaci\u00f3n de Pedido por correo electr\u00f3nico como aceptaci\u00f3n dentro de los tres d\u00edas h\u00e1biles siguientes a la fecha de recepci\u00f3n del mismo.<\/p>\n<p><strong>4 Confidencialidad y Propiedad Intelectual<\/strong><br \/>\nLa informaci\u00f3n t\u00e9cnica y tecnol\u00f3gica, as\u00ed como las muestras enviadas al Proveedor, y la propiedad intelectual relativa, son propiedad exclusiva de Lovato, que se reserva el derecho de solicitar la devoluci\u00f3n de los mismos en cualquier momento. El Proveedor tiene prohibido reproducir o copiar dicha informaci\u00f3n o propiedad y no distribuir o revelar el contenido a terceros, y en general est\u00e1 obligado a guardar la m\u00e1xima confidencialidad respecto de toda la informaci\u00f3n de la que tenga conocimiento en relaci\u00f3n con la relaci\u00f3n de suministro.<br \/>\nEl Proveedor asume la responsabilidad de que todos sus empleados, colaboradores y proveedores a su vez mantengan la m\u00e1xima confidencialidad respecto de la referida documentaci\u00f3n. El Proveedor reconoce como il\u00edcita e ileg\u00edtima la fabricaci\u00f3n y venta de productos construidos sobre la base de equipos, maquinarias, dibujos, modelos o muestras pertenecientes a Lovato, ya sea para fines de producci\u00f3n o repuestos de cualquier tipo, o para cualquier otro prop\u00f3sito, si se llevan a cabo m\u00e1s all\u00e1 de los l\u00edmites de las actividades de suministro establecidas en este contrato.<\/p>\n<p><strong>5 Entregas<\/strong><br \/>\nLa entrega de los productos, bienes o servicios relativos al suministro pactado deber\u00e1 realizarse de conformidad con lo indicado en el pedido o confirmado en la Confirmaci\u00f3n de Pedido. El Suministro se compromete en todo caso a hacer todo lo necesario para cumplir puntualmente con todo el calendario de entrega.<br \/>\nEn caso de posibles retrasos, el Proveedor siempre debe informar con prontitud al Departamento de Compras de Lovato por escrito, indicando los productos sujetos a retraso, las causas relativas y la nueva fecha prevista de entrega. En determinados casos, Lovato se reserva el derecho de aplicar una sanci\u00f3n al Proveedor de conformidad con otros acuerdos espec\u00edficos entre las partes.<\/p>\n<p><strong>6 Embalaje e identificaci\u00f3n de los productos<\/strong><br \/>\nA falta de instrucciones particulares en la documentaci\u00f3n contractual, las condiciones de protecci\u00f3n y embalaje deber\u00e1n ser tales que los productos o mercanc\u00edas a suministrar no sufran da\u00f1os durante el transporte y puedan ser almacenados sin deterioro, en condiciones normales de dep\u00f3sito, durante un per\u00edodo de al menos 12 meses.<br \/>\nCuando est\u00e9 espec\u00edficamente previsto, el Proveedor se compromete a entregar los productos con una identificaci\u00f3n adecuada a trav\u00e9s de un etiquetado espec\u00edfico que contenga el c\u00f3digo del producto, as\u00ed como el n\u00famero de lote de producci\u00f3n.<\/p>\n<p><strong>7 Equipos y material de Lovato enviados para su procesamiento<\/strong><br \/>\nCualquier equipo u otros bienes que Lovato preste al Proveedor para su uso seguir\u00e1n siendo propiedad exclusiva de Lovato. El Proveedor asume la responsabilidad por cualquier p\u00e9rdida, destrucci\u00f3n o da\u00f1o del mismo. El Proveedor se compromete a:<br \/>\n\u2022 conservarlos y mantenerlos en perfectas condiciones de funcionamiento;<br \/>\n\u2022 no realizar ninguna modificaci\u00f3n que no est\u00e9 acordada con Lovato;<br \/>\n\u2022 utilizarlos exclusivamente para el cumplimiento de los pedidos de Lovato;<br \/>\n\u2022 no cederlos a terceros por ning\u00fan motivo.<br \/>\nEn caso de incumplimiento de esta obligaci\u00f3n, Lovato tendr\u00e1 derecho a exigir al Proveedor el pago de los da\u00f1os sufridos por una suma no inferior al valor del equipo manipulado o modificado. La propiedad de Lovato de dicho equipo no exonera al Proveedor de la responsabilidad de obtener un producto\/servicio de acuerdo con los planos y especificaciones t\u00e9cnicas proporcionadas.<br \/>\nEl Proveedor est\u00e1, en todo caso, obligado a comunicar las anomal\u00edas que detecte en los equipos y bienes suministrados.<\/p>\n<p><strong>8 Gesti\u00f3n de modificaciones de productos, bienes y servicios<\/strong><br \/>\nA petici\u00f3n expresa de Lovato, el Proveedor se compromete a realizar modificaciones, incluidas modificaciones parciales, en las caracter\u00edsticas del producto, bien o servicio, manteniendo la fecha original de entrega. Cualquier variaci\u00f3n en el costo o la fecha de entrega causada por la modificaci\u00f3n introducida debe ser comunicada y acordada con el Departamento de Compras de Lovato.<\/p>\n<p><strong>9 Garant\u00eda<\/strong><br \/>\nEl Proveedor garantiza que los productos, bienes o servicios suministrados cumplen con la documentaci\u00f3n y\/o las especificaciones t\u00e9cnicas proporcionadas por Lovato, y est\u00e1n libres de todas las no conformidades, fallas y defectos aparentes o no aparentes. Dicha garant\u00eda tendr\u00e1 una duraci\u00f3n de 24 meses a partir de la fecha de entrega o prestaci\u00f3n del servicio. En caso de que el producto, bien o servicio resulte defectuoso antes o despu\u00e9s de su uso y\/o introducci\u00f3n en el mercado durante el per\u00edodo de vigencia de la garant\u00eda, Lovato podr\u00e1, previo aviso al Proveedor, solicitar la reparaci\u00f3n y\/o sustituci\u00f3n del producto o bien de que se trate. Las sustituciones o reparaciones en garant\u00eda deber\u00e1n realizarse sin coste alguno.<\/p>\n<p><strong>10 Responsabilidad del proveedor<\/strong><br \/>\nCon la aceptaci\u00f3n de estas CGV, el Proveedor asume toda la responsabilidad por el cumplimiento del suministro y por los da\u00f1os derivados de defectos en los productos, bienes o servicios. El Proveedor es responsable de las no conformidades, fallas no aparentes en el producto, bien o servicio suministrado, ya sea que est\u00e9n presentes al momento de la entrega o que surjan en una fecha posterior dentro del per\u00edodo de garant\u00eda.<\/p>\n<p><strong>11 Cl\u00e1usula de rescisi\u00f3n expresa<\/strong><br \/>\nTodas las relaciones contractuales entre Lovato y el Proveedor pueden rescindirse legalmente de conformidad con el art\u00edculo 1456 del C\u00f3digo Civil con un aviso por escrito de 6 meses declarando la intenci\u00f3n de aplicar esta cl\u00e1usula de rescisi\u00f3n expresa en caso de retrasos reiterados en la entrega y\/o incumplimiento del nivel de calidad acordado.<br \/>\nCualquier relaci\u00f3n contractual entre las partes se considerar\u00e1 extinguida de pleno derecho, de conformidad con el art\u00edculo 1353 del C\u00f3digo Civil, en caso de declaraci\u00f3n de concurso, liquidaci\u00f3n (incluida la liquidaci\u00f3n extrajudicial), convenio de acreedores, administraci\u00f3n judicial, administraci\u00f3n o cualquier otro procedimiento que anule la solvencia o fiabilidad del Proveedor. Dicha cl\u00e1usula de rescisi\u00f3n est\u00e1 destinada a los intereses de Lovato, que tiene derecho a renunciar a la cl\u00e1usula dentro de los 15 d\u00edas de aplicabilidad mediante notificaci\u00f3n por escrito al Proveedor.<\/p>\n<p><strong>12 Visitas de inspecci\u00f3n<\/strong><br \/>\nEl Proveedor se compromete a permitir el acceso del personal de Lovato a sus plantas en cualquier momento durante el horario laboral con la debida antelaci\u00f3n para realizar visitas de inspecci\u00f3n. Estas visitas tienen por objeto evaluar las capacidades t\u00e9cnicas\/organizativas y productivas del Proveedor respecto a los pedidos y obligaciones asumidas.<br \/>\nEl Proveedor debe estar dispuesto a proporcionar al personal de Lovato documentaci\u00f3n t\u00e9cnica y tecnol\u00f3gica que defina el proceso de producci\u00f3n (por ejemplo, confiabilidad de los equipos, verificaciones realizadas, programas de seguimiento, niveles de calidad, acciones correctivas aplicadas, etc.) con excepci\u00f3n de lo relativo a secretos industriales y conocimientos.<\/p>\n<p><strong>13 Precios<\/strong><br \/>\nLos precios indicados en el pedido o en las listas de precios son fijos y tienen una validez est\u00e1ndar de un a\u00f1o. Quedan, por tanto, excluidas las variaciones autom\u00e1ticas basadas en aumentos sucesivos de los costes, salvo pacto en contrario entre las partes.<\/p>\n<p><strong>14 Pago y facturaci\u00f3n<\/strong><br \/>\nA cambio de los productos y bienes entregados y\/o servicios prestados por el Proveedor en cumplimiento del Contrato, Lovato pagar\u00e1 al Proveedor el precio de compra indicado en el Contrato a condici\u00f3n de que la factura relativa cumpla con los requisitos establecidos por Lovato. El precio incluye todos los impuestos y aranceles (excepto el IVA o su equivalente) y todos los costos relacionados con la producci\u00f3n, fabricaci\u00f3n, almacenamiento y embalaje (incluida la restituci\u00f3n de todo el embalaje retornable) de cualquier bien o servicio. Lovato pagar\u00e1 la factura de acuerdo con los t\u00e9rminos y condiciones de pago acordados con el Proveedor.<\/p>\n<p><strong>15 Ley aplicable y Jurisdicci\u00f3n<\/strong><br \/>\nEstos T\u00e9rminos y Condiciones de Suministro se rigen por la ley italiana. Cualquier disputa sobre la ejecuci\u00f3n, interpretaci\u00f3n, validez, terminaci\u00f3n y cese de este contrato y las relaciones de suministro existentes entre las partes ser\u00e1n competencia de los tribunales de B\u00e9rgamo.<\/p>\n<p><strong>16 Validez<\/strong><br \/>\nEstos GTS ser\u00e1n aplicables a partir de la fecha de publicaci\u00f3n en el sitio web de Lovato (4 de noviembre de 2020) y tendr\u00e1n una vigencia de 5 (cinco) a\u00f1os. Estos GTS se considerar\u00e1n, en cualquier caso, como aceptados luego del cumplimiento de las \u00f3rdenes de compra de Lovato emitidas despu\u00e9s de la publicaci\u00f3n de estos T\u00e9rminos y Condiciones de Suministro, as\u00ed como tambi\u00e9n como consecuencia del registro en el Portal de Proveedores de Lovato. Las cl\u00e1usulas especiales acordadas con el Proveedor en modificaci\u00f3n parcial y\/o integraci\u00f3n a los T\u00e9rminos y Condiciones Generales del presente contrato deber\u00e1n ser confirmadas por escrito y firmadas por ambas partes para ser consideradas v\u00e1lidas.<\/p>\n<p><strong>17 Prohibici\u00f3n de la publicidad, uso o reproducci\u00f3n de la marca Lovato<\/strong><br \/>\nEl Proveedor deber\u00e1 solicitar autorizaci\u00f3n previa, expresa y por escrito a Lovato para cualquier publicidad o informaci\u00f3n comercial que haga referencia a relaciones comerciales con Lovato.<br \/>\nSe requiere la misma autorizaci\u00f3n por escrito para cualquier uso, publicaci\u00f3n o reproducci\u00f3n de la marca Lovato.<\/p>\n<p><strong>18 Salud y Seguridad de los trabajadores que intervienen en el proceso productivo<\/strong><br \/>\nEl Proveedor se compromete a gestionar sus procesos de producci\u00f3n en pleno respeto de las normas obligatorias relativas a la protecci\u00f3n del medio ambiente (por ejemplo, Decreto Legislativo italiano 152 de 2006 y sucesivas modificaciones e integraciones) y la protecci\u00f3n de la salud y la seguridad de los trabajadores (por ejemplo, Decreto Legislativo italiano 81 de 2008 y sucesivas modificaciones e integraciones).<\/p>\n<p><strong>19 Normativas ISO 9001, REACH, CLP y ROHS\u00a0<\/strong><br \/>\nEl Proveedor declara bajo su propia responsabilidad y con pleno conocimiento de las consecuencias y obligaciones legales que los bienes suministrados se producen de conformidad con el Reglamento UNI EN ISO 9001, Reglamento (UE) n. 1907\/2006 (REACH), Reglamento (UE) n. 2172\/2008 (CLP) y directiva 2011\/65\/UE (ROHS), as\u00ed como sus sucesivas modificaciones e integraciones.<br \/>\n20 Protecci\u00f3n del medio ambiente<br \/>\nLovato asume la responsabilidad de avisar al Proveedor con la debida antelaci\u00f3n en caso de que \u00e9ste cuente con maquinaria prestada que emita sustancias qu\u00edmicas en el aire. El Proveedor es responsable del correcto transporte de dichas emisiones de conformidad con las limitaciones legales (Decreto Legislativo italiano n. 152\/2006 y sucesivas modificaciones e integraciones).<br \/>\nEl Proveedor tambi\u00e9n es responsable de la recuperaci\u00f3n o eliminaci\u00f3n de todos los residuos resultantes del procesamiento realizado por la maquinaria. En este caso, Lovato proporcionar\u00e1 al Proveedor informaci\u00f3n adecuada sobre el tipo de residuos que pueden generar los procesos relacionados, a fin de permitir su correcta valorizaci\u00f3n o eliminaci\u00f3n.<\/p>\n<\/div><\/div><\/div><\/div><\/div>\n","protected":false},"excerpt":{"rendered":"","protected":false},"author":16,"featured_media":0,"parent":0,"menu_order":0,"comment_status":"closed","ping_status":"closed","template":"100-width.php","meta":{"footnotes":""},"aioseo_notices":[],"_links":{"self":[{"href":"https:\/\/www.lovatoelectric.com\/es_es\/wp-json\/wp\/v2\/pages\/47613"}],"collection":[{"href":"https:\/\/www.lovatoelectric.com\/es_es\/wp-json\/wp\/v2\/pages"}],"about":[{"href":"https:\/\/www.lovatoelectric.com\/es_es\/wp-json\/wp\/v2\/types\/page"}],"author":[{"embeddable":true,"href":"https:\/\/www.lovatoelectric.com\/es_es\/wp-json\/wp\/v2\/users\/16"}],"replies":[{"embeddable":true,"href":"https:\/\/www.lovatoelectric.com\/es_es\/wp-json\/wp\/v2\/comments?post=47613"}],"version-history":[{"count":8,"href":"https:\/\/www.lovatoelectric.com\/es_es\/wp-json\/wp\/v2\/pages\/47613\/revisions"}],"predecessor-version":[{"id":85386,"href":"https:\/\/www.lovatoelectric.com\/es_es\/wp-json\/wp\/v2\/pages\/47613\/revisions\/85386"}],"wp:attachment":[{"href":"https:\/\/www.lovatoelectric.com\/es_es\/wp-json\/wp\/v2\/media?parent=47613"}],"curies":[{"name":"wp","href":"https:\/\/api.w.org\/{rel}","templated":true}]}}