{"id":37801,"date":"2022-03-16T15:08:50","date_gmt":"2022-03-16T14:08:50","guid":{"rendered":"https:\/\/www.lovatoelectric.com\/library-for-cad-software\/"},"modified":"2024-05-22T11:47:49","modified_gmt":"2024-05-22T09:47:49","slug":"biblioteca-de-software-cad","status":"publish","type":"page","link":"https:\/\/www.lovatoelectric.com\/es_es\/centro-de-documentacion\/biblioteca-de-software-cad\/","title":{"rendered":"Biblioteca de software CAD"},"content":{"rendered":"<p><div class=\"fusion-fullwidth fullwidth-box fusion-builder-row-1 fusion-flex-container nonhundred-percent-fullwidth non-hundred-percent-height-scrolling\" style=\"--awb-border-radius-top-left:0px;--awb-border-radius-top-right:0px;--awb-border-radius-bottom-right:0px;--awb-border-radius-bottom-left:0px;--awb-padding-top:0px;--awb-padding-bottom:0px;--awb-margin-top:0px;--awb-margin-bottom:0px;--awb-flex-wrap:wrap;\" ><div class=\"fusion-builder-row fusion-row fusion-flex-align-items-flex-start fusion-flex-content-wrap\" style=\"max-width:1320.8px;margin-left: calc(-4% \/ 2 );margin-right: calc(-4% \/ 2 );\"><div class=\"fusion-layout-column fusion_builder_column fusion-builder-column-0 fusion_builder_column_1_1 1_1 fusion-flex-column\" style=\"--awb-padding-top:0px;--awb-padding-bottom:0px;--awb-bg-size:cover;--awb-width-large:100%;--awb-margin-top-large:0px;--awb-spacing-right-large:1.92%;--awb-margin-bottom-large:0px;--awb-spacing-left-large:1.92%;--awb-width-medium:100%;--awb-order-medium:0;--awb-spacing-right-medium:1.92%;--awb-spacing-left-medium:1.92%;--awb-width-small:100%;--awb-order-small:0;--awb-spacing-right-small:1.92%;--awb-spacing-left-small:1.92%;\"><div class=\"fusion-column-wrapper fusion-column-has-shadow fusion-flex-justify-content-flex-start fusion-content-layout-column\"><div class=\"fusion-title title fusion-title-1 fusion-sep-none fusion-title-text fusion-title-size-two\" style=\"--awb-margin-top:0px;--awb-margin-bottom:20px;\"><h2 class=\"fusion-title-heading title-heading-left fusion-responsive-typography-calculated\" style=\"margin:0;--fontSize:44;line-height:1.26;\">Biblioteca de software CAD<\/h2><\/div><\/div><\/div><div class=\"fusion-layout-column fusion_builder_column fusion-builder-column-1 fusion_builder_column_1_1 1_1 fusion-flex-column\" style=\"--awb-bg-size:cover;--awb-width-large:100%;--awb-margin-top-large:0px;--awb-spacing-right-large:1.92%;--awb-margin-bottom-large:0px;--awb-spacing-left-large:1.92%;--awb-width-medium:100%;--awb-spacing-right-medium:1.92%;--awb-spacing-left-medium:1.92%;--awb-width-small:100%;--awb-spacing-right-small:1.92%;--awb-spacing-left-small:1.92%;\"><div class=\"fusion-column-wrapper fusion-flex-justify-content-flex-start fusion-content-layout-column\"><div class=\"fusion-text fusion-text-1\" style=\"--awb-text-transform:none;\"><p>Al instalar la biblioteca disponible para su descarga en plataformas CAD, se puede acceder a la mayor\u00eda de los dise\u00f1os y caracter\u00edsticas de los productos de LOVATO Electric en formato inform\u00e1tico basados en CAD:<\/p>\n<p><b style=\"color: var(--awb-custom17);\"><u><a href=\"https:\/\/download.lovatoelectric.com\/lovato-cad-2024-04.exe\" target=\"_blank\" rel=\"noopener noreferrer\" style=\"color: var(--awb-custom17);\">Descargar biblioteca CAD<\/a><\/u><\/b><\/p>\n<p><strong>La biblioteca CAD de LOVATO Electric incluye:<\/strong><\/p>\n<ul>\n<li>Base de datos de dise\u00f1os t\u00e9cnicos de todos los productos (en 2D y 3D)<\/li>\n<li>Dise\u00f1os a escala (vista frontal b\u00e1sica, vista lateral)<\/li>\n<li>Esquemas el\u00e9ctricos Atributos (datos b\u00e1sicos)<\/li>\n<li>Enlace a p\u00e1ginas relevantes del cat\u00e1logo de LOVATO Electric (descripciones)<\/li>\n<li>7 idiomas (italiano, ingl\u00e9s, checo, espa\u00f1ol, franc\u00e9s, alem\u00e1n, polaco)<\/li>\n<li>Compatibilidad con 18 herramientas CAD diferentes (programa inform\u00e1tico de dise\u00f1o).<\/li>\n<\/ul>\n<p>Vea a continuaci\u00f3n algunas capturas de pantalla de la biblioteca CAD de LOVATO Electric.<\/p>\n<\/div><div class=\"fusion-text fusion-text-2\" style=\"--awb-text-transform:none;\"><p>P.D.: los dise\u00f1os CAD individuales en 2D y 3D para n\u00fameros de referencia concretos est\u00e1n disponibles en la secci\u00f3n \u00abProductos\u00bb del sitio web.<\/p>\n<\/div><\/div><\/div><div class=\"fusion-layout-column fusion_builder_column fusion-builder-column-2 fusion_builder_column_1_5 1_5 fusion-flex-column\" style=\"--awb-bg-size:cover;--awb-width-large:20%;--awb-margin-top-large:25px;--awb-spacing-right-large:9.6%;--awb-margin-bottom-large:25px;--awb-spacing-left-large:9.6%;--awb-width-medium:100%;--awb-order-medium:0;--awb-spacing-right-medium:1.92%;--awb-spacing-left-medium:1.92%;--awb-width-small:100%;--awb-order-small:0;--awb-spacing-right-small:1.92%;--awb-spacing-left-small:1.92%;\"><div class=\"fusion-column-wrapper fusion-column-has-shadow fusion-flex-justify-content-flex-start fusion-content-layout-column\"><div class=\"fusion-image-element \" style=\"--awb-margin-bottom:2%;--awb-caption-title-font-family:var(--h2_typography-font-family);--awb-caption-title-font-weight:var(--h2_typography-font-weight);--awb-caption-title-font-style:var(--h2_typography-font-style);--awb-caption-title-size:var(--h2_typography-font-size);--awb-caption-title-transform:var(--h2_typography-text-transform);--awb-caption-title-line-height:var(--h2_typography-line-height);--awb-caption-title-letter-spacing:var(--h2_typography-letter-spacing);\"><span class=\" fusion-imageframe imageframe-none imageframe-1 hover-type-none\"><a href=\"https:\/\/www.lovatoelectric.com\/wp-content\/uploads\/2022\/03\/lov000.jpg\" class=\"fusion-lightbox\" data-rel=\"iLightbox[537f55be49a31fef207]\" data-title=\"lov000\" title=\"lov000\"><img decoding=\"async\" width=\"400\" height=\"238\" src=\"https:\/\/www.lovatoelectric.com\/wp-content\/uploads\/2022\/03\/lov000.jpg\" data-orig-src=\"https:\/\/www.lovatoelectric.com\/wp-content\/uploads\/2022\/03\/lov000.jpg\" alt class=\"lazyload img-responsive wp-image-23762\" srcset=\"data:image\/svg+xml,%3Csvg%20xmlns%3D%27http%3A%2F%2Fwww.w3.org%2F2000%2Fsvg%27%20width%3D%27400%27%20height%3D%27238%27%20viewBox%3D%270%200%20400%20238%27%3E%3Crect%20width%3D%27400%27%20height%3D%27238%27%20fill-opacity%3D%220%22%2F%3E%3C%2Fsvg%3E\" data-srcset=\"https:\/\/www.lovatoelectric.com\/wp-content\/uploads\/2022\/03\/lov000-200x119.jpg 200w, https:\/\/www.lovatoelectric.com\/wp-content\/uploads\/2022\/03\/lov000.jpg 400w\" data-sizes=\"auto\" data-orig-sizes=\"(max-width: 1024px) 100vw, (max-width: 640px) 100vw, 400px\" \/><\/a><\/span><\/div><\/div><\/div><div class=\"fusion-layout-column fusion_builder_column fusion-builder-column-3 fusion_builder_column_1_5 1_5 fusion-flex-column\" style=\"--awb-bg-size:cover;--awb-width-large:20%;--awb-margin-top-large:25px;--awb-spacing-right-large:9.6%;--awb-margin-bottom-large:25px;--awb-spacing-left-large:9.6%;--awb-width-medium:100%;--awb-order-medium:0;--awb-spacing-right-medium:1.92%;--awb-spacing-left-medium:1.92%;--awb-width-small:100%;--awb-order-small:0;--awb-spacing-right-small:1.92%;--awb-spacing-left-small:1.92%;\"><div class=\"fusion-column-wrapper fusion-column-has-shadow fusion-flex-justify-content-flex-start fusion-content-layout-column\"><div class=\"fusion-image-element \" style=\"--awb-margin-bottom:2%;--awb-caption-title-font-family:var(--h2_typography-font-family);--awb-caption-title-font-weight:var(--h2_typography-font-weight);--awb-caption-title-font-style:var(--h2_typography-font-style);--awb-caption-title-size:var(--h2_typography-font-size);--awb-caption-title-transform:var(--h2_typography-text-transform);--awb-caption-title-line-height:var(--h2_typography-line-height);--awb-caption-title-letter-spacing:var(--h2_typography-letter-spacing);\"><span class=\" fusion-imageframe imageframe-none imageframe-2 hover-type-none\"><a href=\"https:\/\/www.lovatoelectric.com\/wp-content\/uploads\/2022\/03\/lov001.jpg\" class=\"fusion-lightbox\" data-rel=\"iLightbox[f09cc542f10bdc0ee9c]\" data-title=\"lov001\" title=\"lov001\"><img decoding=\"async\" width=\"400\" height=\"265\" src=\"https:\/\/www.lovatoelectric.com\/wp-content\/uploads\/2022\/03\/lov001.jpg\" data-orig-src=\"https:\/\/www.lovatoelectric.com\/wp-content\/uploads\/2022\/03\/lov001.jpg\" alt class=\"lazyload img-responsive wp-image-23783\" srcset=\"data:image\/svg+xml,%3Csvg%20xmlns%3D%27http%3A%2F%2Fwww.w3.org%2F2000%2Fsvg%27%20width%3D%27400%27%20height%3D%27265%27%20viewBox%3D%270%200%20400%20265%27%3E%3Crect%20width%3D%27400%27%20height%3D%27265%27%20fill-opacity%3D%220%22%2F%3E%3C%2Fsvg%3E\" data-srcset=\"https:\/\/www.lovatoelectric.com\/wp-content\/uploads\/2022\/03\/lov001-200x133.jpg 200w, https:\/\/www.lovatoelectric.com\/wp-content\/uploads\/2022\/03\/lov001.jpg 400w\" data-sizes=\"auto\" data-orig-sizes=\"(max-width: 1024px) 100vw, (max-width: 640px) 100vw, 400px\" \/><\/a><\/span><\/div><\/div><\/div><div class=\"fusion-layout-column fusion_builder_column fusion-builder-column-4 fusion_builder_column_1_5 1_5 fusion-flex-column\" style=\"--awb-bg-size:cover;--awb-width-large:20%;--awb-margin-top-large:25px;--awb-spacing-right-large:9.6%;--awb-margin-bottom-large:25px;--awb-spacing-left-large:9.6%;--awb-width-medium:100%;--awb-order-medium:0;--awb-spacing-right-medium:1.92%;--awb-spacing-left-medium:1.92%;--awb-width-small:100%;--awb-order-small:0;--awb-spacing-right-small:1.92%;--awb-spacing-left-small:1.92%;\"><div class=\"fusion-column-wrapper fusion-column-has-shadow fusion-flex-justify-content-flex-start fusion-content-layout-column\"><div class=\"fusion-image-element \" style=\"--awb-margin-bottom:2%;--awb-caption-title-font-family:var(--h2_typography-font-family);--awb-caption-title-font-weight:var(--h2_typography-font-weight);--awb-caption-title-font-style:var(--h2_typography-font-style);--awb-caption-title-size:var(--h2_typography-font-size);--awb-caption-title-transform:var(--h2_typography-text-transform);--awb-caption-title-line-height:var(--h2_typography-line-height);--awb-caption-title-letter-spacing:var(--h2_typography-letter-spacing);\"><span class=\" fusion-imageframe imageframe-none imageframe-3 hover-type-none\"><a href=\"https:\/\/www.lovatoelectric.com\/wp-content\/uploads\/2022\/03\/lov002.jpg\" class=\"fusion-lightbox\" data-rel=\"iLightbox[a4604b7ff8d0ee8c450]\" data-title=\"lov002\" title=\"lov002\"><img decoding=\"async\" width=\"400\" height=\"296\" src=\"https:\/\/www.lovatoelectric.com\/wp-content\/uploads\/2022\/03\/lov002.jpg\" data-orig-src=\"https:\/\/www.lovatoelectric.com\/wp-content\/uploads\/2022\/03\/lov002.jpg\" alt class=\"lazyload img-responsive wp-image-23804\" srcset=\"data:image\/svg+xml,%3Csvg%20xmlns%3D%27http%3A%2F%2Fwww.w3.org%2F2000%2Fsvg%27%20width%3D%27400%27%20height%3D%27296%27%20viewBox%3D%270%200%20400%20296%27%3E%3Crect%20width%3D%27400%27%20height%3D%27296%27%20fill-opacity%3D%220%22%2F%3E%3C%2Fsvg%3E\" data-srcset=\"https:\/\/www.lovatoelectric.com\/wp-content\/uploads\/2022\/03\/lov002-200x148.jpg 200w, https:\/\/www.lovatoelectric.com\/wp-content\/uploads\/2022\/03\/lov002.jpg 400w\" data-sizes=\"auto\" data-orig-sizes=\"(max-width: 1024px) 100vw, (max-width: 640px) 100vw, 400px\" \/><\/a><\/span><\/div><\/div><\/div><div class=\"fusion-layout-column fusion_builder_column fusion-builder-column-5 fusion_builder_column_1_5 1_5 fusion-flex-column\" style=\"--awb-bg-size:cover;--awb-width-large:20%;--awb-margin-top-large:25px;--awb-spacing-right-large:9.6%;--awb-margin-bottom-large:25px;--awb-spacing-left-large:9.6%;--awb-width-medium:100%;--awb-order-medium:0;--awb-spacing-right-medium:1.92%;--awb-spacing-left-medium:1.92%;--awb-width-small:100%;--awb-order-small:0;--awb-spacing-right-small:1.92%;--awb-spacing-left-small:1.92%;\"><div class=\"fusion-column-wrapper fusion-column-has-shadow fusion-flex-justify-content-flex-start fusion-content-layout-column\"><div class=\"fusion-image-element \" style=\"--awb-margin-bottom:2%;--awb-caption-title-font-family:var(--h2_typography-font-family);--awb-caption-title-font-weight:var(--h2_typography-font-weight);--awb-caption-title-font-style:var(--h2_typography-font-style);--awb-caption-title-size:var(--h2_typography-font-size);--awb-caption-title-transform:var(--h2_typography-text-transform);--awb-caption-title-line-height:var(--h2_typography-line-height);--awb-caption-title-letter-spacing:var(--h2_typography-letter-spacing);\"><span class=\" fusion-imageframe imageframe-none imageframe-4 hover-type-none\"><a href=\"https:\/\/www.lovatoelectric.com\/wp-content\/uploads\/2022\/03\/lov003.jpg\" class=\"fusion-lightbox\" data-rel=\"iLightbox[911a415527b49d3d18b]\" data-title=\"lov003\" title=\"lov003\"><img decoding=\"async\" width=\"400\" height=\"358\" src=\"https:\/\/www.lovatoelectric.com\/wp-content\/uploads\/2022\/03\/lov003.jpg\" data-orig-src=\"https:\/\/www.lovatoelectric.com\/wp-content\/uploads\/2022\/03\/lov003.jpg\" alt class=\"lazyload img-responsive wp-image-23825\" srcset=\"data:image\/svg+xml,%3Csvg%20xmlns%3D%27http%3A%2F%2Fwww.w3.org%2F2000%2Fsvg%27%20width%3D%27400%27%20height%3D%27358%27%20viewBox%3D%270%200%20400%20358%27%3E%3Crect%20width%3D%27400%27%20height%3D%27358%27%20fill-opacity%3D%220%22%2F%3E%3C%2Fsvg%3E\" data-srcset=\"https:\/\/www.lovatoelectric.com\/wp-content\/uploads\/2022\/03\/lov003-200x179.jpg 200w, https:\/\/www.lovatoelectric.com\/wp-content\/uploads\/2022\/03\/lov003.jpg 400w\" data-sizes=\"auto\" data-orig-sizes=\"(max-width: 1024px) 100vw, (max-width: 640px) 100vw, 400px\" \/><\/a><\/span><\/div><\/div><\/div><div class=\"fusion-layout-column fusion_builder_column fusion-builder-column-6 fusion_builder_column_1_5 1_5 fusion-flex-column\" style=\"--awb-bg-size:cover;--awb-width-large:20%;--awb-margin-top-large:25px;--awb-spacing-right-large:9.6%;--awb-margin-bottom-large:25px;--awb-spacing-left-large:9.6%;--awb-width-medium:100%;--awb-order-medium:0;--awb-spacing-right-medium:1.92%;--awb-spacing-left-medium:1.92%;--awb-width-small:100%;--awb-order-small:0;--awb-spacing-right-small:1.92%;--awb-spacing-left-small:1.92%;\"><div class=\"fusion-column-wrapper fusion-column-has-shadow fusion-flex-justify-content-flex-start fusion-content-layout-column\"><div class=\"fusion-image-element \" style=\"--awb-margin-bottom:2%;--awb-caption-title-font-family:var(--h2_typography-font-family);--awb-caption-title-font-weight:var(--h2_typography-font-weight);--awb-caption-title-font-style:var(--h2_typography-font-style);--awb-caption-title-size:var(--h2_typography-font-size);--awb-caption-title-transform:var(--h2_typography-text-transform);--awb-caption-title-line-height:var(--h2_typography-line-height);--awb-caption-title-letter-spacing:var(--h2_typography-letter-spacing);\"><span class=\" fusion-imageframe imageframe-none imageframe-5 hover-type-none\"><a href=\"https:\/\/www.lovatoelectric.com\/wp-content\/uploads\/2022\/03\/lov004.jpg\" class=\"fusion-lightbox\" data-rel=\"iLightbox[b2e4ac01e5945ec2fe3]\" data-title=\"lov004\" title=\"lov004\"><img decoding=\"async\" width=\"400\" height=\"287\" src=\"https:\/\/www.lovatoelectric.com\/wp-content\/uploads\/2022\/03\/lov004.jpg\" data-orig-src=\"https:\/\/www.lovatoelectric.com\/wp-content\/uploads\/2022\/03\/lov004.jpg\" alt class=\"lazyload img-responsive wp-image-23846\" srcset=\"data:image\/svg+xml,%3Csvg%20xmlns%3D%27http%3A%2F%2Fwww.w3.org%2F2000%2Fsvg%27%20width%3D%27400%27%20height%3D%27287%27%20viewBox%3D%270%200%20400%20287%27%3E%3Crect%20width%3D%27400%27%20height%3D%27287%27%20fill-opacity%3D%220%22%2F%3E%3C%2Fsvg%3E\" data-srcset=\"https:\/\/www.lovatoelectric.com\/wp-content\/uploads\/2022\/03\/lov004-200x144.jpg 200w, https:\/\/www.lovatoelectric.com\/wp-content\/uploads\/2022\/03\/lov004.jpg 400w\" data-sizes=\"auto\" data-orig-sizes=\"(max-width: 1024px) 100vw, (max-width: 640px) 100vw, 400px\" \/><\/a><\/span><\/div><\/div><\/div><\/div><\/div><div class=\"fusion-fullwidth fullwidth-box fusion-builder-row-2 fusion-flex-container nonhundred-percent-fullwidth non-hundred-percent-height-scrolling\" style=\"--awb-border-radius-top-left:0px;--awb-border-radius-top-right:0px;--awb-border-radius-bottom-right:0px;--awb-border-radius-bottom-left:0px;--awb-padding-top:0px;--awb-padding-bottom:0px;--awb-flex-wrap:wrap;\" ><div class=\"fusion-builder-row fusion-row fusion-flex-align-items-flex-start fusion-flex-content-wrap\" style=\"max-width:1320.8px;margin-left: calc(-4% \/ 2 );margin-right: calc(-4% \/ 2 );\"><div class=\"fusion-layout-column fusion_builder_column fusion-builder-column-7 fusion_builder_column_1_1 1_1 fusion-flex-column\" style=\"--awb-bg-size:cover;--awb-width-large:100%;--awb-margin-top-large:0px;--awb-spacing-right-large:1.92%;--awb-margin-bottom-large:0px;--awb-spacing-left-large:1.92%;--awb-width-medium:100%;--awb-order-medium:0;--awb-spacing-right-medium:1.92%;--awb-spacing-left-medium:1.92%;--awb-width-small:100%;--awb-order-small:0;--awb-spacing-right-small:1.92%;--awb-spacing-left-small:1.92%;\"><div class=\"fusion-column-wrapper fusion-column-has-shadow fusion-flex-justify-content-flex-start fusion-content-layout-column\"><div class=\"fusion-separator\" style=\"align-self: center;margin-left: auto;margin-right: auto;margin-top:40px;margin-bottom:40px;width:100%;max-width:80%;\"><div class=\"fusion-separator-border sep-single sep-solid\" style=\"--awb-height:20px;--awb-amount:20px;border-color:rgba(40,45,51,0.1);border-top-width:1px;\"><\/div><\/div><\/div><\/div><\/div><\/div><\/p>\n","protected":false},"excerpt":{"rendered":"","protected":false},"author":1,"featured_media":0,"parent":37683,"menu_order":0,"comment_status":"closed","ping_status":"closed","template":"100-width.php","meta":{"footnotes":""},"aioseo_notices":[],"_links":{"self":[{"href":"https:\/\/www.lovatoelectric.com\/es_es\/wp-json\/wp\/v2\/pages\/37801"}],"collection":[{"href":"https:\/\/www.lovatoelectric.com\/es_es\/wp-json\/wp\/v2\/pages"}],"about":[{"href":"https:\/\/www.lovatoelectric.com\/es_es\/wp-json\/wp\/v2\/types\/page"}],"author":[{"embeddable":true,"href":"https:\/\/www.lovatoelectric.com\/es_es\/wp-json\/wp\/v2\/users\/1"}],"replies":[{"embeddable":true,"href":"https:\/\/www.lovatoelectric.com\/es_es\/wp-json\/wp\/v2\/comments?post=37801"}],"version-history":[{"count":9,"href":"https:\/\/www.lovatoelectric.com\/es_es\/wp-json\/wp\/v2\/pages\/37801\/revisions"}],"predecessor-version":[{"id":123589,"href":"https:\/\/www.lovatoelectric.com\/es_es\/wp-json\/wp\/v2\/pages\/37801\/revisions\/123589"}],"up":[{"embeddable":true,"href":"https:\/\/www.lovatoelectric.com\/es_es\/wp-json\/wp\/v2\/pages\/37683"}],"wp:attachment":[{"href":"https:\/\/www.lovatoelectric.com\/es_es\/wp-json\/wp\/v2\/media?parent=37801"}],"curies":[{"name":"wp","href":"https:\/\/api.w.org\/{rel}","templated":true}]}}