{"id":36685,"date":"2022-03-28T16:20:38","date_gmt":"2022-03-28T14:20:38","guid":{"rendered":"https:\/\/www.lovatoelectric.com\/contacts\/addresses\/"},"modified":"2022-11-15T10:04:47","modified_gmt":"2022-11-15T09:04:47","slug":"adresy","status":"publish","type":"page","link":"https:\/\/www.lovatoelectric.com\/cz_cs\/kontakty\/adresy\/","title":{"rendered":"Adresy"},"content":{"rendered":"<div class=\"fusion-fullwidth fullwidth-box fusion-builder-row-1 fusion-flex-container nonhundred-percent-fullwidth non-hundred-percent-height-scrolling\" style=\"--awb-border-radius-top-left:0px;--awb-border-radius-top-right:0px;--awb-border-radius-bottom-right:0px;--awb-border-radius-bottom-left:0px;--awb-padding-top:0px;--awb-padding-bottom:0px;--awb-margin-top:0px;--awb-margin-bottom:0px;--awb-flex-wrap:wrap;\" ><div class=\"fusion-builder-row fusion-row fusion-flex-align-items-flex-start fusion-flex-content-wrap\" style=\"max-width:1320.8px;margin-left: calc(-4% \/ 2 );margin-right: calc(-4% \/ 2 );\"><div class=\"fusion-layout-column fusion_builder_column fusion-builder-column-0 fusion_builder_column_1_1 1_1 fusion-flex-column\" style=\"--awb-padding-top:0px;--awb-padding-bottom:0px;--awb-bg-size:cover;--awb-width-large:100%;--awb-margin-top-large:0px;--awb-spacing-right-large:1.92%;--awb-margin-bottom-large:0px;--awb-spacing-left-large:1.92%;--awb-width-medium:100%;--awb-order-medium:0;--awb-spacing-right-medium:1.92%;--awb-spacing-left-medium:1.92%;--awb-width-small:100%;--awb-order-small:0;--awb-spacing-right-small:1.92%;--awb-spacing-left-small:1.92%;\"><div class=\"fusion-column-wrapper fusion-column-has-shadow fusion-flex-justify-content-flex-start fusion-content-layout-column\"><div class=\"fusion-title title fusion-title-1 fusion-sep-none fusion-title-text fusion-title-size-two\" style=\"--awb-margin-top:0px;--awb-margin-bottom:20px;\"><h2 class=\"fusion-title-heading title-heading-left fusion-responsive-typography-calculated\" style=\"margin:0;--fontSize:44;line-height:1.26;\">Adresy<\/h2><\/div><\/div><\/div><div class=\"fusion-layout-column fusion_builder_column fusion-builder-column-1 fusion_builder_column_1_2 1_2 fusion-flex-column\" style=\"--awb-padding-top:0px;--awb-padding-bottom:0px;--awb-bg-size:cover;--awb-width-large:50%;--awb-margin-top-large:0px;--awb-spacing-right-large:3.84%;--awb-margin-bottom-large:0px;--awb-spacing-left-large:3.84%;--awb-width-medium:100%;--awb-order-medium:0;--awb-spacing-right-medium:1.92%;--awb-spacing-left-medium:1.92%;--awb-width-small:100%;--awb-order-small:0;--awb-spacing-right-small:1.92%;--awb-spacing-left-small:1.92%;\"><div class=\"fusion-column-wrapper fusion-column-has-shadow fusion-flex-justify-content-flex-start fusion-content-layout-column\"><iframe frameborder=\"0\" height=\"400\" scrolling=\"no\"src=\"https:\/\/www.google.com\/maps\/embed?pb=!1m18!1m12!1m3!1d5200.841498847656!2d14.121311849806826!3d49.325252500000005!2m3!1f0!2f0!3f0!3m2!1i1024!2i768!4f13.1!3m3!1m2!1s0x470b459bf6e71fc9%3A0xdd5b5731c29313e5!2sLOVATO%20Electric%20Ltd.!5e0!3m2!1sit!2sit!4v1653482128290!5m2!1sit!2sit\" width=\"100%\"><\/iframe><br>\n\t\t\t\t<a href=\"https:\/\/goo.gl\/maps\/frHak3CKLMXurz6G7\" target=\"_blank\">Zoom<\/a>\n\n<\/div><\/div><div class=\"fusion-layout-column fusion_builder_column fusion-builder-column-2 fusion_builder_column_1_2 1_2 fusion-flex-column\" style=\"--awb-bg-blend:overlay;--awb-bg-size:cover;--awb-width-large:50%;--awb-margin-top-large:0px;--awb-spacing-right-large:3.84%;--awb-margin-bottom-large:0px;--awb-spacing-left-large:3.84%;--awb-width-medium:100%;--awb-spacing-right-medium:1.92%;--awb-spacing-left-medium:1.92%;--awb-width-small:100%;--awb-spacing-right-small:1.92%;--awb-spacing-left-small:1.92%;\"><div class=\"fusion-column-wrapper fusion-flex-justify-content-flex-start fusion-content-layout-column\"><div class=\"fusion-text fusion-text-1\" style=\"--awb-text-transform:none;\"><p><strong>LOVATO ELECTRIC S.R.O.<\/strong><\/p>\n<\/div><div class=\"fusion-text fusion-text-2\" style=\"--awb-text-transform:none;\"><p>I\u010cO: 40755509<br \/>\n\u010c\u00ed\u017eovsk\u00e1 488, Pra\u017esk\u00e9 P\u0159edm\u011bst\u00ed, 397 01 P\u00edsek<br \/>\n<a href=\"mailto:info@LovatoElectric.cz\">info@LovatoElectric.cz<\/a><\/p>\n<\/div><div class=\"fusion-separator\" style=\"align-self: center;margin-left: auto;margin-right: auto;margin-top:40px;margin-bottom:40px;width:100%;max-width:80%;\"><div class=\"fusion-separator-border sep-single sep-solid\" style=\"--awb-height:20px;--awb-amount:20px;border-color:rgba(40,45,51,0.1);border-top-width:1px;\"><\/div><\/div><\/div><\/div><\/div><\/div>\n","protected":false},"excerpt":{"rendered":"","protected":false},"author":16,"featured_media":0,"parent":36545,"menu_order":4,"comment_status":"closed","ping_status":"closed","template":"100-width.php","meta":{"footnotes":""},"aioseo_notices":[],"_links":{"self":[{"href":"https:\/\/www.lovatoelectric.com\/cz_cs\/wp-json\/wp\/v2\/pages\/36685"}],"collection":[{"href":"https:\/\/www.lovatoelectric.com\/cz_cs\/wp-json\/wp\/v2\/pages"}],"about":[{"href":"https:\/\/www.lovatoelectric.com\/cz_cs\/wp-json\/wp\/v2\/types\/page"}],"author":[{"embeddable":true,"href":"https:\/\/www.lovatoelectric.com\/cz_cs\/wp-json\/wp\/v2\/users\/16"}],"replies":[{"embeddable":true,"href":"https:\/\/www.lovatoelectric.com\/cz_cs\/wp-json\/wp\/v2\/comments?post=36685"}],"version-history":[{"count":1,"href":"https:\/\/www.lovatoelectric.com\/cz_cs\/wp-json\/wp\/v2\/pages\/36685\/revisions"}],"predecessor-version":[{"id":68624,"href":"https:\/\/www.lovatoelectric.com\/cz_cs\/wp-json\/wp\/v2\/pages\/36685\/revisions\/68624"}],"up":[{"embeddable":true,"href":"https:\/\/www.lovatoelectric.com\/cz_cs\/wp-json\/wp\/v2\/pages\/36545"}],"wp:attachment":[{"href":"https:\/\/www.lovatoelectric.com\/cz_cs\/wp-json\/wp\/v2\/media?parent=36685"}],"curies":[{"name":"wp","href":"https:\/\/api.w.org\/{rel}","templated":true}]}}