{"id":52242,"date":"2022-08-30T13:33:36","date_gmt":"2022-08-30T11:33:36","guid":{"rendered":"https:\/\/www.lovatoelectric.com\/general-conditions-of-sale-4\/"},"modified":"2026-01-23T09:34:58","modified_gmt":"2026-01-23T08:34:58","slug":"modalites-de-vente","status":"publish","type":"page","link":"https:\/\/www.lovatoelectric.com\/ca_fr\/modalites-de-vente\/","title":{"rendered":"Modalit\u00e9s de vente"},"content":{"rendered":"<p><div class=\"fusion-fullwidth fullwidth-box fusion-builder-row-1 fusion-flex-container nonhundred-percent-fullwidth non-hundred-percent-height-scrolling\" style=\"--awb-border-radius-top-left:0px;--awb-border-radius-top-right:0px;--awb-border-radius-bottom-right:0px;--awb-border-radius-bottom-left:0px;--awb-padding-top:0px;--awb-padding-bottom:0px;--awb-margin-top:0px;--awb-margin-bottom:0px;--awb-flex-wrap:wrap;\" ><div class=\"fusion-builder-row fusion-row fusion-flex-align-items-flex-start fusion-flex-content-wrap\" style=\"max-width:1320.8px;margin-left: calc(-4% \/ 2 );margin-right: calc(-4% \/ 2 );\"><div class=\"fusion-layout-column fusion_builder_column fusion-builder-column-0 fusion_builder_column_1_1 1_1 fusion-flex-column\" style=\"--awb-padding-top:0px;--awb-padding-bottom:0px;--awb-bg-size:cover;--awb-width-large:100%;--awb-margin-top-large:0px;--awb-spacing-right-large:1.92%;--awb-margin-bottom-large:0px;--awb-spacing-left-large:1.92%;--awb-width-medium:100%;--awb-order-medium:0;--awb-spacing-right-medium:1.92%;--awb-spacing-left-medium:1.92%;--awb-width-small:100%;--awb-order-small:0;--awb-spacing-right-small:1.92%;--awb-spacing-left-small:1.92%;\"><div class=\"fusion-column-wrapper fusion-column-has-shadow fusion-flex-justify-content-flex-start fusion-content-layout-column\"><div class=\"fusion-title title fusion-title-1 fusion-sep-none fusion-title-text fusion-title-size-two\" style=\"--awb-margin-top:0px;--awb-margin-bottom:20px;\"><h2 class=\"fusion-title-heading title-heading-left fusion-responsive-typography-calculated\" style=\"margin:0;--fontSize:44;line-height:1.26;\">Modalit\u00e9s de vente<\/h2><\/div><\/div><\/div><div class=\"fusion-layout-column fusion_builder_column fusion-builder-column-1 fusion_builder_column_1_1 1_1 fusion-flex-column\" style=\"--awb-bg-size:cover;--awb-width-large:100%;--awb-margin-top-large:0px;--awb-spacing-right-large:1.92%;--awb-margin-bottom-large:0px;--awb-spacing-left-large:1.92%;--awb-width-medium:100%;--awb-spacing-right-medium:1.92%;--awb-spacing-left-medium:1.92%;--awb-width-small:100%;--awb-spacing-right-small:1.92%;--awb-spacing-left-small:1.92%;\"><div class=\"fusion-column-wrapper fusion-flex-justify-content-flex-start fusion-content-layout-column\"><div class=\"fusion-text fusion-text-1\" style=\"--awb-text-transform:none;\"><p><strong>SOUMISSIONS<\/strong>:<br \/>\n\u00c0 moins d&#8217;indication contraire, toute soumission \u00e9crite expire automatiquement trente (30) jours apr\u00e8s la date de r\u00e9daction.<\/p>\n<p><strong>PRIX:<\/strong><br \/>\nLovato Electrique Corporation se r\u00e9serve le droit de r\u00e9viser les prix si une fluctuation importante du taux de change a lieu.<\/p>\n<p><strong>COMMANDE MINIMALE:<\/strong><br \/>\nLes commandes ou rel\u00e2ches de moins de $100.00 valeur nette seront soumises \u00e0 une charge de manutention de $20.00.<\/p>\n<p><strong>TERMES DE PAIEMENT:<\/strong><br \/>\nTout paiement doit \u00eatre effectu\u00e9 en monnaie canadienne. \u00c0 moins d&#8217;indication contraire, tout montant est payable en 30 jours. Advenant le cas o\u00f9 des exp\u00e9ditions partielles seraient effectu\u00e9es, l&#8217;Acheteur sera factur\u00e9 de fa\u00e7on proportionnelle au mat\u00e9riel livr\u00e9.<\/p>\n<p><strong>LIVRAISON:<\/strong><br \/>\n\u00c0 moins d&#8217;indication contraire, toutes les exp\u00e9ditions seront F.A.B. Laval, Qu\u00e9bec. Aucune p\u00e9nalit\u00e9 ne sera accept\u00e9e pour quelque raison que ce soit. Toute commande additionnelle ou r\u00e9vis\u00e9e (excluant les items assembl\u00e9s) re\u00e7ue apr\u00e8s 14:00 la m\u00eame journ\u00e9e sera exp\u00e9di\u00e9e s\u00e9par\u00e9ment; aucune bo\u00eete ne sera rouverte afin d&#8217;y ajouter la marchandise.<\/p>\n<p><strong>PERTES OU DOMMAGES DURANT LE TRANSPORT:<\/strong><br \/>\nLovato ne pourra \u00eatre tenue responsable de tout dommage, perte ou pillage advenus lors du transport &#8220;port d\u00fb&#8221; du mat\u00e9riel vers sa destination. Toute r\u00e9clamation \u00e0 ce sujet devra \u00eatre signal\u00e9e au transporteur par \u00e9crit dans les plus brefs d\u00e9lais. Si Lovato re\u00e7oit un avis \u00e9crit de toute r\u00e9clamation, elle procurera toute l&#8217;assistance possible de mani\u00e8re \u00e0 acc\u00e9l\u00e9rer et faciliter le r\u00e8glement.<\/p>\n<p><strong>GARANTIE:<\/strong><br \/>\nTous les produits sont garantis pour une p\u00e9riode d&#8217;un (1) an suivant la date d&#8217;exp\u00e9dition, contre tout d\u00e9faut de fabrication et de main d&#8217;\u0153uvre, \u00e0 moins que lesdits produits aient \u00e9t\u00e9 soumis \u00e0 un usage abusif ou contre-indiqu\u00e9. Tout remplacement ou r\u00e9paration sera effectu\u00e9 F.A.B. Laval, Qu\u00e9bec. L&#8217;Acheteur doit imm\u00e9diatement signaler toute d\u00e9fectuosit\u00e9 par \u00e9crit. La responsabilit\u00e9 de Lovato devient nulle au moment o\u00f9 se termine la p\u00e9riode de garantie.<\/p>\n<p><strong>FORCE MAJEURE:<\/strong><br \/>\nLovato ne pourra \u00eatre tenue responsable pour toute perte, dommage ou d\u00e9lai caus\u00e9s par un conflit arm\u00e9, guerre, invasion, r\u00e9volution, \u00e9meute ou par un incendie, inondation, ou tout autre \u00e9l\u00e9ment, gr\u00e8ve, d\u00e9sordre, protestation syndicale ou le d\u00e9faut par le fournisseur de livrer la marchandise en temps, ou toute autre cause hors du contr\u00f4le de Lovato. La r\u00e9ception par l&#8217;Acheteur du mat\u00e9riel command\u00e9 rendra nulle et non-avenue toute r\u00e9clamation pour perte ou dommage ainsi caus\u00e9.<\/p>\n<p><strong>LIMITE DE RESPONSABILIT\u00c9:<\/strong><br \/>\nLovato ne pourra \u00eatre tenu responsable pour tout dommage direct, indirect, sp\u00e9cial ou autre, de quelque nature que ce soit, et la responsabilit\u00e9 de Lovato ne pourra en aucun temps exc\u00e9der la valeur de la marchandise fournie.<\/p>\n<p><strong>RETOUR DE MARCHANDISE:<\/strong><br \/>\nUn num\u00e9ro d&#8217;autorisation de la part de Lovato est n\u00e9cessaire et obligatoire avant qu&#8217;une marchandise ne soit retourn\u00e9e. Toute marchandise retourn\u00e9e par transporteur\/courrier est aux frais de l&#8217;Acheteur. Toute marchandise retourn\u00e9e sans la permission de Lovato sera refus\u00e9e. Seulement la marchandise courante, non-utilis\u00e9e, dans son emballage original, pourra \u00eatre retourn\u00e9e pour cr\u00e9dit. Lorsque Lovato consent \u00e0 reprendre le mat\u00e9riel, un cr\u00e9dit \u00e9quivalent au montant factur\u00e9 moins les frais de remise en inventaire et de transport sera allou\u00e9. Tous les frais d\u00e9bours\u00e9s en vue de remettre le mat\u00e9riel en \u00e9tat de revente seront d\u00e9duits du montant allou\u00e9.<\/p>\n<p><strong>ANNULATION ET CHANGEMENTS:<\/strong><br \/>\nToute commande de marchandise r\u00e9guli\u00e8re normalement en stock chez Lovato peut \u00eatre annul\u00e9e ou modifi\u00e9e par l&#8217;Acheteur, des frais de remise en inventaire sont assum\u00e9s par l&#8217;Acheteur sujet \u00e0 l&#8217;inspection de la marchandise retourn\u00e9e.\u00a0 Aucune commande sp\u00e9ciale ne peut \u00eatre annul\u00e9e ou retourn\u00e9e.<\/p>\n<p><a href=\"https:\/\/www.lovatoelectric.com\/wp-content\/uploads\/2022\/09\/Modalite\u0301s-de-Vente.pdf\" target=\"_blank\" rel=\"noopener\">T\u00e9l\u00e9chargement<\/a><\/p>\n<\/div><\/div><\/div><\/div><\/div><div class=\"fusion-fullwidth fullwidth-box fusion-builder-row-2 fusion-flex-container has-pattern-background has-mask-background nonhundred-percent-fullwidth non-hundred-percent-height-scrolling\" style=\"--awb-border-radius-top-left:0px;--awb-border-radius-top-right:0px;--awb-border-radius-bottom-right:0px;--awb-border-radius-bottom-left:0px;--awb-flex-wrap:wrap;\" ><div class=\"fusion-builder-row fusion-row fusion-flex-align-items-flex-start fusion-flex-content-wrap\" style=\"max-width:1320.8px;margin-left: calc(-4% \/ 2 );margin-right: calc(-4% \/ 2 );\"><\/div><\/div><\/p>\n","protected":false},"excerpt":{"rendered":"","protected":false},"author":5,"featured_media":0,"parent":0,"menu_order":0,"comment_status":"closed","ping_status":"closed","template":"","meta":{"footnotes":""},"aioseo_notices":[],"_links":{"self":[{"href":"https:\/\/www.lovatoelectric.com\/ca_fr\/wp-json\/wp\/v2\/pages\/52242"}],"collection":[{"href":"https:\/\/www.lovatoelectric.com\/ca_fr\/wp-json\/wp\/v2\/pages"}],"about":[{"href":"https:\/\/www.lovatoelectric.com\/ca_fr\/wp-json\/wp\/v2\/types\/page"}],"author":[{"embeddable":true,"href":"https:\/\/www.lovatoelectric.com\/ca_fr\/wp-json\/wp\/v2\/users\/5"}],"replies":[{"embeddable":true,"href":"https:\/\/www.lovatoelectric.com\/ca_fr\/wp-json\/wp\/v2\/comments?post=52242"}],"version-history":[{"count":6,"href":"https:\/\/www.lovatoelectric.com\/ca_fr\/wp-json\/wp\/v2\/pages\/52242\/revisions"}],"predecessor-version":[{"id":53670,"href":"https:\/\/www.lovatoelectric.com\/ca_fr\/wp-json\/wp\/v2\/pages\/52242\/revisions\/53670"}],"wp:attachment":[{"href":"https:\/\/www.lovatoelectric.com\/ca_fr\/wp-json\/wp\/v2\/media?parent=52242"}],"curies":[{"name":"wp","href":"https:\/\/api.w.org\/{rel}","templated":true}]}}