{"id":36656,"date":"2021-08-18T12:48:03","date_gmt":"2021-08-18T10:48:03","guid":{"rendered":"https:\/\/www.lovatoelectric.com\/contacts\/careers\/"},"modified":"2026-03-10T08:44:53","modified_gmt":"2026-03-10T07:44:53","slug":"carriere","status":"publish","type":"page","link":"https:\/\/www.lovatoelectric.com\/ca_fr\/contacts\/carriere\/","title":{"rendered":"Carri\u00e8re"},"content":{"rendered":"<div class=\"fusion-fullwidth fullwidth-box fusion-builder-row-1 fusion-flex-container nonhundred-percent-fullwidth non-hundred-percent-height-scrolling\" style=\"--awb-border-radius-top-left:0px;--awb-border-radius-top-right:0px;--awb-border-radius-bottom-right:0px;--awb-border-radius-bottom-left:0px;--awb-padding-top:0px;--awb-padding-bottom:0px;--awb-margin-top:0px;--awb-margin-bottom:0px;--awb-flex-wrap:wrap;\" ><div class=\"fusion-builder-row fusion-row fusion-flex-align-items-flex-start fusion-flex-content-wrap\" style=\"max-width:1320.8px;margin-left: calc(-4% \/ 2 );margin-right: calc(-4% \/ 2 );\"><div class=\"fusion-layout-column fusion_builder_column fusion-builder-column-0 fusion_builder_column_1_1 1_1 fusion-flex-column\" style=\"--awb-padding-top:0px;--awb-padding-bottom:0px;--awb-bg-size:cover;--awb-width-large:100%;--awb-margin-top-large:0px;--awb-spacing-right-large:1.92%;--awb-margin-bottom-large:0px;--awb-spacing-left-large:1.92%;--awb-width-medium:100%;--awb-order-medium:0;--awb-spacing-right-medium:1.92%;--awb-spacing-left-medium:1.92%;--awb-width-small:100%;--awb-order-small:0;--awb-spacing-right-small:1.92%;--awb-spacing-left-small:1.92%;\"><div class=\"fusion-column-wrapper fusion-column-has-shadow fusion-flex-justify-content-flex-start fusion-content-layout-column\"><div class=\"fusion-title title fusion-title-1 fusion-sep-none fusion-title-text fusion-title-size-two\" style=\"--awb-margin-top:0px;--awb-margin-bottom:20px;\"><h2 class=\"fusion-title-heading title-heading-left fusion-responsive-typography-calculated\" style=\"margin:0;--fontSize:44;line-height:1.26;\">Carri\u00e8re<\/h2><\/div><\/div><\/div><div class=\"fusion-layout-column fusion_builder_column fusion-builder-column-1 fusion_builder_column_1_2 1_2 fusion-flex-column\" style=\"--awb-bg-size:cover;--awb-width-large:50%;--awb-margin-top-large:25px;--awb-spacing-right-large:3.84%;--awb-margin-bottom-large:25px;--awb-spacing-left-large:3.84%;--awb-width-medium:100%;--awb-order-medium:0;--awb-spacing-right-medium:1.92%;--awb-spacing-left-medium:1.92%;--awb-width-small:100%;--awb-order-small:0;--awb-spacing-right-small:1.92%;--awb-spacing-left-small:1.92%;\"><div class=\"fusion-column-wrapper fusion-column-has-shadow fusion-flex-justify-content-flex-start fusion-content-layout-column\"><div class=\"fusion-image-element \" style=\"--awb-caption-title-font-family:var(--h2_typography-font-family);--awb-caption-title-font-weight:var(--h2_typography-font-weight);--awb-caption-title-font-style:var(--h2_typography-font-style);--awb-caption-title-size:var(--h2_typography-font-size);--awb-caption-title-transform:var(--h2_typography-text-transform);--awb-caption-title-line-height:var(--h2_typography-line-height);--awb-caption-title-letter-spacing:var(--h2_typography-letter-spacing);\"><span class=\" fusion-imageframe imageframe-none imageframe-1 hover-type-none\"><img decoding=\"async\" width=\"580\" height=\"220\" title=\"G422_CO\" src=\"https:\/\/www.lovatoelectric.com\/wp-content\/uploads\/2021\/12\/G422_CO.jpg\" data-orig-src=\"https:\/\/www.lovatoelectric.com\/wp-content\/uploads\/2021\/12\/G422_CO.jpg\" alt class=\"lazyload img-responsive wp-image-12547\" srcset=\"data:image\/svg+xml,%3Csvg%20xmlns%3D%27http%3A%2F%2Fwww.w3.org%2F2000%2Fsvg%27%20width%3D%27580%27%20height%3D%27220%27%20viewBox%3D%270%200%20580%20220%27%3E%3Crect%20width%3D%27580%27%20height%3D%27220%27%20fill-opacity%3D%220%22%2F%3E%3C%2Fsvg%3E\" data-srcset=\"https:\/\/www.lovatoelectric.com\/wp-content\/uploads\/2021\/12\/G422_CO-200x76.jpg 200w, https:\/\/www.lovatoelectric.com\/wp-content\/uploads\/2021\/12\/G422_CO-400x152.jpg 400w, https:\/\/www.lovatoelectric.com\/wp-content\/uploads\/2021\/12\/G422_CO.jpg 580w\" data-sizes=\"auto\" data-orig-sizes=\"(max-width: 1024px) 100vw, (max-width: 640px) 100vw, 580px\" \/><\/span><\/div><\/div><\/div><div class=\"fusion-layout-column fusion_builder_column fusion-builder-column-2 fusion_builder_column_1_2 1_2 fusion-flex-column\" style=\"--awb-bg-size:cover;--awb-width-large:50%;--awb-margin-top-large:0px;--awb-spacing-right-large:3.84%;--awb-margin-bottom-large:0px;--awb-spacing-left-large:3.84%;--awb-width-medium:100%;--awb-spacing-right-medium:1.92%;--awb-spacing-left-medium:1.92%;--awb-width-small:100%;--awb-spacing-right-small:1.92%;--awb-spacing-left-small:1.92%;\"><div class=\"fusion-column-wrapper fusion-flex-justify-content-flex-start fusion-content-layout-column\"><div class=\"fusion-text fusion-text-1\" style=\"--awb-text-transform:none;\"><p><b>Offres d\u2019emplois <\/b><\/p>\n<\/div><div class=\"fusion-text fusion-text-2\" style=\"--awb-text-transform:none;\"><p><span style=\"color: #fa4515;\"><strong>LOVATO Electric<\/strong><\/span>, ayant ses installations de fabrication bas\u00e9es \u00e0 Bergamo (Italie) et s&#8217;appuyant sur ses 96 ann\u00e9es d&#8217;exp\u00e9rience ininterrompue, occupe le leadership du secteur des composants \u00e9lectrom\u00e9caniques et \u00e9lectroniques pour l&#8217;automatisation industrielle. Rassemblant technologie et conception afin de fournir des solutions innovatrices pour les clients sur les march\u00e9s industriel, commercial et fabricants d&#8217;\u00e9quipements \u00e0 travers sont r\u00e9seau de distribution autour du monde.<\/p>\n<\/div><div class=\"fusion-separator\" style=\"align-self: center;margin-left: auto;margin-right: auto;margin-top:40px;margin-bottom:40px;width:100%;max-width:80%;\"><div class=\"fusion-separator-border sep-single sep-solid\" style=\"--awb-height:20px;--awb-amount:20px;border-color:rgba(40,45,51,0.1);border-top-width:1px;\"><\/div><\/div><\/div><\/div><div class=\"fusion-layout-column fusion_builder_column fusion-builder-column-3 fusion_builder_column_1_1 1_1 fusion-flex-column fusion-flex-align-self-flex-start\" style=\"--awb-bg-size:cover;--awb-width-large:100%;--awb-margin-top-large:0px;--awb-spacing-right-large:1.92%;--awb-margin-bottom-large:25px;--awb-spacing-left-large:1.92%;--awb-width-medium:100%;--awb-order-medium:0;--awb-spacing-right-medium:1.92%;--awb-spacing-left-medium:1.92%;--awb-width-small:100%;--awb-order-small:0;--awb-spacing-right-small:1.92%;--awb-spacing-left-small:1.92%;\"><div class=\"fusion-column-wrapper fusion-column-has-shadow fusion-flex-justify-content-flex-start fusion-content-layout-column\"><div class=\"fusion-text fusion-text-3\" style=\"--awb-text-transform:none;\"><p><strong style=\"color: var(--awb-custom17);\">Opportunit\u00e9 d&#8217;emploi chez Lovato Electric \u00e0 notre si\u00e8ge social Canadien \u00e0 Laval, Qu\u00e9bec.<\/strong><\/p>\n<h3 data-fontsize=\"28\" data-lineheight=\"36.96px\" class=\"fusion-responsive-typography-calculated\" style=\"--fontSize: 28; line-height: 1.32;\"><b>Account Manager \/ Sales Representative &#8211; Industrial Automation<\/b><\/h3>\n<p>\u00cates-vous pr\u00eat \u00e0 vous immerger dans le monde dynamique de l&#8217;automatisation industrielle ? Avec plus d&#8217;un si\u00e8cle d&#8217;exp\u00e9rience en mati\u00e8re de composants \u00e9lectrom\u00e9caniques et \u00e9lectroniques, Lovato Electric Corp. est \u00e0 la pointe de l&#8217;innovation. Notre si\u00e8ge social canadien, situ\u00e9 \u00e0 Laval, au Qu\u00e9bec, est \u00e0 la recherche d&#8217;un Repr\u00e9sentant commercial &#8211; R\u00e9gion de Montr\u00e9al \/ Rive Nord passionn\u00e9 pour se joindre \u00e0 notre \u00e9quipe dynamique.<\/p>\n<\/p>\n<p><b>Pourquoi choisir Lovato Electric Corp.?<\/b><\/p>\n<ul>\n<li><span style=\"background-color: rgba(0, 0, 0, 0);\">Solutions innovantes : Faites partie d&#8217;une entreprise qui fusionne harmonieusement technologie de pointe et design \u00e9l\u00e9gant pour offrir des solutions r\u00e9volutionnaires aux fabricants d&#8217;\u00e9quipements industriels et commerciaux du monde entier.<\/span><\/li>\n<li>Impact mondial : Rejoignez un r\u00e9seau de distribution mondial et contribuez \u00e0 influencer l&#8217;avenir de l&#8217;automatisation industrielle \u00e0 l&#8217;\u00e9chelle mondiale.<\/li>\n<\/ul>\n<p><b>Description des responsabilit\u00e9s:<\/b><\/p>\n<\/p>\n<ul>\n<li>Cultiver et entretenir les relations d&#8217;affaires avec les distributeurs de Lovato dans le territoire.<\/li>\n<li>Organiser des d\u00e9jeuners-conf\u00e9rences et des pr\u00e9sentations techniques attrayantes pour les \u00e9quipementiers, les consultants en ing\u00e9nierie et les distributeurs.<\/li>\n<li>G\u00e9rer des canaux de communication transparents en externe avec les clients et en interne avec Lovato.<\/li>\n<li>Mener des efforts pour am\u00e9liorer la croissance et la rentabilit\u00e9.<\/li>\n<li>\u00c9tablir des relations et former une influence en \u00e9tablissant des relations durables et de confiance avec les clients \u00e0 tous les niveaux, y compris les responsables de haut niveau.<\/li>\n<li>S&#8217;efforcer d&#8217;obtenir l&#8217;approbation des produits Lovato sur les listes de fournisseurs des clients.<\/li>\n<li>\u00c9valuer si nos produits correspondent aux exigences techniques et aux sp\u00e9cifications des clients.<\/li>\n<li>Fournir des pr\u00e9visions de vente mensuelles et suivi de opportunit\u00e9s offertes par les clients.<\/li>\n<li>Travailler \u00e0 la r\u00e9alisation des objectifs de vente annuels.<\/li>\n<\/ul>\n<p><b>Comp\u00e9tences et Qualifications:<\/b><\/p>\n<ul>\n<li>Exp\u00e9rience dans le secteur : Apportez votre connaissance de l&#8217;automatisation industrielle et du service \u00e0 la client\u00e8le, avec un minimum de 5 ans d&#8217;exp\u00e9rience dans la vente.<\/li>\n<li>Initiative et dynamisme : Faites preuve d&#8217;une approche proactive pour atteindre vos objectifs personnels et ceux de l&#8217;\u00e9quipe, avec la d\u00e9termination de fournir un service exceptionnel.<\/li>\n<li>Recherche d&#8217;informations : D\u00e9sir d&#8217;apprendre et de se tenir au courant des tendances de l&#8217;industrie.<\/li>\n<li>Comp\u00e9tences en mati\u00e8re de communication : Communiquer couramment en fran\u00e7ais et en anglais.<\/li>\n<li>Formation : D\u00e9tenir un DEC ou plus.<\/li>\n<\/ul>\n<p><b>Ce que nous offrons:<\/b><\/p>\n<ul>\n<li>Une r\u00e9mun\u00e9ration comp\u00e9titive : B\u00e9n\u00e9ficiez d&#8217;un package salarial comp\u00e9titif qui reconna\u00eet vos comp\u00e9tences et vos contributions.<\/li>\n<li>Avantages sociaux complets : Acc\u00e8s \u00e0 une assurance collective pour soutenir votre sant\u00e9 et votre bien-\u00eatre, ainsi qu&#8217;\u00e0 un r\u00e9gime de retraite pour les employ\u00e9<\/li>\n<\/ul>\n<p>Si vous \u00eates pr\u00eat \u00e0 prendre part \u00e0 une aventure passionnante dans le domaine de l&#8217;automatisation industrielle et \u00e0 contribuer \u00e0 fa\u00e7onner l&#8217;avenir avec Lovato Electric, nous voulons vous entendre ! Soumettez votre candidature et explorons ensemble cette opportunit\u00e9. Rejoignez-nous chez Lovato Electric Corp., o\u00f9 l&#8217;innovation rencontre l&#8217;excellence.<\/p>\n<\/div><div style=\"text-align:center;\"><a class=\"fusion-button button-flat fusion-button-default-size button-default fusion-button-default button-1 fusion-button-default-span fusion-button-default-type\" target=\"_blank\" rel=\"noopener noreferrer\" href=\"mailto:emploi@lovato.ca\"><span class=\"fusion-button-text\">POUR ENVOYER VOTRE CV, CLIQUEZ ICI<\/span><\/a><\/div><\/div><\/div><\/div><\/div>\n","protected":false},"excerpt":{"rendered":"","protected":false},"author":1,"featured_media":0,"parent":36535,"menu_order":2,"comment_status":"closed","ping_status":"closed","template":"100-width.php","meta":{"footnotes":""},"aioseo_notices":[],"_links":{"self":[{"href":"https:\/\/www.lovatoelectric.com\/ca_fr\/wp-json\/wp\/v2\/pages\/36656"}],"collection":[{"href":"https:\/\/www.lovatoelectric.com\/ca_fr\/wp-json\/wp\/v2\/pages"}],"about":[{"href":"https:\/\/www.lovatoelectric.com\/ca_fr\/wp-json\/wp\/v2\/types\/page"}],"author":[{"embeddable":true,"href":"https:\/\/www.lovatoelectric.com\/ca_fr\/wp-json\/wp\/v2\/users\/1"}],"replies":[{"embeddable":true,"href":"https:\/\/www.lovatoelectric.com\/ca_fr\/wp-json\/wp\/v2\/comments?post=36656"}],"version-history":[{"count":5,"href":"https:\/\/www.lovatoelectric.com\/ca_fr\/wp-json\/wp\/v2\/pages\/36656\/revisions"}],"predecessor-version":[{"id":198965,"href":"https:\/\/www.lovatoelectric.com\/ca_fr\/wp-json\/wp\/v2\/pages\/36656\/revisions\/198965"}],"up":[{"embeddable":true,"href":"https:\/\/www.lovatoelectric.com\/ca_fr\/wp-json\/wp\/v2\/pages\/36535"}],"wp:attachment":[{"href":"https:\/\/www.lovatoelectric.com\/ca_fr\/wp-json\/wp\/v2\/media?parent=36656"}],"curies":[{"name":"wp","href":"https:\/\/api.w.org\/{rel}","templated":true}]}}