{"id":141320,"date":"2023-12-13T15:59:12","date_gmt":"2023-12-13T14:59:12","guid":{"rendered":"https:\/\/www.lovatoelectric.com\/nouveautes-et-evenements\/blog\/"},"modified":"2023-12-13T15:59:12","modified_gmt":"2023-12-13T14:59:12","slug":"blog","status":"publish","type":"page","link":"https:\/\/www.lovatoelectric.com\/ca_fr\/nouveautes-et-evenements\/blog\/","title":{"rendered":"Blog"},"content":{"rendered":"<div class=\"fusion-fullwidth fullwidth-box fusion-builder-row-1 fusion-flex-container has-pattern-background has-mask-background nonhundred-percent-fullwidth non-hundred-percent-height-scrolling\" style=\"--awb-border-radius-top-left:0px;--awb-border-radius-top-right:0px;--awb-border-radius-bottom-right:0px;--awb-border-radius-bottom-left:0px;--awb-flex-wrap:wrap;\" ><div class=\"fusion-builder-row fusion-row fusion-flex-align-items-flex-start fusion-flex-content-wrap\" style=\"max-width:1320.8px;margin-left: calc(-4% \/ 2 );margin-right: calc(-4% \/ 2 );\"><div class=\"fusion-layout-column fusion_builder_column fusion-builder-column-0 fusion_builder_column_1_1 1_1 fusion-flex-column\" style=\"--awb-bg-size:cover;--awb-width-large:100%;--awb-margin-top-large:25px;--awb-spacing-right-large:1.92%;--awb-margin-bottom-large:25px;--awb-spacing-left-large:1.92%;--awb-width-medium:100%;--awb-order-medium:0;--awb-spacing-right-medium:1.92%;--awb-spacing-left-medium:1.92%;--awb-width-small:100%;--awb-order-small:0;--awb-spacing-right-small:1.92%;--awb-spacing-left-small:1.92%;\"><div class=\"fusion-column-wrapper fusion-column-has-shadow fusion-flex-justify-content-flex-start fusion-content-layout-column\"><div class=\"fusion-title title fusion-title-1 fusion-sep-none fusion-title-text fusion-title-size-two\"><h2 class=\"fusion-title-heading title-heading-left fusion-responsive-typography-calculated\" style=\"margin:0;--fontSize:44;line-height:1.26;\">Blog<\/h2><\/div><div class=\"fusion-blog-shortcode fusion-blog-shortcode-1 fusion-blog-archive fusion-blog-layout-grid-wrapper fusion-blog-no\"><style type=\"text\/css\">.fusion-blog-shortcode-1 .fusion-blog-layout-grid .fusion-post-grid{padding:20px;}.fusion-blog-shortcode-1 .fusion-posts-container{margin-left: -20px !important; margin-right:-20px !important;}<\/style><div class=\"fusion-posts-container fusion-posts-container-no fusion-no-meta-info fusion-blog-rollover fusion-blog-layout-grid fusion-blog-layout-grid-3 isotope fusion-blog-equal-heights\" data-pages=\"0\" data-grid-col-space=\"40\" style=\"margin: -20px -20px 0;min-height:500px;\"><article id=\"blog-1-post-202794\" class=\"fusion-post-grid post-202794 post type-post status-publish format-standard has-post-thumbnail hentry category-blog-ca_en-ca_fr\">\n<div class=\"fusion-post-wrapper\" style=\"background-color:rgba(255,255,255,0);border:none;\">\n\n\t\t\t<div class=\"fusion-flexslider flexslider fusion-flexslider-loading fusion-post-slideshow\" style=\"border-color:rgba(40,45,51,0);\">\n\t\t<ul class=\"slides\">\n\t\t\t\n\t\t\t\t\t\t\t\t\t\t\t\t\t\t<li><div  class=\"fusion-image-wrapper\" aria-haspopup=\"true\">\n\t\t\t\t<img decoding=\"async\" width=\"600\" height=\"400\" src=\"https:\/\/www.lovatoelectric.com\/wp-content\/uploads\/2026\/04\/Lovato_HVAC_cover_blog.png\" class=\"attachment-full size-full lazyload wp-post-image\" alt=\"\" srcset=\"data:image\/svg+xml,%3Csvg%20xmlns%3D%27http%3A%2F%2Fwww.w3.org%2F2000%2Fsvg%27%20width%3D%27600%27%20height%3D%27400%27%20viewBox%3D%270%200%20600%20400%27%3E%3Crect%20width%3D%27600%27%20height%3D%27400%27%20fill-opacity%3D%220%22%2F%3E%3C%2Fsvg%3E\" data-orig-src=\"https:\/\/www.lovatoelectric.com\/wp-content\/uploads\/2026\/04\/Lovato_HVAC_cover_blog.png\" data-srcset=\"https:\/\/www.lovatoelectric.com\/wp-content\/uploads\/2026\/04\/Lovato_HVAC_cover_blog-200x133.png 200w, https:\/\/www.lovatoelectric.com\/wp-content\/uploads\/2026\/04\/Lovato_HVAC_cover_blog-400x267.png 400w, https:\/\/www.lovatoelectric.com\/wp-content\/uploads\/2026\/04\/Lovato_HVAC_cover_blog.png 600w\" data-sizes=\"auto\" \/><div class=\"fusion-rollover\">\n\t<div class=\"fusion-rollover-content\">\n\n\t\t\t\t\n\t\t\n\t\t\t\t\t\t\t\t\n\t\t\t\t\t\t\t\t\n\t\t\n\t\t\t\t\t\t<a class=\"fusion-link-wrapper\" href=\"https:\/\/www.lovatoelectric.com\/ca_fr\/optimisation-energetique-des-systemes-hvac-ameliorer-la-performance-et-la-fiabilite-des-batiments-au-canada\/\" aria-label=\"Optimisation \u00e9nerg\u00e9tique des syst\u00e8mes HVAC : am\u00e9liorer la performance et la fiabilit\u00e9 des b\u00e2timents au Canada\"><\/a>\n\t<\/div>\n<\/div>\n<\/div>\n<\/li>\n\t\t\t\n\t\t\t\n\t\t\t\t\t\t\t\t\t\t\t\t\t\t\t\t\t\t\t\t\t\t\t\t\t\t\t\t\t\t\t\t\t\t\t\t\t\t\t\t\t\t\t\t\t\t\t\t\t\t\t\t\t\t\t\t\t\t\t\t\t\t\t\t\t\t\t\t<\/ul>\n\t<\/div>\n\t<div class=\"fusion-post-content-wrapper\" style=\"padding:30px 0px 10px 0px;\"><div class=\"fusion-post-content post-content\"><h2 class=\"blog-shortcode-post-title entry-title\"><a href=\"https:\/\/www.lovatoelectric.com\/ca_fr\/optimisation-energetique-des-systemes-hvac-ameliorer-la-performance-et-la-fiabilite-des-batiments-au-canada\/\">Optimisation \u00e9nerg\u00e9tique des syst\u00e8mes HVAC : am\u00e9liorer la performance et la fiabilit\u00e9 des b\u00e2timents au Canada<\/a><\/h2><\/div><\/div><div class=\"fusion-clearfix\"><\/div><\/div>\n<\/article>\n<article id=\"blog-1-post-171373\" class=\"fusion-post-grid post-171373 post type-post status-publish format-standard has-post-thumbnail hentry category-blog-ca_en-ca_fr\">\n<div class=\"fusion-post-wrapper\" style=\"background-color:rgba(255,255,255,0);border:none;\">\n\n\t\t\t<div class=\"fusion-flexslider flexslider fusion-flexslider-loading fusion-post-slideshow\" style=\"border-color:rgba(40,45,51,0);\">\n\t\t<ul class=\"slides\">\n\t\t\t\n\t\t\t\t\t\t\t\t\t\t\t\t\t\t<li><div  class=\"fusion-image-wrapper\" aria-haspopup=\"true\">\n\t\t\t\t<img decoding=\"async\" width=\"600\" height=\"400\" src=\"https:\/\/www.lovatoelectric.com\/wp-content\/uploads\/2025\/12\/202511_Lovato_Cover-Blog_DataCenter_01.jpg\" class=\"attachment-full size-full lazyload wp-post-image\" alt=\"\" srcset=\"data:image\/svg+xml,%3Csvg%20xmlns%3D%27http%3A%2F%2Fwww.w3.org%2F2000%2Fsvg%27%20width%3D%27600%27%20height%3D%27400%27%20viewBox%3D%270%200%20600%20400%27%3E%3Crect%20width%3D%27600%27%20height%3D%27400%27%20fill-opacity%3D%220%22%2F%3E%3C%2Fsvg%3E\" data-orig-src=\"https:\/\/www.lovatoelectric.com\/wp-content\/uploads\/2025\/12\/202511_Lovato_Cover-Blog_DataCenter_01.jpg\" data-srcset=\"https:\/\/www.lovatoelectric.com\/wp-content\/uploads\/2025\/12\/202511_Lovato_Cover-Blog_DataCenter_01-200x133.jpg 200w, https:\/\/www.lovatoelectric.com\/wp-content\/uploads\/2025\/12\/202511_Lovato_Cover-Blog_DataCenter_01-400x267.jpg 400w, https:\/\/www.lovatoelectric.com\/wp-content\/uploads\/2025\/12\/202511_Lovato_Cover-Blog_DataCenter_01.jpg 600w\" data-sizes=\"auto\" \/><div class=\"fusion-rollover\">\n\t<div class=\"fusion-rollover-content\">\n\n\t\t\t\t\n\t\t\n\t\t\t\t\t\t\t\t\n\t\t\t\t\t\t\t\t\n\t\t\n\t\t\t\t\t\t<a class=\"fusion-link-wrapper\" href=\"https:\/\/www.lovatoelectric.com\/ca_fr\/optimiser-lefficacite-energetique-des-centres-de-donnees-au-canada-performance-securite-et-reduction-des-couts\/\" aria-label=\"Optimiser l\u2019efficacit\u00e9 \u00e9nerg\u00e9tique des centres de donn\u00e9es au Canada : performance, s\u00e9curit\u00e9 et r\u00e9duction des co\u00fbts\"><\/a>\n\t<\/div>\n<\/div>\n<\/div>\n<\/li>\n\t\t\t\n\t\t\t\n\t\t\t\t\t\t\t\t\t\t\t\t\t\t\t\t\t\t\t\t\t\t\t\t\t\t\t\t\t\t\t\t\t\t\t\t\t\t\t\t\t\t\t\t\t\t\t\t\t\t\t\t\t\t\t\t\t\t\t\t\t\t\t\t\t\t\t\t<\/ul>\n\t<\/div>\n\t<div class=\"fusion-post-content-wrapper\" style=\"padding:30px 0px 10px 0px;\"><div class=\"fusion-post-content post-content\"><h2 class=\"blog-shortcode-post-title entry-title\"><a href=\"https:\/\/www.lovatoelectric.com\/ca_fr\/optimiser-lefficacite-energetique-des-centres-de-donnees-au-canada-performance-securite-et-reduction-des-couts\/\">Optimiser l\u2019efficacit\u00e9 \u00e9nerg\u00e9tique des centres de donn\u00e9es au Canada : performance, s\u00e9curit\u00e9 et r\u00e9duction des co\u00fbts<\/a><\/h2><\/div><\/div><div class=\"fusion-clearfix\"><\/div><\/div>\n<\/article>\n<article id=\"blog-1-post-168258\" class=\"fusion-post-grid post-168258 post type-post status-publish format-standard has-post-thumbnail hentry category-blog-ca_en-ca_fr\">\n<div class=\"fusion-post-wrapper\" style=\"background-color:rgba(255,255,255,0);border:none;\">\n\n\t\t\t<div class=\"fusion-flexslider flexslider fusion-flexslider-loading fusion-post-slideshow\" style=\"border-color:rgba(40,45,51,0);\">\n\t\t<ul class=\"slides\">\n\t\t\t\n\t\t\t\t\t\t\t\t\t\t\t\t\t\t<li><div  class=\"fusion-image-wrapper\" aria-haspopup=\"true\">\n\t\t\t\t<img decoding=\"async\" width=\"600\" height=\"400\" src=\"https:\/\/www.lovatoelectric.com\/wp-content\/uploads\/2025\/11\/Lovato_Electric_Greenhouse_blog_post_cover.jpg\" class=\"attachment-full size-full lazyload wp-post-image\" alt=\"\" srcset=\"data:image\/svg+xml,%3Csvg%20xmlns%3D%27http%3A%2F%2Fwww.w3.org%2F2000%2Fsvg%27%20width%3D%27600%27%20height%3D%27400%27%20viewBox%3D%270%200%20600%20400%27%3E%3Crect%20width%3D%27600%27%20height%3D%27400%27%20fill-opacity%3D%220%22%2F%3E%3C%2Fsvg%3E\" data-orig-src=\"https:\/\/www.lovatoelectric.com\/wp-content\/uploads\/2025\/11\/Lovato_Electric_Greenhouse_blog_post_cover.jpg\" data-srcset=\"https:\/\/www.lovatoelectric.com\/wp-content\/uploads\/2025\/11\/Lovato_Electric_Greenhouse_blog_post_cover-200x133.jpg 200w, https:\/\/www.lovatoelectric.com\/wp-content\/uploads\/2025\/11\/Lovato_Electric_Greenhouse_blog_post_cover-400x267.jpg 400w, https:\/\/www.lovatoelectric.com\/wp-content\/uploads\/2025\/11\/Lovato_Electric_Greenhouse_blog_post_cover.jpg 600w\" data-sizes=\"auto\" \/><div class=\"fusion-rollover\">\n\t<div class=\"fusion-rollover-content\">\n\n\t\t\t\t\n\t\t\n\t\t\t\t\t\t\t\t\n\t\t\t\t\t\t\t\t\n\t\t\n\t\t\t\t\t\t<a class=\"fusion-link-wrapper\" href=\"https:\/\/www.lovatoelectric.com\/ca_fr\/optimiser-la-consommation-energetique-des-serres-industrielles-au-canada-un-atout-de-productivite\/\" aria-label=\"Optimiser la consommation \u00e9nerg\u00e9tique des serres industrielles au Canada : un atout de productivit\u00e9\"><\/a>\n\t<\/div>\n<\/div>\n<\/div>\n<\/li>\n\t\t\t\n\t\t\t\n\t\t\t\t\t\t\t\t\t\t\t\t\t\t\t\t\t\t\t\t\t\t\t\t\t\t\t\t\t\t\t\t\t\t\t\t\t\t\t\t\t\t\t\t\t\t\t\t\t\t\t\t\t\t\t\t\t\t\t\t\t\t\t\t\t\t\t\t<\/ul>\n\t<\/div>\n\t<div class=\"fusion-post-content-wrapper\" style=\"padding:30px 0px 10px 0px;\"><div class=\"fusion-post-content post-content\"><h2 class=\"blog-shortcode-post-title entry-title\"><a href=\"https:\/\/www.lovatoelectric.com\/ca_fr\/optimiser-la-consommation-energetique-des-serres-industrielles-au-canada-un-atout-de-productivite\/\">Optimiser la consommation \u00e9nerg\u00e9tique des serres industrielles au Canada : un atout de productivit\u00e9<\/a><\/h2><\/div><\/div><div class=\"fusion-clearfix\"><\/div><\/div>\n<\/article>\n<article id=\"blog-1-post-162693\" class=\"fusion-post-grid post-162693 post type-post status-publish format-standard has-post-thumbnail hentry category-blog-ca_en-ca_fr\">\n<div class=\"fusion-post-wrapper\" style=\"background-color:rgba(255,255,255,0);border:none;\">\n\n\t\t\t<div class=\"fusion-flexslider flexslider fusion-flexslider-loading fusion-post-slideshow\" style=\"border-color:rgba(40,45,51,0);\">\n\t\t<ul class=\"slides\">\n\t\t\t\n\t\t\t\t\t\t\t\t\t\t\t\t\t\t<li><div  class=\"fusion-image-wrapper\" aria-haspopup=\"true\">\n\t\t\t\t<img decoding=\"async\" width=\"600\" height=\"400\" src=\"https:\/\/www.lovatoelectric.com\/wp-content\/uploads\/2025\/08\/202508_Lovato_Blogue_MCCB_V5-1-1.jpg\" class=\"attachment-full size-full lazyload wp-post-image\" alt=\"\" srcset=\"data:image\/svg+xml,%3Csvg%20xmlns%3D%27http%3A%2F%2Fwww.w3.org%2F2000%2Fsvg%27%20width%3D%27600%27%20height%3D%27400%27%20viewBox%3D%270%200%20600%20400%27%3E%3Crect%20width%3D%27600%27%20height%3D%27400%27%20fill-opacity%3D%220%22%2F%3E%3C%2Fsvg%3E\" data-orig-src=\"https:\/\/www.lovatoelectric.com\/wp-content\/uploads\/2025\/08\/202508_Lovato_Blogue_MCCB_V5-1-1.jpg\" data-srcset=\"https:\/\/www.lovatoelectric.com\/wp-content\/uploads\/2025\/08\/202508_Lovato_Blogue_MCCB_V5-1-1-200x133.jpg 200w, https:\/\/www.lovatoelectric.com\/wp-content\/uploads\/2025\/08\/202508_Lovato_Blogue_MCCB_V5-1-1-400x267.jpg 400w, https:\/\/www.lovatoelectric.com\/wp-content\/uploads\/2025\/08\/202508_Lovato_Blogue_MCCB_V5-1-1.jpg 600w\" data-sizes=\"auto\" \/><div class=\"fusion-rollover\">\n\t<div class=\"fusion-rollover-content\">\n\n\t\t\t\t\n\t\t\n\t\t\t\t\t\t\t\t\n\t\t\t\t\t\t\t\t\n\t\t\n\t\t\t\t\t\t<a class=\"fusion-link-wrapper\" href=\"https:\/\/www.lovatoelectric.com\/ca_fr\/disjoncteurs-boitiers-moules-mccb-une-protection-fiable-et-evolutive-pour-vos-installations\/\" aria-label=\"Disjoncteurs bo\u00eetiers moul\u00e9s (MCCB) : une protection fiable et \u00e9volutive pour vos installations\"><\/a>\n\t<\/div>\n<\/div>\n<\/div>\n<\/li>\n\t\t\t\n\t\t\t\n\t\t\t\t\t\t\t\t\t\t\t\t\t\t\t\t\t\t\t\t\t\t\t\t\t\t\t\t\t\t\t\t\t\t\t\t\t\t\t\t\t\t\t\t\t\t\t\t\t\t\t\t\t\t\t\t\t\t\t\t\t\t\t\t\t\t\t\t<\/ul>\n\t<\/div>\n\t<div class=\"fusion-post-content-wrapper\" style=\"padding:30px 0px 10px 0px;\"><div class=\"fusion-post-content post-content\"><h2 class=\"blog-shortcode-post-title entry-title\"><a href=\"https:\/\/www.lovatoelectric.com\/ca_fr\/disjoncteurs-boitiers-moules-mccb-une-protection-fiable-et-evolutive-pour-vos-installations\/\">Disjoncteurs bo\u00eetiers moul\u00e9s (MCCB) : une protection fiable et \u00e9volutive pour vos installations<\/a><\/h2><\/div><\/div><div class=\"fusion-clearfix\"><\/div><\/div>\n<\/article>\n<article id=\"blog-1-post-141358\" class=\"fusion-post-grid post-141358 post type-post status-publish format-standard has-post-thumbnail hentry category-blog-ca_en-ca_fr\">\n<div class=\"fusion-post-wrapper\" style=\"background-color:rgba(255,255,255,0);border:none;\">\n\n\t\t\t<div class=\"fusion-flexslider flexslider fusion-flexslider-loading fusion-post-slideshow\" style=\"border-color:rgba(40,45,51,0);\">\n\t\t<ul class=\"slides\">\n\t\t\t\n\t\t\t\t\t\t\t\t\t\t\t\t\t\t<li><div  class=\"fusion-image-wrapper\" aria-haspopup=\"true\">\n\t\t\t\t<img decoding=\"async\" width=\"600\" height=\"400\" src=\"https:\/\/www.lovatoelectric.com\/wp-content\/uploads\/2024\/11\/Blog-1-Thumbnail-DMG-1.jpg\" class=\"attachment-full size-full lazyload wp-post-image\" alt=\"\" srcset=\"data:image\/svg+xml,%3Csvg%20xmlns%3D%27http%3A%2F%2Fwww.w3.org%2F2000%2Fsvg%27%20width%3D%27600%27%20height%3D%27400%27%20viewBox%3D%270%200%20600%20400%27%3E%3Crect%20width%3D%27600%27%20height%3D%27400%27%20fill-opacity%3D%220%22%2F%3E%3C%2Fsvg%3E\" data-orig-src=\"https:\/\/www.lovatoelectric.com\/wp-content\/uploads\/2024\/11\/Blog-1-Thumbnail-DMG-1.jpg\" data-srcset=\"https:\/\/www.lovatoelectric.com\/wp-content\/uploads\/2024\/11\/Blog-1-Thumbnail-DMG-1-200x133.jpg 200w, https:\/\/www.lovatoelectric.com\/wp-content\/uploads\/2024\/11\/Blog-1-Thumbnail-DMG-1-400x267.jpg 400w, https:\/\/www.lovatoelectric.com\/wp-content\/uploads\/2024\/11\/Blog-1-Thumbnail-DMG-1.jpg 600w\" data-sizes=\"auto\" \/><div class=\"fusion-rollover\">\n\t<div class=\"fusion-rollover-content\">\n\n\t\t\t\t\n\t\t\n\t\t\t\t\t\t\t\t\n\t\t\t\t\t\t\t\t\n\t\t\n\t\t\t\t\t\t<a class=\"fusion-link-wrapper\" href=\"https:\/\/www.lovatoelectric.com\/ca_fr\/serie-dmg-easy-branch-solutions-intelligentes-pour-la-gestion-denergie\/\" aria-label=\"S\u00e9rie DMG &#038; Easy Branch : Solutions intelligentes pour la gestion d&#8217;\u00e9nergie\"><\/a>\n\t<\/div>\n<\/div>\n<\/div>\n<\/li>\n\t\t\t\n\t\t\t\n\t\t\t\t\t\t\t\t\t\t\t\t\t\t\t\t\t\t\t\t\t\t\t\t\t\t\t\t\t\t\t\t\t\t\t\t\t\t\t\t\t\t\t\t\t\t\t\t\t\t\t\t\t\t\t\t\t\t\t\t\t\t\t\t\t\t\t\t<\/ul>\n\t<\/div>\n\t<div class=\"fusion-post-content-wrapper\" style=\"padding:30px 0px 10px 0px;\"><div class=\"fusion-post-content post-content\"><h2 class=\"blog-shortcode-post-title entry-title\"><a href=\"https:\/\/www.lovatoelectric.com\/ca_fr\/serie-dmg-easy-branch-solutions-intelligentes-pour-la-gestion-denergie\/\">S\u00e9rie DMG &#038; Easy Branch : Solutions intelligentes pour la gestion d&#8217;\u00e9nergie<\/a><\/h2><\/div><\/div><div class=\"fusion-clearfix\"><\/div><\/div>\n<\/article>\n<div class=\"fusion-clearfix\"><\/div><\/div><\/div><\/div><\/div><\/div><\/div>\n","protected":false},"excerpt":{"rendered":"","protected":false},"author":1,"featured_media":0,"parent":26173,"menu_order":0,"comment_status":"closed","ping_status":"closed","template":"","meta":{"footnotes":""},"aioseo_notices":[],"_links":{"self":[{"href":"https:\/\/www.lovatoelectric.com\/ca_fr\/wp-json\/wp\/v2\/pages\/141320"}],"collection":[{"href":"https:\/\/www.lovatoelectric.com\/ca_fr\/wp-json\/wp\/v2\/pages"}],"about":[{"href":"https:\/\/www.lovatoelectric.com\/ca_fr\/wp-json\/wp\/v2\/types\/page"}],"author":[{"embeddable":true,"href":"https:\/\/www.lovatoelectric.com\/ca_fr\/wp-json\/wp\/v2\/users\/1"}],"replies":[{"embeddable":true,"href":"https:\/\/www.lovatoelectric.com\/ca_fr\/wp-json\/wp\/v2\/comments?post=141320"}],"version-history":[{"count":0,"href":"https:\/\/www.lovatoelectric.com\/ca_fr\/wp-json\/wp\/v2\/pages\/141320\/revisions"}],"up":[{"embeddable":true,"href":"https:\/\/www.lovatoelectric.com\/ca_fr\/wp-json\/wp\/v2\/pages\/26173"}],"wp:attachment":[{"href":"https:\/\/www.lovatoelectric.com\/ca_fr\/wp-json\/wp\/v2\/media?parent=141320"}],"curies":[{"name":"wp","href":"https:\/\/api.w.org\/{rel}","templated":true}]}}