{"id":169132,"date":"2021-10-22T14:21:02","date_gmt":"2021-10-22T12:21:02","guid":{"rendered":"https:\/\/www.lovatoelectric.com\/news-events\/product-news\/"},"modified":"2025-11-28T10:41:59","modified_gmt":"2025-11-28T09:41:59","slug":"noticias-sobre-produtos","status":"publish","type":"page","link":"https:\/\/www.lovatoelectric.com\/br_pt\/noticias-e-eventos\/noticias-sobre-produtos\/","title":{"rendered":"Not\u00edcias sobre produtos"},"content":{"rendered":"<div class=\"fusion-fullwidth fullwidth-box fusion-builder-row-1 fusion-flex-container nonhundred-percent-fullwidth non-hundred-percent-height-scrolling\" style=\"--awb-border-radius-top-left:0px;--awb-border-radius-top-right:0px;--awb-border-radius-bottom-right:0px;--awb-border-radius-bottom-left:0px;--awb-flex-wrap:wrap;\" ><div class=\"fusion-builder-row fusion-row fusion-flex-align-items-flex-start fusion-flex-content-wrap\" style=\"max-width:1320.8px;margin-left: calc(-4% \/ 2 );margin-right: calc(-4% \/ 2 );\"><div class=\"fusion-layout-column fusion_builder_column fusion-builder-column-0 fusion_builder_column_1_1 1_1 fusion-flex-column\" style=\"--awb-bg-size:cover;--awb-width-large:100%;--awb-margin-top-large:0px;--awb-spacing-right-large:1.92%;--awb-margin-bottom-large:0px;--awb-spacing-left-large:1.92%;--awb-width-medium:100%;--awb-spacing-right-medium:1.92%;--awb-spacing-left-medium:1.92%;--awb-width-small:100%;--awb-spacing-right-small:1.92%;--awb-spacing-left-small:1.92%;\"><div class=\"fusion-column-wrapper fusion-flex-justify-content-flex-start fusion-content-layout-column\"><div class=\"fusion-title title fusion-title-1 fusion-sep-none fusion-title-text fusion-title-size-two\"><h2 class=\"fusion-title-heading title-heading-left\" style=\"margin:0;\">Not\u00edcias sobre produtos<\/h2><\/div><div class=\"fusion-blog-shortcode fusion-blog-shortcode-1 fusion-blog-archive fusion-blog-layout-grid-wrapper fusion-blog-infinite\"><style type=\"text\/css\">.fusion-blog-shortcode-1 .fusion-blog-layout-grid .fusion-post-grid{padding:20px;}.fusion-blog-shortcode-1 .fusion-posts-container{margin-left: -20px !important; margin-right:-20px !important;}<\/style><div class=\"fusion-posts-container fusion-posts-container-infinite fusion-posts-container-load-more fusion-no-meta-info fusion-blog-rollover fusion-blog-layout-grid fusion-blog-layout-grid-3 isotope fusion-blog-equal-heights\" data-pages=\"1\" data-grid-col-space=\"40\" style=\"margin: -20px -20px 0;min-height:500px;\"><article id=\"blog-1-post-168919\" class=\"fusion-post-grid post-168919 post type-post status-publish format-standard has-post-thumbnail hentry category-home_big-br_pt category-product-news-br_pt\">\n<div class=\"fusion-post-wrapper\" style=\"background-color:rgba(255,255,255,0);border:none;\">\n\n\t\t\t<div class=\"fusion-flexslider flexslider fusion-flexslider-loading fusion-post-slideshow\" style=\"border-color:rgba(40,45,51,0);\">\n\t\t<ul class=\"slides\">\n\t\t\t\n\t\t\t\t\t\t\t\t\t\t\t\t\t\t<li><div  class=\"fusion-image-wrapper\" aria-haspopup=\"true\">\n\t\t\t\t<img decoding=\"async\" width=\"600\" height=\"400\" src=\"https:\/\/www.lovatoelectric.com\/wp-content\/uploads\/2025\/09\/TMRTC-TMAST-600X400.jpg\" class=\"attachment-full size-full lazyload wp-post-image\" alt=\"\" srcset=\"data:image\/svg+xml,%3Csvg%20xmlns%3D%27http%3A%2F%2Fwww.w3.org%2F2000%2Fsvg%27%20width%3D%27600%27%20height%3D%27400%27%20viewBox%3D%270%200%20600%20400%27%3E%3Crect%20width%3D%27600%27%20height%3D%27400%27%20fill-opacity%3D%220%22%2F%3E%3C%2Fsvg%3E\" data-orig-src=\"https:\/\/www.lovatoelectric.com\/wp-content\/uploads\/2025\/09\/TMRTC-TMAST-600X400.jpg\" data-srcset=\"https:\/\/www.lovatoelectric.com\/wp-content\/uploads\/2025\/09\/TMRTC-TMAST-600X400-200x133.jpg 200w, https:\/\/www.lovatoelectric.com\/wp-content\/uploads\/2025\/09\/TMRTC-TMAST-600X400-400x267.jpg 400w, https:\/\/www.lovatoelectric.com\/wp-content\/uploads\/2025\/09\/TMRTC-TMAST-600X400.jpg 600w\" data-sizes=\"auto\" \/><div class=\"fusion-rollover\">\n\t<div class=\"fusion-rollover-content\">\n\n\t\t\t\t\n\t\t\n\t\t\t\t\t\t\t\t\n\t\t\t\t\t\t\t\t\n\t\t\n\t\t\t\t\t\t<a class=\"fusion-link-wrapper\" href=\"https:\/\/www.lovatoelectric.com\/br_pt\/rele-horario-semanal-tipo-tmrtc-e-rele-horario-astronomico-tipo-tmast\/\" aria-label=\"Rel\u00e9 hor\u00e1rio semanal tipo TMRTC e rel\u00e9 hor\u00e1rio astron\u00f4mico tipo TMAST\"><\/a>\n\t<\/div>\n<\/div>\n<\/div>\n<\/li>\n\t\t\t\n\t\t\t\n\t\t\t\t\t\t\t\t\t\t\t\t\t\t\t\t\t\t\t\t\t\t\t\t\t\t\t\t\t\t\t\t\t\t\t\t\t\t\t\t\t\t\t\t\t\t\t\t\t\t\t\t\t\t\t\t\t\t\t\t\t\t\t\t\t\t\t\t<\/ul>\n\t<\/div>\n\t<div class=\"fusion-post-content-wrapper\" style=\"padding:30px 0px 10px 0px;\"><div class=\"fusion-post-content post-content\"><h2 class=\"blog-shortcode-post-title entry-title\"><a href=\"https:\/\/www.lovatoelectric.com\/br_pt\/rele-horario-semanal-tipo-tmrtc-e-rele-horario-astronomico-tipo-tmast\/\">Rel\u00e9 hor\u00e1rio semanal tipo TMRTC e rel\u00e9 hor\u00e1rio astron\u00f4mico tipo TMAST<\/a><\/h2><\/div><\/div><div class=\"fusion-clearfix\"><\/div><\/div>\n<\/article>\n<article id=\"blog-1-post-168933\" class=\"fusion-post-grid post-168933 post type-post status-publish format-standard has-post-thumbnail hentry category-home_big-br_pt category-product-news-br_pt\">\n<div class=\"fusion-post-wrapper\" style=\"background-color:rgba(255,255,255,0);border:none;\">\n\n\t\t\t<div class=\"fusion-flexslider flexslider fusion-flexslider-loading fusion-post-slideshow\" style=\"border-color:rgba(40,45,51,0);\">\n\t\t<ul class=\"slides\">\n\t\t\t\n\t\t\t\t\t\t\t\t\t\t\t\t\t\t<li><div  class=\"fusion-image-wrapper\" aria-haspopup=\"true\">\n\t\t\t\t<img decoding=\"async\" width=\"2560\" height=\"1707\" src=\"https:\/\/www.lovatoelectric.com\/wp-content\/uploads\/2025\/07\/TA-600x400-3-scaled.jpg\" class=\"attachment-full size-full lazyload wp-post-image\" alt=\"\" srcset=\"data:image\/svg+xml,%3Csvg%20xmlns%3D%27http%3A%2F%2Fwww.w3.org%2F2000%2Fsvg%27%20width%3D%272560%27%20height%3D%271707%27%20viewBox%3D%270%200%202560%201707%27%3E%3Crect%20width%3D%272560%27%20height%3D%271707%27%20fill-opacity%3D%220%22%2F%3E%3C%2Fsvg%3E\" data-orig-src=\"https:\/\/www.lovatoelectric.com\/wp-content\/uploads\/2025\/07\/TA-600x400-3-scaled.jpg\" data-srcset=\"https:\/\/www.lovatoelectric.com\/wp-content\/uploads\/2025\/07\/TA-600x400-3-200x133.jpg 200w, https:\/\/www.lovatoelectric.com\/wp-content\/uploads\/2025\/07\/TA-600x400-3-400x267.jpg 400w, https:\/\/www.lovatoelectric.com\/wp-content\/uploads\/2025\/07\/TA-600x400-3-600x400.jpg 600w, https:\/\/www.lovatoelectric.com\/wp-content\/uploads\/2025\/07\/TA-600x400-3-800x533.jpg 800w, https:\/\/www.lovatoelectric.com\/wp-content\/uploads\/2025\/07\/TA-600x400-3-1200x800.jpg 1200w, https:\/\/www.lovatoelectric.com\/wp-content\/uploads\/2025\/07\/TA-600x400-3-scaled.jpg 2560w\" data-sizes=\"auto\" \/><div class=\"fusion-rollover\">\n\t<div class=\"fusion-rollover-content\">\n\n\t\t\t\t\n\t\t\n\t\t\t\t\t\t\t\t\n\t\t\t\t\t\t\t\t\n\t\t\n\t\t\t\t\t\t<a class=\"fusion-link-wrapper\" href=\"https:\/\/www.lovatoelectric.com\/br_pt\/transformadores-de-corrente-tipo-nucleo-solido-para-barramentos-serie-dm\/\" aria-label=\"Transformadores de corrente tipo n\u00facleo s\u00f3lido para barramentos \u2013 s\u00e9rie DM\"><\/a>\n\t<\/div>\n<\/div>\n<\/div>\n<\/li>\n\t\t\t\n\t\t\t\n\t\t\t\t\t\t\t\t\t\t\t\t\t\t\t\t\t\t\t\t\t\t\t\t\t\t\t\t\t\t\t\t\t\t\t\t\t\t\t\t\t\t\t\t\t\t\t\t\t\t\t\t\t\t\t\t\t\t\t\t\t\t\t\t\t\t\t\t<\/ul>\n\t<\/div>\n\t<div class=\"fusion-post-content-wrapper\" style=\"padding:30px 0px 10px 0px;\"><div class=\"fusion-post-content post-content\"><h2 class=\"blog-shortcode-post-title entry-title\"><a href=\"https:\/\/www.lovatoelectric.com\/br_pt\/transformadores-de-corrente-tipo-nucleo-solido-para-barramentos-serie-dm\/\">Transformadores de corrente tipo n\u00facleo s\u00f3lido para barramentos \u2013 s\u00e9rie DM<\/a><\/h2><\/div><\/div><div class=\"fusion-clearfix\"><\/div><\/div>\n<\/article>\n<article id=\"blog-1-post-168954\" class=\"fusion-post-grid post-168954 post type-post status-publish format-standard has-post-thumbnail hentry category-home_big-br_pt category-product-news-br_pt\">\n<div class=\"fusion-post-wrapper\" style=\"background-color:rgba(255,255,255,0);border:none;\">\n\n\t\t\t<div class=\"fusion-flexslider flexslider fusion-flexslider-loading fusion-post-slideshow\" style=\"border-color:rgba(40,45,51,0);\">\n\t\t<ul class=\"slides\">\n\t\t\t\n\t\t\t\t\t\t\t\t\t\t\t\t\t\t<li><div  class=\"fusion-image-wrapper\" aria-haspopup=\"true\">\n\t\t\t\t<img decoding=\"async\" width=\"600\" height=\"400\" src=\"https:\/\/www.lovatoelectric.com\/wp-content\/uploads\/2025\/06\/MCCB-600X400-1.jpg\" class=\"attachment-full size-full lazyload wp-post-image\" alt=\"\" srcset=\"data:image\/svg+xml,%3Csvg%20xmlns%3D%27http%3A%2F%2Fwww.w3.org%2F2000%2Fsvg%27%20width%3D%27600%27%20height%3D%27400%27%20viewBox%3D%270%200%20600%20400%27%3E%3Crect%20width%3D%27600%27%20height%3D%27400%27%20fill-opacity%3D%220%22%2F%3E%3C%2Fsvg%3E\" data-orig-src=\"https:\/\/www.lovatoelectric.com\/wp-content\/uploads\/2025\/06\/MCCB-600X400-1.jpg\" data-srcset=\"https:\/\/www.lovatoelectric.com\/wp-content\/uploads\/2025\/06\/MCCB-600X400-1-200x133.jpg 200w, https:\/\/www.lovatoelectric.com\/wp-content\/uploads\/2025\/06\/MCCB-600X400-1-400x267.jpg 400w, https:\/\/www.lovatoelectric.com\/wp-content\/uploads\/2025\/06\/MCCB-600X400-1.jpg 600w\" data-sizes=\"auto\" \/><div class=\"fusion-rollover\">\n\t<div class=\"fusion-rollover-content\">\n\n\t\t\t\t\n\t\t\n\t\t\t\t\t\t\t\t\n\t\t\t\t\t\t\t\t\n\t\t\n\t\t\t\t\t\t<a class=\"fusion-link-wrapper\" href=\"https:\/\/www.lovatoelectric.com\/br_pt\/disjuntores-em-caixa-moldada-serie-p5\/\" aria-label=\"Disjuntores em caixa moldada s\u00e9rie P5\"><\/a>\n\t<\/div>\n<\/div>\n<\/div>\n<\/li>\n\t\t\t\n\t\t\t\n\t\t\t\t\t\t\t\t\t\t\t\t\t\t\t\t\t\t\t\t\t\t\t\t\t\t\t\t\t\t\t\t\t\t\t\t\t\t\t\t\t\t\t\t\t\t\t\t\t\t\t\t\t\t\t\t\t\t\t\t\t\t\t\t\t\t\t\t<\/ul>\n\t<\/div>\n\t<div class=\"fusion-post-content-wrapper\" style=\"padding:30px 0px 10px 0px;\"><div class=\"fusion-post-content post-content\"><h2 class=\"blog-shortcode-post-title entry-title\"><a href=\"https:\/\/www.lovatoelectric.com\/br_pt\/disjuntores-em-caixa-moldada-serie-p5\/\">Disjuntores em caixa moldada s\u00e9rie P5<\/a><\/h2><\/div><\/div><div class=\"fusion-clearfix\"><\/div><\/div>\n<\/article>\n<div class=\"fusion-clearfix\"><\/div><\/div><\/div><\/div><\/div><\/div><\/div>\n","protected":false},"excerpt":{"rendered":"","protected":false},"author":16,"featured_media":0,"parent":168897,"menu_order":0,"comment_status":"closed","ping_status":"closed","template":"","meta":{"footnotes":""},"aioseo_notices":[],"_links":{"self":[{"href":"https:\/\/www.lovatoelectric.com\/br_pt\/wp-json\/wp\/v2\/pages\/169132"}],"collection":[{"href":"https:\/\/www.lovatoelectric.com\/br_pt\/wp-json\/wp\/v2\/pages"}],"about":[{"href":"https:\/\/www.lovatoelectric.com\/br_pt\/wp-json\/wp\/v2\/types\/page"}],"author":[{"embeddable":true,"href":"https:\/\/www.lovatoelectric.com\/br_pt\/wp-json\/wp\/v2\/users\/16"}],"replies":[{"embeddable":true,"href":"https:\/\/www.lovatoelectric.com\/br_pt\/wp-json\/wp\/v2\/comments?post=169132"}],"version-history":[{"count":1,"href":"https:\/\/www.lovatoelectric.com\/br_pt\/wp-json\/wp\/v2\/pages\/169132\/revisions"}],"predecessor-version":[{"id":169133,"href":"https:\/\/www.lovatoelectric.com\/br_pt\/wp-json\/wp\/v2\/pages\/169132\/revisions\/169133"}],"up":[{"embeddable":true,"href":"https:\/\/www.lovatoelectric.com\/br_pt\/wp-json\/wp\/v2\/pages\/168897"}],"wp:attachment":[{"href":"https:\/\/www.lovatoelectric.com\/br_pt\/wp-json\/wp\/v2\/media?parent=169132"}],"curies":[{"name":"wp","href":"https:\/\/api.w.org\/{rel}","templated":true}]}}