{"id":169119,"date":"2021-10-22T14:21:16","date_gmt":"2021-10-22T12:21:16","guid":{"rendered":"https:\/\/www.lovatoelectric.com\/news-events\/company-news\/"},"modified":"2025-11-28T10:14:18","modified_gmt":"2025-11-28T09:14:18","slug":"company-news","status":"publish","type":"page","link":"https:\/\/www.lovatoelectric.com\/br_pt\/noticias-e-eventos\/company-news\/","title":{"rendered":"Not\u00edcias da empresa"},"content":{"rendered":"<div class=\"fusion-fullwidth fullwidth-box fusion-builder-row-1 fusion-flex-container nonhundred-percent-fullwidth non-hundred-percent-height-scrolling\" style=\"--awb-border-radius-top-left:0px;--awb-border-radius-top-right:0px;--awb-border-radius-bottom-right:0px;--awb-border-radius-bottom-left:0px;--awb-flex-wrap:wrap;\" ><div class=\"fusion-builder-row fusion-row fusion-flex-align-items-flex-start fusion-flex-content-wrap\" style=\"max-width:1320.8px;margin-left: calc(-4% \/ 2 );margin-right: calc(-4% \/ 2 );\"><div class=\"fusion-layout-column fusion_builder_column fusion-builder-column-0 fusion_builder_column_1_1 1_1 fusion-flex-column\" style=\"--awb-bg-size:cover;--awb-width-large:100%;--awb-margin-top-large:0px;--awb-spacing-right-large:1.92%;--awb-margin-bottom-large:0px;--awb-spacing-left-large:1.92%;--awb-width-medium:100%;--awb-spacing-right-medium:1.92%;--awb-spacing-left-medium:1.92%;--awb-width-small:100%;--awb-spacing-right-small:1.92%;--awb-spacing-left-small:1.92%;\"><div class=\"fusion-column-wrapper fusion-flex-justify-content-flex-start fusion-content-layout-column\"><div class=\"fusion-title title fusion-title-1 fusion-sep-none fusion-title-text fusion-title-size-two\"><h2 class=\"fusion-title-heading title-heading-left\" style=\"margin:0;\">Not\u00edcias da empresa<\/h2><\/div><div class=\"fusion-blog-shortcode fusion-blog-shortcode-1 fusion-blog-archive fusion-blog-layout-grid-wrapper fusion-blog-infinite\"><style type=\"text\/css\">.fusion-blog-shortcode-1 .fusion-blog-layout-grid .fusion-post-grid{padding:20px;}.fusion-blog-shortcode-1 .fusion-posts-container{margin-left: -20px !important; margin-right:-20px !important;}<\/style><div class=\"fusion-posts-container fusion-posts-container-infinite fusion-posts-container-load-more fusion-no-meta-info fusion-blog-rollover fusion-blog-layout-grid fusion-blog-layout-grid-3 isotope fusion-blog-equal-heights\" data-pages=\"1\" data-grid-col-space=\"40\" style=\"margin: -20px -20px 0;min-height:500px;\"><article id=\"blog-1-post-168963\" class=\"fusion-post-grid post-168963 post type-post status-publish format-standard has-post-thumbnail hentry category-comunicati-stampa-br_pt category-news-br_pt category-uncategorized-br_pt\">\n<div class=\"fusion-post-wrapper\" style=\"background-color:rgba(255,255,255,0);border:none;\">\n\n\t\t\t<div class=\"fusion-flexslider flexslider fusion-flexslider-loading fusion-post-slideshow\" style=\"border-color:rgba(40,45,51,0);\">\n\t\t<ul class=\"slides\">\n\t\t\t\n\t\t\t\t\t\t\t\t\t\t\t\t\t\t<li><div  class=\"fusion-image-wrapper\" aria-haspopup=\"true\">\n\t\t\t\t<img decoding=\"async\" width=\"600\" height=\"400\" src=\"https:\/\/www.lovatoelectric.com\/wp-content\/uploads\/2025\/09\/filiale_polacca.jpg\" class=\"attachment-full size-full lazyload wp-post-image\" alt=\"\" srcset=\"data:image\/svg+xml,%3Csvg%20xmlns%3D%27http%3A%2F%2Fwww.w3.org%2F2000%2Fsvg%27%20width%3D%27600%27%20height%3D%27400%27%20viewBox%3D%270%200%20600%20400%27%3E%3Crect%20width%3D%27600%27%20height%3D%27400%27%20fill-opacity%3D%220%22%2F%3E%3C%2Fsvg%3E\" data-orig-src=\"https:\/\/www.lovatoelectric.com\/wp-content\/uploads\/2025\/09\/filiale_polacca.jpg\" data-srcset=\"https:\/\/www.lovatoelectric.com\/wp-content\/uploads\/2025\/09\/filiale_polacca-200x133.jpg 200w, https:\/\/www.lovatoelectric.com\/wp-content\/uploads\/2025\/09\/filiale_polacca-400x267.jpg 400w, https:\/\/www.lovatoelectric.com\/wp-content\/uploads\/2025\/09\/filiale_polacca.jpg 600w\" data-sizes=\"auto\" \/><div class=\"fusion-rollover\">\n\t<div class=\"fusion-rollover-content\">\n\n\t\t\t\t\n\t\t\n\t\t\t\t\t\t\t\t\n\t\t\t\t\t\t\t\t\n\t\t\n\t\t\t\t\t\t<a class=\"fusion-link-wrapper\" href=\"https:\/\/www.lovatoelectric.com\/br_pt\/a-lovato-electric-celebra-o-20o-aniversario-de-sua-filial-na-polonia\/\" aria-label=\"A LOVATO Electric celebra o 20\u00ba anivers\u00e1rio de sua filial na Pol\u00f4nia\"><\/a>\n\t<\/div>\n<\/div>\n<\/div>\n<\/li>\n\t\t\t\n\t\t\t\n\t\t\t\t\t\t\t\t\t\t\t\t\t\t\t\t\t\t\t\t\t\t\t\t\t\t\t\t\t\t\t\t\t\t\t\t\t\t\t\t\t\t\t\t\t\t\t\t\t\t\t\t\t\t\t\t\t\t\t\t\t\t\t\t\t\t\t\t<\/ul>\n\t<\/div>\n\t<div class=\"fusion-post-content-wrapper\" style=\"padding:30px 0px 10px 0px;\"><div class=\"fusion-post-content post-content\"><h2 class=\"blog-shortcode-post-title entry-title\"><a href=\"https:\/\/www.lovatoelectric.com\/br_pt\/a-lovato-electric-celebra-o-20o-aniversario-de-sua-filial-na-polonia\/\">A LOVATO Electric celebra o 20\u00ba anivers\u00e1rio de sua filial na Pol\u00f4nia<\/a><\/h2><\/div><\/div><div class=\"fusion-clearfix\"><\/div><\/div>\n<\/article>\n<article id=\"blog-1-post-168966\" class=\"fusion-post-grid post-168966 post type-post status-publish format-standard has-post-thumbnail hentry category-news-br_pt category-uncategorized-br_pt\">\n<div class=\"fusion-post-wrapper\" style=\"background-color:rgba(255,255,255,0);border:none;\">\n\n\t\t\t<div class=\"fusion-flexslider flexslider fusion-flexslider-loading fusion-post-slideshow\" style=\"border-color:rgba(40,45,51,0);\">\n\t\t<ul class=\"slides\">\n\t\t\t\n\t\t\t\t\t\t\t\t\t\t\t\t\t\t<li><div  class=\"fusion-image-wrapper\" aria-haspopup=\"true\">\n\t\t\t\t<img decoding=\"async\" width=\"600\" height=\"400\" src=\"https:\/\/www.lovatoelectric.com\/wp-content\/uploads\/2024\/11\/thumb.jpg\" class=\"attachment-full size-full lazyload wp-post-image\" alt=\"\" srcset=\"data:image\/svg+xml,%3Csvg%20xmlns%3D%27http%3A%2F%2Fwww.w3.org%2F2000%2Fsvg%27%20width%3D%27600%27%20height%3D%27400%27%20viewBox%3D%270%200%20600%20400%27%3E%3Crect%20width%3D%27600%27%20height%3D%27400%27%20fill-opacity%3D%220%22%2F%3E%3C%2Fsvg%3E\" data-orig-src=\"https:\/\/www.lovatoelectric.com\/wp-content\/uploads\/2024\/11\/thumb.jpg\" data-srcset=\"https:\/\/www.lovatoelectric.com\/wp-content\/uploads\/2024\/11\/thumb-200x133.jpg 200w, https:\/\/www.lovatoelectric.com\/wp-content\/uploads\/2024\/11\/thumb-400x267.jpg 400w, https:\/\/www.lovatoelectric.com\/wp-content\/uploads\/2024\/11\/thumb.jpg 600w\" data-sizes=\"auto\" \/><div class=\"fusion-rollover\">\n\t<div class=\"fusion-rollover-content\">\n\n\t\t\t\t\n\t\t\n\t\t\t\t\t\t\t\t\n\t\t\t\t\t\t\t\t\n\t\t\n\t\t\t\t\t\t<a class=\"fusion-link-wrapper\" href=\"https:\/\/www.lovatoelectric.com\/br_pt\/lovato-lab-reconhecido-como-ctf2-pela-acae\/\" aria-label=\"LOVATO LAB reconhecido como CTF2 pela ACAE\"><\/a>\n\t<\/div>\n<\/div>\n<\/div>\n<\/li>\n\t\t\t\n\t\t\t\n\t\t\t\t\t\t\t\t\t\t\t\t\t\t\t\t\t\t\t\t\t\t\t\t\t\t\t\t\t\t\t\t\t\t\t\t\t\t\t\t\t\t\t\t\t\t\t\t\t\t\t\t\t\t\t\t\t\t\t\t\t\t\t\t\t\t\t\t<\/ul>\n\t<\/div>\n\t<div class=\"fusion-post-content-wrapper\" style=\"padding:30px 0px 10px 0px;\"><div class=\"fusion-post-content post-content\"><h2 class=\"blog-shortcode-post-title entry-title\"><a href=\"https:\/\/www.lovatoelectric.com\/br_pt\/lovato-lab-reconhecido-como-ctf2-pela-acae\/\">LOVATO LAB reconhecido como CTF2 pela ACAE<\/a><\/h2><\/div><\/div><div class=\"fusion-clearfix\"><\/div><\/div>\n<\/article>\n<article id=\"blog-1-post-168974\" class=\"fusion-post-grid post-168974 post type-post status-publish format-standard has-post-thumbnail hentry category-news-br_pt category-uncategorized-br_pt\">\n<div class=\"fusion-post-wrapper\" style=\"background-color:rgba(255,255,255,0);border:none;\">\n\n\t\t\t<div class=\"fusion-flexslider flexslider fusion-flexslider-loading fusion-post-slideshow\" style=\"border-color:rgba(40,45,51,0);\">\n\t\t<ul class=\"slides\">\n\t\t\t\n\t\t\t\t\t\t\t\t\t\t\t\t\t\t<li><div  class=\"fusion-image-wrapper\" aria-haspopup=\"true\">\n\t\t\t\t<img decoding=\"async\" width=\"600\" height=\"400\" src=\"https:\/\/www.lovatoelectric.com\/wp-content\/uploads\/2024\/10\/LOVATO-Plastic-foto-di-gruppo-1.jpg\" class=\"attachment-full size-full lazyload wp-post-image\" alt=\"\" srcset=\"data:image\/svg+xml,%3Csvg%20xmlns%3D%27http%3A%2F%2Fwww.w3.org%2F2000%2Fsvg%27%20width%3D%27600%27%20height%3D%27400%27%20viewBox%3D%270%200%20600%20400%27%3E%3Crect%20width%3D%27600%27%20height%3D%27400%27%20fill-opacity%3D%220%22%2F%3E%3C%2Fsvg%3E\" data-orig-src=\"https:\/\/www.lovatoelectric.com\/wp-content\/uploads\/2024\/10\/LOVATO-Plastic-foto-di-gruppo-1.jpg\" data-srcset=\"https:\/\/www.lovatoelectric.com\/wp-content\/uploads\/2024\/10\/LOVATO-Plastic-foto-di-gruppo-1-200x133.jpg 200w, https:\/\/www.lovatoelectric.com\/wp-content\/uploads\/2024\/10\/LOVATO-Plastic-foto-di-gruppo-1-400x267.jpg 400w, https:\/\/www.lovatoelectric.com\/wp-content\/uploads\/2024\/10\/LOVATO-Plastic-foto-di-gruppo-1.jpg 600w\" data-sizes=\"auto\" \/><div class=\"fusion-rollover\">\n\t<div class=\"fusion-rollover-content\">\n\n\t\t\t\t\n\t\t\n\t\t\t\t\t\t\t\t\n\t\t\t\t\t\t\t\t\n\t\t\n\t\t\t\t\t\t<a class=\"fusion-link-wrapper\" href=\"https:\/\/www.lovatoelectric.com\/br_pt\/lovato-plastic-inicio-da-construcao-de-um-novo-edificio-na-sede-em-bergamo-italia\/\" aria-label=\"LOVATO Plastic: in\u00edcio da constru\u00e7\u00e3o de um novo edif\u00edcio na sede em B\u00e9rgamo (It\u00e1lia)\"><\/a>\n\t<\/div>\n<\/div>\n<\/div>\n<\/li>\n\t\t\t\n\t\t\t\n\t\t\t\t\t\t\t\t\t\t\t\t\t\t\t\t\t\t\t\t\t\t\t\t\t\t\t\t\t\t\t\t\t\t\t\t\t\t\t\t\t\t\t\t\t\t\t\t\t\t\t\t\t\t\t\t\t\t\t\t\t\t\t\t\t\t\t\t<\/ul>\n\t<\/div>\n\t<div class=\"fusion-post-content-wrapper\" style=\"padding:30px 0px 10px 0px;\"><div class=\"fusion-post-content post-content\"><h2 class=\"blog-shortcode-post-title entry-title\"><a href=\"https:\/\/www.lovatoelectric.com\/br_pt\/lovato-plastic-inicio-da-construcao-de-um-novo-edificio-na-sede-em-bergamo-italia\/\">LOVATO Plastic: in\u00edcio da constru\u00e7\u00e3o de um novo edif\u00edcio na sede em B\u00e9rgamo (It\u00e1lia)<\/a><\/h2><\/div><\/div><div class=\"fusion-clearfix\"><\/div><\/div>\n<\/article>\n<article id=\"blog-1-post-168979\" class=\"fusion-post-grid post-168979 post type-post status-publish format-standard has-post-thumbnail hentry category-news-br_pt category-uncategorized-br_pt\">\n<div class=\"fusion-post-wrapper\" style=\"background-color:rgba(255,255,255,0);border:none;\">\n\n\t\t\t<div class=\"fusion-flexslider flexslider fusion-flexslider-loading fusion-post-slideshow\" style=\"border-color:rgba(40,45,51,0);\">\n\t\t<ul class=\"slides\">\n\t\t\t\n\t\t\t\t\t\t\t\t\t\t\t\t\t\t<li><div  class=\"fusion-image-wrapper\" aria-haspopup=\"true\">\n\t\t\t\t<img decoding=\"async\" width=\"600\" height=\"400\" src=\"https:\/\/www.lovatoelectric.com\/wp-content\/uploads\/2024\/10\/thumb.jpg\" class=\"attachment-full size-full lazyload wp-post-image\" alt=\"\" srcset=\"data:image\/svg+xml,%3Csvg%20xmlns%3D%27http%3A%2F%2Fwww.w3.org%2F2000%2Fsvg%27%20width%3D%27600%27%20height%3D%27400%27%20viewBox%3D%270%200%20600%20400%27%3E%3Crect%20width%3D%27600%27%20height%3D%27400%27%20fill-opacity%3D%220%22%2F%3E%3C%2Fsvg%3E\" data-orig-src=\"https:\/\/www.lovatoelectric.com\/wp-content\/uploads\/2024\/10\/thumb.jpg\" data-srcset=\"https:\/\/www.lovatoelectric.com\/wp-content\/uploads\/2024\/10\/thumb-200x133.jpg 200w, https:\/\/www.lovatoelectric.com\/wp-content\/uploads\/2024\/10\/thumb-400x267.jpg 400w, https:\/\/www.lovatoelectric.com\/wp-content\/uploads\/2024\/10\/thumb.jpg 600w\" data-sizes=\"auto\" \/><div class=\"fusion-rollover\">\n\t<div class=\"fusion-rollover-content\">\n\n\t\t\t\t\n\t\t\n\t\t\t\t\t\t\t\t\n\t\t\t\t\t\t\t\t\n\t\t\n\t\t\t\t\t\t<a class=\"fusion-link-wrapper\" href=\"https:\/\/www.lovatoelectric.com\/br_pt\/supplier-day-da-lovato-electric\/\" aria-label=\"Supplier Day da LOVATO Electric\"><\/a>\n\t<\/div>\n<\/div>\n<\/div>\n<\/li>\n\t\t\t\n\t\t\t\n\t\t\t\t\t\t\t\t\t\t\t\t\t\t\t\t\t\t\t\t\t\t\t\t\t\t\t\t\t\t\t\t\t\t\t\t\t\t\t\t\t\t\t\t\t\t\t\t\t\t\t\t\t\t\t\t\t\t\t\t\t\t\t\t\t\t\t\t<\/ul>\n\t<\/div>\n\t<div class=\"fusion-post-content-wrapper\" style=\"padding:30px 0px 10px 0px;\"><div class=\"fusion-post-content post-content\"><h2 class=\"blog-shortcode-post-title entry-title\"><a href=\"https:\/\/www.lovatoelectric.com\/br_pt\/supplier-day-da-lovato-electric\/\">Supplier Day da LOVATO Electric<\/a><\/h2><\/div><\/div><div class=\"fusion-clearfix\"><\/div><\/div>\n<\/article>\n<div class=\"fusion-clearfix\"><\/div><\/div><\/div><\/div><\/div><\/div><\/div>\n","protected":false},"excerpt":{"rendered":"","protected":false},"author":16,"featured_media":0,"parent":168897,"menu_order":0,"comment_status":"closed","ping_status":"closed","template":"","meta":{"footnotes":""},"aioseo_notices":[],"_links":{"self":[{"href":"https:\/\/www.lovatoelectric.com\/br_pt\/wp-json\/wp\/v2\/pages\/169119"}],"collection":[{"href":"https:\/\/www.lovatoelectric.com\/br_pt\/wp-json\/wp\/v2\/pages"}],"about":[{"href":"https:\/\/www.lovatoelectric.com\/br_pt\/wp-json\/wp\/v2\/types\/page"}],"author":[{"embeddable":true,"href":"https:\/\/www.lovatoelectric.com\/br_pt\/wp-json\/wp\/v2\/users\/16"}],"replies":[{"embeddable":true,"href":"https:\/\/www.lovatoelectric.com\/br_pt\/wp-json\/wp\/v2\/comments?post=169119"}],"version-history":[{"count":1,"href":"https:\/\/www.lovatoelectric.com\/br_pt\/wp-json\/wp\/v2\/pages\/169119\/revisions"}],"predecessor-version":[{"id":169120,"href":"https:\/\/www.lovatoelectric.com\/br_pt\/wp-json\/wp\/v2\/pages\/169119\/revisions\/169120"}],"up":[{"embeddable":true,"href":"https:\/\/www.lovatoelectric.com\/br_pt\/wp-json\/wp\/v2\/pages\/168897"}],"wp:attachment":[{"href":"https:\/\/www.lovatoelectric.com\/br_pt\/wp-json\/wp\/v2\/media?parent=169119"}],"curies":[{"name":"wp","href":"https:\/\/api.w.org\/{rel}","templated":true}]}}